
{"id":61393,"date":"2023-09-26T13:07:24","date_gmt":"2023-09-26T11:07:24","guid":{"rendered":"https:\/\/stonehouse.se\/produkt\/elslutbleck-step-28e-vanster-omvand-12v-9mm-regel\/"},"modified":"2026-04-08T16:28:33","modified_gmt":"2026-04-08T14:28:33","slug":"elslutbleck-step-28e-vanster-omvand-12v-9mm-regel","status":"publish","type":"product","link":"https:\/\/stonehouse.se\/en\/product\/elslutbleck-step-28e-vanster-omvand-12v-9mm-regel\/","title":{"rendered":"Elslutbleck STEP 28E V\u00e4nster Omv\u00e4nd 12V 9mm Regel"},"content":{"rendered":"<h1>Elslutbleck STEP 28E V\u00e4nster Omv\u00e4nd 12V 9mm Regel<\/h1>\n<p>STEP 28E Secure elslutbleck med omv\u00e4nd funktion f\u00f6r v\u00e4nsterh\u00e4ngda d\u00f6rrar och 9 mm kolv i Connect-serien. Brandklass E\/EI 60. Inkl. 5 m kabel.<\/p>\n<p class=\"\" data-start=\"223\" data-end=\"636\">Elslutbleck STEP 28E Secure \u00e4r konstruerat f\u00f6r att m\u00f6ta mycket h\u00f6ga krav p\u00e5 s\u00e4kerhet, utrymning och brandklassning.<\/p>\n<p class=\"\" data-start=\"223\" data-end=\"636\">Med sin omv\u00e4nda funktion \u2013 vilket inneb\u00e4r att blecket \u00e4r ol\u00e5st vid str\u00f6mbortfall \u2013 \u00e4r det ett idealiskt val f\u00f6r utrymningsd\u00f6rrar i milj\u00f6er d\u00e4r s\u00e4kerheten inte f\u00e5r \u00e4ventyras.<\/p>\n<p class=\"\" data-start=\"223\" data-end=\"636\">Blecket \u00e4r s\u00e4rskilt anpassat f\u00f6r v\u00e4nsterh\u00e4ngda d\u00f6rrar med 9 mm kolv i Connect-serien.<\/p>\n<p class=\"\" data-start=\"638\" data-end=\"929\">Tack vare den h\u00f6ga bryth\u00e5llfastheten p\u00e5 \u00f6ver 15 kN och STEPs listtrycksteknik, s\u00e4kerst\u00e4lls p\u00e5litlig funktion \u00e4ven under tryck fr\u00e5n d\u00f6rrlister upp till 500 kg.<\/p>\n<p class=\"\" data-start=\"638\" data-end=\"929\">Detta g\u00f6r STEP 28E l\u00e4mpligt f\u00f6r installationer med d\u00f6rrautomatik, draghandtag och kombination med n\u00f6dutrymningsl\u00e5s enligt SS-EN 179.<\/p>\n<p class=\"\" data-start=\"931\" data-end=\"1211\">Elslutblecket har b\u00e5de kolv- och sp\u00e4rrkontakt, vilket m\u00f6jligg\u00f6r exakt indikering av d\u00f6rrens status \u2013 perfekt f\u00f6r integrering med larm- eller passersystem.<\/p>\n<p class=\"\" data-start=\"931\" data-end=\"1211\">Det \u00e4r \u00e4ven brandgodk\u00e4nt enligt E\/EI 60, vilket s\u00e4kerst\u00e4ller att det bibeh\u00e5ller sin funktion i upp till 60 minuter vid brand.<\/p>\n<p class=\"\" data-start=\"1213\" data-end=\"1322\">Levereras komplett med 5 meter halogenfri anslutningskabel och \u00e4r knacks\u00e4krad f\u00f6r \u00f6kad manipulationst\u00e5lighet.<\/p>\n<p class=\"\" data-start=\"1324\" data-end=\"1352\"><strong data-start=\"1324\" data-end=\"1350\">Egenskaper &amp; F\u00f6rdelar:<\/strong><\/p>\n<ul data-start=\"1353\" data-end=\"1616\">\n<li class=\"\" data-start=\"1353\" data-end=\"1387\">\n<p class=\"\" data-start=\"1355\" data-end=\"1387\">F\u00f6r 9 mm kolv i Connect-serien<\/p>\n<\/li>\n<li class=\"\" data-start=\"1388\" data-end=\"1433\">\n<p class=\"\" data-start=\"1390\" data-end=\"1433\">Omv\u00e4nd funktion \u2013 ol\u00e5st vid str\u00f6mbortfall<\/p>\n<\/li>\n<li class=\"\" data-start=\"1434\" data-end=\"1462\">\n<p class=\"\" data-start=\"1436\" data-end=\"1462\">F\u00f6r v\u00e4nsterh\u00e4ngda d\u00f6rrar<\/p>\n<\/li>\n<li class=\"\" data-start=\"1463\" data-end=\"1485\">\n<p class=\"\" data-start=\"1465\" data-end=\"1485\">Brandklass E\/EI 60<\/p>\n<\/li>\n<li class=\"\" data-start=\"1486\" data-end=\"1527\">\n<p class=\"\" data-start=\"1488\" data-end=\"1527\">Kolv- och sp\u00e4rrkontakt f\u00f6r indikering<\/p>\n<\/li>\n<li class=\"\" data-start=\"1528\" data-end=\"1554\">\n<p class=\"\" data-start=\"1530\" data-end=\"1554\">Bryth\u00e5llfasthet: 15 kN<\/p>\n<\/li>\n<li class=\"\" data-start=\"1555\" data-end=\"1585\">\n<p class=\"\" data-start=\"1557\" data-end=\"1585\">Listtryckst\u00e5lighet: 500 kg<\/p>\n<\/li>\n<li class=\"\" data-start=\"1586\" data-end=\"1616\">\n<p class=\"\" data-start=\"1588\" data-end=\"1616\">Inkl. 5 m halogenfri kabel<\/p>\n<\/li>\n<\/ul>","protected":false},"excerpt":{"rendered":"<p>H\u00e4r kan se vilka stolpar och modeller som passar ihop fr\u00e5n STEP sortimentet av Elslutbleck.<\/p>\n<h5><strong><a href=\"https:\/\/steplock.com\/sv\/stolpguide\/#!?lang=sv&amp;blog_id=1&amp;paged=1&amp;number=50\" target=\"_blank\" rel=\"noopener\">STEP Stolpguide\u00a0<\/a><\/strong><\/h5>\n<h5><strong><a href=\"https:\/\/steplock.com\/sv\/projekteringsguide\/#!?lang=sv&amp;blog_id=1&amp;paged=1&amp;number=999\" target=\"_blank\" rel=\"noopener\">STEP projekteringsguide<\/a><\/strong><\/h5>","protected":false},"featured_media":82263,"template":"","meta":{"_acf_changed":false},"product_brand":[],"product_cat":[2313],"product_tag":[3422,3425],"class_list":{"0":"post-61393","1":"product","2":"type-product","3":"status-publish","4":"has-post-thumbnail","6":"product_cat-step-elslutbleck","7":"product_tag-12v","8":"product_tag-omvand","9":"product_shipping_class-tunga-paket","10":"pa_brands-step","11":"tm-no-options","13":"first","14":"onbackorder","15":"sale","16":"taxable","17":"shipping-taxable","18":"product-type-simple"},"acf":[],"_links":{"self":[{"href":"https:\/\/stonehouse.se\/en\/wp-json\/wp\/v2\/product\/61393","targetHints":{"allow":["GET"]}}],"collection":[{"href":"https:\/\/stonehouse.se\/en\/wp-json\/wp\/v2\/product"}],"about":[{"href":"https:\/\/stonehouse.se\/en\/wp-json\/wp\/v2\/types\/product"}],"wp:featuredmedia":[{"embeddable":true,"href":"https:\/\/stonehouse.se\/en\/wp-json\/wp\/v2\/media\/82263"}],"wp:attachment":[{"href":"https:\/\/stonehouse.se\/en\/wp-json\/wp\/v2\/media?parent=61393"}],"wp:term":[{"taxonomy":"product_brand","embeddable":true,"href":"https:\/\/stonehouse.se\/en\/wp-json\/wp\/v2\/product_brand?post=61393"},{"taxonomy":"product_cat","embeddable":true,"href":"https:\/\/stonehouse.se\/en\/wp-json\/wp\/v2\/product_cat?post=61393"},{"taxonomy":"product_tag","embeddable":true,"href":"https:\/\/stonehouse.se\/en\/wp-json\/wp\/v2\/product_tag?post=61393"}],"curies":[{"name":"wp","href":"https:\/\/api.w.org\/{rel}","templated":true}]}}