
{"id":61397,"date":"2023-09-26T13:07:27","date_gmt":"2023-09-26T11:07:27","guid":{"rendered":"https:\/\/stonehouse.se\/produkt\/elslutbleck-step-28e-hoger-rattvand-12v-9mm-regel\/"},"modified":"2026-04-08T16:28:10","modified_gmt":"2026-04-08T14:28:10","slug":"elslutbleck-step-28e-hoger-rattvand-12v-9mm-regel","status":"publish","type":"product","link":"https:\/\/stonehouse.se\/en\/product\/elslutbleck-step-28e-hoger-rattvand-12v-9mm-regel\/","title":{"rendered":"Elslutbleck STEP 28E H\u00f6ger R\u00e4ttv\u00e4nd 12V 9mm Regel"},"content":{"rendered":"<h1>Elslutbleck STEP 28E H\u00f6ger R\u00e4ttv\u00e4nd 12V 9mm Regel<\/h1>\n<p>STEP 28E Secure elslutbleck med r\u00e4ttv\u00e4nd funktion, anpassat f\u00f6r h\u00f6gerh\u00e4ngda d\u00f6rrar och 9 mm kolv i Connect-serien. Brandklass E\/EI 60. Inkl. 5 m kabel.<\/p>\n<p class=\"\" data-start=\"233\" data-end=\"584\">Elslutbleck\u00a0 STEP 28E Secure \u00e4r ett p\u00e5litligt elslutbleck konstruerat f\u00f6r s\u00e4kerhetsmilj\u00f6er d\u00e4r krav p\u00e5 intr\u00e5ngss\u00e4kerhet, brandklassning och utrymning kombineras.<\/p>\n<p class=\"\" data-start=\"233\" data-end=\"584\">Denna modell \u00e4r anpassad f\u00f6r h\u00f6gerh\u00e4ngda d\u00f6rrar med 9 mm kolv i Connect-serien och anv\u00e4nds tillsammans med fallregell\u00e5s eller fallhakregell\u00e5s f\u00f6r maximal l\u00e5sverkan.<\/p>\n<p class=\"\" data-start=\"586\" data-end=\"872\">Med sin r\u00e4ttv\u00e4nda funktion f\u00f6rblir elslutblecket l\u00e5st i str\u00f6ml\u00f6st l\u00e4ge \u2013 en s\u00e4kerhetsfunktion som skyddar d\u00f6rren vid elbortfall.<\/p>\n<p class=\"\" data-start=\"586\" data-end=\"872\">Den \u00e4r certifierad enligt brandteknisk klass E\/EI 60 och \u00e4r ett utm\u00e4rkt val f\u00f6r installationer d\u00e4r d\u00f6rrar ska kombineras med d\u00f6rrautomatik eller draghandtag.<\/p>\n<p class=\"\" data-start=\"874\" data-end=\"1253\">STEP 28E \u00e4r utrustad med b\u00e5de kolvkontakt och sp\u00e4rrkontakt, vilket m\u00f6jligg\u00f6r noggrann \u00f6vervakning av d\u00f6rrens status (\u00f6ppen\/st\u00e4ngd och l\u00e5st\/ol\u00e5st) via passersystem eller larmanl\u00e4ggningar.<\/p>\n<p class=\"\" data-start=\"874\" data-end=\"1253\">Den robusta konstruktionen t\u00e5l bryth\u00e5llfasthet p\u00e5 \u00f6ver 15 kN och fungerar \u00e4ven vid listtryck p\u00e5 upp till 500 kg.<\/p>\n<p class=\"\" data-start=\"874\" data-end=\"1253\">Produkten \u00e4r knacks\u00e4krad och levereras med 5 meter halogenfri anslutningskabel.<\/p>\n<p class=\"\" data-start=\"1255\" data-end=\"1283\"><strong data-start=\"1255\" data-end=\"1281\">Egenskaper &amp; F\u00f6rdelar:<\/strong><\/p>\n<ul data-start=\"1284\" data-end=\"1581\">\n<li class=\"\" data-start=\"1284\" data-end=\"1331\">\n<p class=\"\" data-start=\"1286\" data-end=\"1331\">F\u00f6r regell\u00e5s med 9 mm kolv i Connect-serien<\/p>\n<\/li>\n<li class=\"\" data-start=\"1332\" data-end=\"1377\">\n<p class=\"\" data-start=\"1334\" data-end=\"1377\">R\u00e4ttv\u00e4nd funktion \u2013 l\u00e5st i str\u00f6ml\u00f6st l\u00e4ge<\/p>\n<\/li>\n<li class=\"\" data-start=\"1378\" data-end=\"1413\">\n<p class=\"\" data-start=\"1380\" data-end=\"1413\">Anpassad f\u00f6r h\u00f6gerh\u00e4ngda d\u00f6rrar<\/p>\n<\/li>\n<li class=\"\" data-start=\"1414\" data-end=\"1447\">\n<p class=\"\" data-start=\"1416\" data-end=\"1447\">Brandgodk\u00e4nd upp till E\/EI 60<\/p>\n<\/li>\n<li class=\"\" data-start=\"1448\" data-end=\"1482\">\n<p class=\"\" data-start=\"1450\" data-end=\"1482\">Inbyggd kolv- och sp\u00e4rrkontakt<\/p>\n<\/li>\n<li class=\"\" data-start=\"1483\" data-end=\"1516\">\n<p class=\"\" data-start=\"1485\" data-end=\"1516\">T\u00e5l listtryck upp till 500 kg<\/p>\n<\/li>\n<li class=\"\" data-start=\"1517\" data-end=\"1547\">\n<p class=\"\" data-start=\"1519\" data-end=\"1547\">Bryth\u00e5llfasthet \u00f6ver 15 kN<\/p>\n<\/li>\n<li class=\"\" data-start=\"1548\" data-end=\"1581\">\n<p class=\"\" data-start=\"1550\" data-end=\"1581\">Inkluderar 5 m halogenfri kabel<\/p>\n<\/li>\n<\/ul>","protected":false},"excerpt":{"rendered":"<p>H\u00e4r kan se vilka stolpar och modeller som passar ihop fr\u00e5n STEP sortimentet av Elslutbleck.<\/p>\n<h5><strong><a href=\"https:\/\/steplock.com\/sv\/stolpguide\/#!?lang=sv&amp;blog_id=1&amp;paged=1&amp;number=50\" target=\"_blank\" rel=\"noopener\">STEP Stolpguide\u00a0<\/a><\/strong><\/h5>\n<h5><strong><a href=\"https:\/\/steplock.com\/sv\/projekteringsguide\/#!?lang=sv&amp;blog_id=1&amp;paged=1&amp;number=999\" target=\"_blank\" rel=\"noopener\">STEP projekteringsguide<\/a><\/strong><\/h5>","protected":false},"featured_media":81944,"template":"","meta":{"_acf_changed":false},"product_brand":[],"product_cat":[2313],"product_tag":[3422,3424],"class_list":{"0":"post-61397","1":"product","2":"type-product","3":"status-publish","4":"has-post-thumbnail","6":"product_cat-step-elslutbleck","7":"product_tag-12v","8":"product_tag-rattvand","9":"product_shipping_class-tunga-paket","10":"pa_brands-step","11":"tm-no-options","13":"first","14":"instock","15":"sale","16":"taxable","17":"shipping-taxable","18":"product-type-simple"},"acf":[],"_links":{"self":[{"href":"https:\/\/stonehouse.se\/en\/wp-json\/wp\/v2\/product\/61397","targetHints":{"allow":["GET"]}}],"collection":[{"href":"https:\/\/stonehouse.se\/en\/wp-json\/wp\/v2\/product"}],"about":[{"href":"https:\/\/stonehouse.se\/en\/wp-json\/wp\/v2\/types\/product"}],"wp:featuredmedia":[{"embeddable":true,"href":"https:\/\/stonehouse.se\/en\/wp-json\/wp\/v2\/media\/81944"}],"wp:attachment":[{"href":"https:\/\/stonehouse.se\/en\/wp-json\/wp\/v2\/media?parent=61397"}],"wp:term":[{"taxonomy":"product_brand","embeddable":true,"href":"https:\/\/stonehouse.se\/en\/wp-json\/wp\/v2\/product_brand?post=61397"},{"taxonomy":"product_cat","embeddable":true,"href":"https:\/\/stonehouse.se\/en\/wp-json\/wp\/v2\/product_cat?post=61397"},{"taxonomy":"product_tag","embeddable":true,"href":"https:\/\/stonehouse.se\/en\/wp-json\/wp\/v2\/product_tag?post=61397"}],"curies":[{"name":"wp","href":"https:\/\/api.w.org\/{rel}","templated":true}]}}