
{"id":61409,"date":"2023-09-26T13:07:52","date_gmt":"2023-09-26T11:07:52","guid":{"rendered":"https:\/\/stonehouse.se\/produkt\/elslutbleck-step-29-rattvand-24v\/"},"modified":"2026-04-08T16:13:42","modified_gmt":"2026-04-08T14:13:42","slug":"elslutbleck-step-29-rattvand-24v","status":"publish","type":"product","link":"https:\/\/stonehouse.se\/en\/product\/elslutbleck-step-29-rattvand-24v\/","title":{"rendered":"Elslutbleck STEP 29 R\u00e4ttv\u00e4nd 24V"},"content":{"rendered":"<h1>Elslutbleck STEP 29 R\u00e4ttv\u00e4nd 24V<\/h1>\n<p>STEP 29 Silent \u00e4r ett h\u00f6gs\u00e4kerhetselslutbleck med r\u00e4ttv\u00e4nd funktion och ljudl\u00f6s g\u00e5ng tack vare STEP Silent-teknik.Brandgodk\u00e4nd upp till E\/EI 60 med kolv- och sp\u00e4rrkontakt samt 5 m kabel.<\/p>\n<p class=\"\" data-start=\"257\" data-end=\"614\">Elslutbleck STEP 29 Silent \u00e4r konstruerat f\u00f6r att kombinera h\u00f6g s\u00e4kerhet med en ljudl\u00f6s och mjuk g\u00e5ng i d\u00f6rrmilj\u00f6er med h\u00f6ga krav.<\/p>\n<p class=\"\" data-start=\"257\" data-end=\"614\">Med STEP:s patenterade Silent-teknik erbjuder detta elslutbleck n\u00e4stintill ljudfri funktion \u2013 perfekt f\u00f6r milj\u00f6er d\u00e4r tyst drift \u00e4r avg\u00f6rande, s\u00e5som v\u00e5rd, kontor eller offentliga utrymmen.<\/p>\n<p class=\"\" data-start=\"616\" data-end=\"992\">STEP 29 \u00e4r anpassat f\u00f6r regell\u00e5s och har en r\u00e4ttv\u00e4nd funktion, vilket inneb\u00e4r att den \u00e4r l\u00e5st vid str\u00f6mbortfall.<\/p>\n<p class=\"\" data-start=\"616\" data-end=\"992\">Oavsett om d\u00f6rren \u00f6ppnas elektriskt, manuellt med vred eller nyckel, s\u00e4kerst\u00e4lls alltid \u00e5terl\u00e5sning n\u00e4r d\u00f6rren st\u00e4ngs.<\/p>\n<p class=\"\" data-start=\"616\" data-end=\"992\">Detta sker genom en unik mekanik d\u00e4r regelkolven f\u00f6rst g\u00e5r till halvt utl\u00e5st l\u00e4ge och sedan skjuts ut till full l\u00e4ngd (20 mm) n\u00e4r d\u00f6rren st\u00e4ngs.<\/p>\n<p class=\"\" data-start=\"994\" data-end=\"1296\">Med en bryth\u00e5llfasthet p\u00e5 hela 12 kN och testad f\u00f6r att st\u00e5 emot listtryck p\u00e5 upp till 5 kN, klarar STEP 29 tuffa s\u00e4kerhetskrav.<\/p>\n<p class=\"\" data-start=\"994\" data-end=\"1296\">Produkten \u00e4r brandklassad enligt E\/EI 60 och levereras med 5 meter halogenfri kabel. Inbyggd kolv- och sp\u00e4rrkontakt m\u00f6jligg\u00f6r integrering med passersystem och larml\u00f6sningar.<\/p>\n<p class=\"\" data-start=\"1298\" data-end=\"1324\"><strong data-start=\"1298\" data-end=\"1324\">Egenskaper &amp; F\u00f6rdelar:<\/strong><\/p>\n<ul data-start=\"1325\" data-end=\"1634\">\n<li class=\"\" data-start=\"1325\" data-end=\"1368\">\n<p class=\"\" data-start=\"1327\" data-end=\"1368\">R\u00e4ttv\u00e4nd funktion \u2013 l\u00e5st i str\u00f6ml\u00f6st l\u00e4ge<\/p>\n<\/li>\n<li class=\"\" data-start=\"1369\" data-end=\"1417\">\n<p class=\"\" data-start=\"1371\" data-end=\"1417\">N\u00e4stintill ljudl\u00f6s g\u00e5ng med STEP Silent-teknik<\/p>\n<\/li>\n<li class=\"\" data-start=\"1418\" data-end=\"1451\">\n<p class=\"\" data-start=\"1420\" data-end=\"1451\">Passar h\u00f6ger- och v\u00e4nsterd\u00f6rrar<\/p>\n<\/li>\n<li class=\"\" data-start=\"1452\" data-end=\"1474\">\n<p class=\"\" data-start=\"1454\" data-end=\"1474\">Brandgodk\u00e4nd E\/EI 60<\/p>\n<\/li>\n<li class=\"\" data-start=\"1475\" data-end=\"1514\">\n<p class=\"\" data-start=\"1477\" data-end=\"1514\">Kolv- och sp\u00e4rrkontakt f\u00f6r indikering<\/p>\n<\/li>\n<li class=\"\" data-start=\"1515\" data-end=\"1543\">\n<p class=\"\" data-start=\"1517\" data-end=\"1543\">5 m halogenfri kabel ing\u00e5r<\/p>\n<\/li>\n<li class=\"\" data-start=\"1544\" data-end=\"1567\">\n<p class=\"\" data-start=\"1546\" data-end=\"1567\">Bryth\u00e5llfasthet 12 kN<\/p>\n<\/li>\n<li class=\"\" data-start=\"1568\" data-end=\"1591\">\n<p class=\"\" data-start=\"1570\" data-end=\"1591\">T\u00e5l listtryck p\u00e5 5 kN<\/p>\n<\/li>\n<li class=\"\" data-start=\"1592\" data-end=\"1634\">\n<p class=\"\" data-start=\"1594\" data-end=\"1634\">Rostfri konstruktion med h\u00e4rdat vridfall<\/p>\n<\/li>\n<\/ul>","protected":false},"excerpt":{"rendered":"<p>H\u00e4r kan se vilka stolpar och modeller som passar ihop fr\u00e5n STEP sortimentet av Elslutbleck.<\/p>\n<h5><strong><a href=\"https:\/\/steplock.com\/sv\/stolpguide\/#!?lang=sv&amp;blog_id=1&amp;paged=1&amp;number=50\" target=\"_blank\" rel=\"noopener\">STEP Stolpguide\u00a0<\/a><\/strong><\/h5>\n<h5><strong><a href=\"https:\/\/steplock.com\/sv\/projekteringsguide\/#!?lang=sv&amp;blog_id=1&amp;paged=1&amp;number=999\" target=\"_blank\" rel=\"noopener\">STEP projekteringsguide<\/a><\/strong><\/h5>","protected":false},"featured_media":93944,"template":"","meta":{"_acf_changed":false},"product_brand":[],"product_cat":[2313],"product_tag":[3421,3424],"class_list":{"0":"post-61409","1":"product","2":"type-product","3":"status-publish","4":"has-post-thumbnail","6":"product_cat-step-elslutbleck","7":"product_tag-24v","8":"product_tag-rattvand","9":"product_shipping_class-tunga-paket","10":"pa_brands-step","11":"tm-no-options","13":"first","14":"outofstock","15":"sale","16":"taxable","17":"shipping-taxable","18":"product-type-simple"},"acf":[],"_links":{"self":[{"href":"https:\/\/stonehouse.se\/en\/wp-json\/wp\/v2\/product\/61409","targetHints":{"allow":["GET"]}}],"collection":[{"href":"https:\/\/stonehouse.se\/en\/wp-json\/wp\/v2\/product"}],"about":[{"href":"https:\/\/stonehouse.se\/en\/wp-json\/wp\/v2\/types\/product"}],"wp:featuredmedia":[{"embeddable":true,"href":"https:\/\/stonehouse.se\/en\/wp-json\/wp\/v2\/media\/93944"}],"wp:attachment":[{"href":"https:\/\/stonehouse.se\/en\/wp-json\/wp\/v2\/media?parent=61409"}],"wp:term":[{"taxonomy":"product_brand","embeddable":true,"href":"https:\/\/stonehouse.se\/en\/wp-json\/wp\/v2\/product_brand?post=61409"},{"taxonomy":"product_cat","embeddable":true,"href":"https:\/\/stonehouse.se\/en\/wp-json\/wp\/v2\/product_cat?post=61409"},{"taxonomy":"product_tag","embeddable":true,"href":"https:\/\/stonehouse.se\/en\/wp-json\/wp\/v2\/product_tag?post=61409"}],"curies":[{"name":"wp","href":"https:\/\/api.w.org\/{rel}","templated":true}]}}