
{"id":61415,"date":"2023-09-26T13:07:55","date_gmt":"2023-09-26T11:07:55","guid":{"rendered":"https:\/\/stonehouse.se\/produkt\/elslutbleck-step-18-hoger-omvand-24v-7mm-regel-connect\/"},"modified":"2026-04-08T16:13:29","modified_gmt":"2026-04-08T14:13:29","slug":"elslutbleck-step-18-hoger-omvand-24v-7mm-regel-connect","status":"publish","type":"product","link":"https:\/\/stonehouse.se\/en\/product\/elslutbleck-step-18-hoger-omvand-24v-7mm-regel-connect\/","title":{"rendered":"Elslutbleck STEP 18 H\u00f6ger Omv\u00e4nd 24V 7mm Regel Connect"},"content":{"rendered":"<h1>Elslutbleck STEP 18 H\u00f6ger Omv\u00e4nd 24V 7mm Regel Connect<\/h1>\n<p>STEP 18 Secure \u00e4r ett h\u00f6gs\u00e4kerhetselslutbleck med omv\u00e4nd funktion f\u00f6r h\u00f6gerh\u00e4ngda d\u00f6rrar, anpassat f\u00f6r regell\u00e5s med 7 mm kolv i Connect-serien.Produkten \u00e4r brandgodk\u00e4nd upp till E\/EI60 och levereras med 5 meter halogenfri kabel.<\/p>\n<p class=\"\" data-start=\"315\" data-end=\"847\">STEP 18 Secure \u00e4r utvecklat f\u00f6r att m\u00f6ta de h\u00f6ga krav som st\u00e4lls p\u00e5 s\u00e4kerhet och drifts\u00e4kerhet i milj\u00f6er med frekventa in- och utpasseringar, s\u00e5som s\u00e4kerhetsd\u00f6rrar i f\u00e4ngelser, banker och myndigheter.<\/p>\n<p class=\"\" data-start=\"315\" data-end=\"847\">Detta elslutbleck \u00e4r speciellt designat f\u00f6r h\u00f6gerh\u00e4ngda d\u00f6rrar med 7 mm kolv i Connect-serien.<\/p>\n<p class=\"\" data-start=\"315\" data-end=\"847\">Med sin omv\u00e4nda funktion, vilket inneb\u00e4r att blecket \u00e4r ol\u00e5st i str\u00f6ml\u00f6st l\u00e4ge, m\u00f6jligg\u00f6r det en s\u00e4ker och flexibel uppl\u00e5sning \u00e4ven vid str\u00f6mavbrott \u2013 en egenskap som \u00e4r avg\u00f6rande i utrymningsv\u00e4gar.<\/p>\n<p class=\"\" data-start=\"849\" data-end=\"1387\">STEP 18 Secure \u00e4r brandgodk\u00e4nt upp till E\/EI60 och klarar att motst\u00e5 fysiska p\u00e5frestningar med en bryth\u00e5llfasthet p\u00e5 cirka 1500 kg (15 kN).<\/p>\n<p class=\"\" data-start=\"849\" data-end=\"1387\">Produkten har inbyggd kolvkontakt och sp\u00e4rrkontakt som ger exakt \u00e5terkoppling p\u00e5 om d\u00f6rren \u00e4r \u00f6ppen eller st\u00e4ngd samt l\u00e5st eller ol\u00e5st.<\/p>\n<p class=\"\" data-start=\"849\" data-end=\"1387\">Detta m\u00f6jligg\u00f6r smidig integration med passersystem, larmsystem och annan s\u00e4kerhetsutrustning. Dessutom \u00e4r blecket knacks\u00e4krat och f\u00f6rses med en inbyggd skyddsdiod.<\/p>\n<p class=\"\" data-start=\"849\" data-end=\"1387\">Med en medf\u00f6ljande 5 meter halogenfri anslutningskabel \u00e4r installationen b\u00e5de enkel och flexibel.<\/p>\n<p class=\"\" data-start=\"1389\" data-end=\"1417\"><strong data-start=\"1389\" data-end=\"1415\">Egenskaper &amp; F\u00f6rdelar:<\/strong><\/p>\n<ul data-start=\"1418\" data-end=\"1830\">\n<li class=\"\" data-start=\"1418\" data-end=\"1474\">\n<p class=\"\" data-start=\"1420\" data-end=\"1474\">Anpassat f\u00f6r regell\u00e5s med 7 mm kolv i Connect-serien<\/p>\n<\/li>\n<li class=\"\" data-start=\"1475\" data-end=\"1542\">\n<p class=\"\" data-start=\"1477\" data-end=\"1542\">Omv\u00e4nd funktion \u2013 ol\u00e5st i str\u00f6ml\u00f6st l\u00e4ge f\u00f6r utrymningss\u00e4kerhet<\/p>\n<\/li>\n<li class=\"\" data-start=\"1543\" data-end=\"1579\">\n<p class=\"\" data-start=\"1545\" data-end=\"1579\">Speciellt f\u00f6r h\u00f6gerh\u00e4ngda d\u00f6rrar<\/p>\n<\/li>\n<li class=\"\" data-start=\"1580\" data-end=\"1612\">\n<p class=\"\" data-start=\"1582\" data-end=\"1612\">Brandgodk\u00e4nd upp till E\/EI60<\/p>\n<\/li>\n<li class=\"\" data-start=\"1613\" data-end=\"1668\">\n<p class=\"\" data-start=\"1615\" data-end=\"1668\">Inbyggd kolv- och sp\u00e4rrkontakt f\u00f6r statusindikering<\/p>\n<\/li>\n<li class=\"\" data-start=\"1669\" data-end=\"1713\">\n<p class=\"\" data-start=\"1671\" data-end=\"1713\">Bryth\u00e5llfasthet p\u00e5 cirka 1500 kg (15 kN)<\/p>\n<\/li>\n<li class=\"\" data-start=\"1714\" data-end=\"1750\">\n<p class=\"\" data-start=\"1716\" data-end=\"1750\">Klarar listtryck upp till 500 kg<\/p>\n<\/li>\n<li class=\"\" data-start=\"1751\" data-end=\"1789\">\n<p class=\"\" data-start=\"1753\" data-end=\"1789\">Knacks\u00e4krat med inbyggd skyddsdiod<\/p>\n<\/li>\n<li class=\"\" data-start=\"1790\" data-end=\"1830\">\n<p class=\"\" data-start=\"1792\" data-end=\"1830\">Levereras med 5 meter halogenfri kabel<\/p>\n<\/li>\n<\/ul>\n<p class=\"\" data-start=\"1832\" data-end=\"2217\"><strong data-start=\"1832\" data-end=\"1861\">Tekniska Specifikationer:<\/strong><br data-start=\"1861\" data-end=\"1864\" \/>Driftsp\u00e4nning: 24 V DC (21,6\u201327,6 V)<br data-start=\"1900\" data-end=\"1903\" \/>Str\u00f6mf\u00f6rbrukning: 313 mA ol\u00e5st<br data-start=\"1933\" data-end=\"1936\" \/>Mikrobrytare: Enpoligt v\u00e4xlande, max. 30 V DC, 1 A<br data-start=\"1986\" data-end=\"1989\" \/>Bryth\u00e5llfasthet: 1500 kg<br data-start=\"2013\" data-end=\"2016\" \/>Listtryck: 500 kg<br data-start=\"2033\" data-end=\"2036\" data-is-only-node=\"\" \/>D\u00f6rrh\u00e4ngning: H\u00f6ger<br data-start=\"2055\" data-end=\"2058\" \/>Kabell\u00e4ngd: 5 meter<br data-start=\"2077\" data-end=\"2080\" \/>L\u00e5styp: Hakregell\u00e5s, Dubbelfall\u00e5s<br data-start=\"2113\" data-end=\"2116\" \/>M\u00e5tt (BxDxH): 35 x 40 x 230 mm<br data-start=\"2146\" data-end=\"2149\" \/>F\u00e4rg\/Ytbehandling: Rostfri<br data-start=\"2175\" data-end=\"2178\" \/>Byggvarubed\u00f6md: Ja<br data-start=\"2196\" data-end=\"2199\" \/>SundaHusbed\u00f6md: Ja<\/p>","protected":false},"excerpt":{"rendered":"<p>H\u00e4r kan se vilka stolpar och modeller som passar ihop fr\u00e5n STEP sortimentet av Elslutbleck.<\/p>\n<h5><strong><a href=\"https:\/\/steplock.com\/sv\/stolpguide\/#!?lang=sv&amp;blog_id=1&amp;paged=1&amp;number=50\" target=\"_blank\" rel=\"noopener\">STEP Stolpguide\u00a0<\/a><\/strong><\/h5>\n<h5><strong><a href=\"https:\/\/steplock.com\/sv\/projekteringsguide\/#!?lang=sv&amp;blog_id=1&amp;paged=1&amp;number=999\" target=\"_blank\" rel=\"noopener\">STEP projekteringsguide<\/a><\/strong><\/h5>","protected":false},"featured_media":81911,"template":"","meta":{"_acf_changed":false},"product_brand":[],"product_cat":[2313],"product_tag":[3421,3425],"class_list":{"0":"post-61415","1":"product","2":"type-product","3":"status-publish","4":"has-post-thumbnail","6":"product_cat-step-elslutbleck","7":"product_tag-24v","8":"product_tag-omvand","9":"product_shipping_class-tunga-paket","10":"pa_brands-step","11":"tm-no-options","13":"first","14":"onbackorder","15":"sale","16":"taxable","17":"shipping-taxable","18":"product-type-simple"},"acf":[],"_links":{"self":[{"href":"https:\/\/stonehouse.se\/en\/wp-json\/wp\/v2\/product\/61415","targetHints":{"allow":["GET"]}}],"collection":[{"href":"https:\/\/stonehouse.se\/en\/wp-json\/wp\/v2\/product"}],"about":[{"href":"https:\/\/stonehouse.se\/en\/wp-json\/wp\/v2\/types\/product"}],"wp:featuredmedia":[{"embeddable":true,"href":"https:\/\/stonehouse.se\/en\/wp-json\/wp\/v2\/media\/81911"}],"wp:attachment":[{"href":"https:\/\/stonehouse.se\/en\/wp-json\/wp\/v2\/media?parent=61415"}],"wp:term":[{"taxonomy":"product_brand","embeddable":true,"href":"https:\/\/stonehouse.se\/en\/wp-json\/wp\/v2\/product_brand?post=61415"},{"taxonomy":"product_cat","embeddable":true,"href":"https:\/\/stonehouse.se\/en\/wp-json\/wp\/v2\/product_cat?post=61415"},{"taxonomy":"product_tag","embeddable":true,"href":"https:\/\/stonehouse.se\/en\/wp-json\/wp\/v2\/product_tag?post=61415"}],"curies":[{"name":"wp","href":"https:\/\/api.w.org\/{rel}","templated":true}]}}