
{"id":61436,"date":"2023-09-26T13:08:04","date_gmt":"2023-09-26T11:08:04","guid":{"rendered":"https:\/\/stonehouse.se\/produkt\/elslutbleck-step-48-omvand-24v\/"},"modified":"2026-04-08T16:11:25","modified_gmt":"2026-04-08T14:11:25","slug":"elslutbleck-step-48-omvand-24v","status":"publish","type":"product","link":"https:\/\/stonehouse.se\/en\/product\/elslutbleck-step-48-omvand-24v\/","title":{"rendered":"Elslutbleck STEP 48 Omv\u00e4nd 24V"},"content":{"rendered":"<h1>Elslutbleck STEP 48 Omv\u00e4nd 24V<\/h1>\n<p>STEP 48 Preload \u00e4r ett elslutbleck med omv\u00e4nd funktion f\u00f6r d\u00f6rrar med vred eller nyckel. Kompakt design, listtrycksteknik och h\u00f6g drifts\u00e4kerhet \u2013 perfekt f\u00f6r moderna d\u00f6rrmilj\u00f6er.<\/p>\n<p class=\"\" data-start=\"246\" data-end=\"586\">Elslutbleck STEP 48 Preload \u00e4r ett p\u00e5litligt elslutbleck anpassat f\u00f6r dagl\u00e5sning i milj\u00f6er d\u00e4r d\u00f6rren l\u00e5ses med vred eller nyckel.<\/p>\n<p class=\"\" data-start=\"246\" data-end=\"586\">Denna modell har omv\u00e4nd funktion, vilket inneb\u00e4r att blecket \u00e4r ol\u00e5st vid str\u00f6mbortfall \u2013 en funktion som ofta efterfr\u00e5gas i utrymningsv\u00e4gar och d\u00f6rrar d\u00e4r tillg\u00e4nglighet prioriteras.<\/p>\n<p class=\"\" data-start=\"588\" data-end=\"954\">Elslutblecket \u00e4r utrustat med STEPs patenterade listtrycksteknik, som g\u00f6r att d\u00f6rren kan l\u00e5sa upp \u00e4ven n\u00e4r det finns ett listtryck p\u00e5 upp till 40 kg.<\/p>\n<p class=\"\" data-start=\"588\" data-end=\"954\">Det bidrar till problemfri funktion i d\u00f6rrmilj\u00f6er som ofta uts\u00e4tts f\u00f6r tryck, t.ex. av d\u00f6rrt\u00e4tningar eller \u00f6vertryck.<\/p>\n<p class=\"\" data-start=\"588\" data-end=\"954\">Produkten \u00e4r knacks\u00e4krad och har inbyggd skyddsdiod f\u00f6r s\u00e4ker drift och skydd mot sp\u00e4nningsspikar.<\/p>\n<p class=\"\" data-start=\"956\" data-end=\"1203\">STEP 48 \u00e4r v\u00e4ndbar och kan monteras i b\u00e5de h\u00f6ger- och v\u00e4nsterh\u00e4ngda d\u00f6rrar.<\/p>\n<p class=\"\" data-start=\"956\" data-end=\"1203\">Den \u00e4r \u00e4ven kompatibel med l\u00e5shus med hakregel eller rak regel, och klarar en bryth\u00e5llfasthet p\u00e5 upp till 900 kg, vilket ger ett s\u00e4kert l\u00e5s \u00e4ven i frekvent anv\u00e4nda d\u00f6rrar.<\/p>\n<p class=\"\" data-start=\"1205\" data-end=\"1233\"><strong data-start=\"1205\" data-end=\"1231\">Egenskaper &amp; F\u00f6rdelar:<\/strong><\/p>\n<ul data-start=\"1234\" data-end=\"1512\">\n<li class=\"\" data-start=\"1234\" data-end=\"1278\">\n<p class=\"\" data-start=\"1236\" data-end=\"1278\">Omv\u00e4nd funktion \u2013 ol\u00e5st i str\u00f6ml\u00f6st l\u00e4ge<\/p>\n<\/li>\n<li class=\"\" data-start=\"1279\" data-end=\"1327\">\n<p class=\"\" data-start=\"1281\" data-end=\"1327\">Patenterad listtrycksteknik (upp till 40 kg)<\/p>\n<\/li>\n<li class=\"\" data-start=\"1328\" data-end=\"1379\">\n<p class=\"\" data-start=\"1330\" data-end=\"1379\">Kompatibel med ST4880 regelindikering (tillval)<\/p>\n<\/li>\n<li class=\"\" data-start=\"1380\" data-end=\"1405\">\n<p class=\"\" data-start=\"1382\" data-end=\"1405\">V\u00e4ndbar h\u00f6ger\/v\u00e4nster<\/p>\n<\/li>\n<li class=\"\" data-start=\"1406\" data-end=\"1443\">\n<p class=\"\" data-start=\"1408\" data-end=\"1443\">Skyddsdiod och knacks\u00e4kring ing\u00e5r<\/p>\n<\/li>\n<li class=\"\" data-start=\"1444\" data-end=\"1474\">\n<p class=\"\" data-start=\"1446\" data-end=\"1474\">F\u00f6r hakregel och rak regel<\/p>\n<\/li>\n<li class=\"\" data-start=\"1475\" data-end=\"1512\">\n<p class=\"\" data-start=\"1477\" data-end=\"1512\">H\u00f6g drifts\u00e4kerhet i kompakta m\u00e5tt<\/p>\n<\/li>\n<\/ul>\n<p class=\"\" data-start=\"1514\" data-end=\"1680\"><strong data-start=\"1514\" data-end=\"1537\">Areas of use:<\/strong><br data-start=\"1537\" data-end=\"1540\" \/>Idealisk f\u00f6r utrymmen som beh\u00f6ver s\u00e4ker och drifts\u00e4ker dagl\u00e5sning, t.ex. kontor, korridorer, trapphus, bostadsentr\u00e9er eller utrymningsv\u00e4gar.<\/p>\n<p class=\"\" data-start=\"1682\" data-end=\"2040\"><strong data-start=\"1682\" data-end=\"1711\">Tekniska Specifikationer:<\/strong><br data-start=\"1711\" data-end=\"1714\" \/>Driftsp\u00e4nning: 24 V DC (21,6\u201327,6 V)<br data-start=\"1750\" data-end=\"1753\" \/>Str\u00f6mf\u00f6rbrukning: 110 mAh \/ max 300 mA<br data-start=\"1791\" data-end=\"1794\" \/>Bryth\u00e5llfasthet: 900 kg<br data-start=\"1817\" data-end=\"1820\" \/>Listtryck: 40 kg<br data-start=\"1836\" data-end=\"1839\" \/>D\u00f6rrh\u00e4ngning: H\u00f6ger\/V\u00e4nster<br data-start=\"1866\" data-end=\"1869\" \/>Kabel ing\u00e5r: Nej<br data-start=\"1885\" data-end=\"1888\" \/>L\u00e5styp: Enkelfall\u00e5s, Dubbelfall\u00e5s<br data-start=\"1921\" data-end=\"1924\" \/>M\u00e5tt (BxDxH): 25 x 35 x 90 mm<br data-start=\"1953\" data-end=\"1956\" \/>Ytbehandling: Rostfri<br data-start=\"1977\" data-end=\"1980\" \/>Byggvarubed\u00f6md: Ja<br data-start=\"1998\" data-end=\"2001\" \/>SundaHusbed\u00f6md: Ja<br data-start=\"2019\" data-end=\"2022\" \/>Kolvkontakt: Nej<\/p>","protected":false},"excerpt":{"rendered":"<p>H\u00e4r kan se vilka stolpar och modeller som passar ihop fr\u00e5n STEP sortimentet av Elslutbleck.<\/p>\n<h5><strong><a href=\"https:\/\/steplock.com\/sv\/stolpguide\/#!?lang=sv&amp;blog_id=1&amp;paged=1&amp;number=50\" target=\"_blank\" rel=\"noopener\">STEP Stolpguide\u00a0<\/a><\/strong><\/h5>\n<h5><strong><a href=\"https:\/\/steplock.com\/sv\/projekteringsguide\/#!?lang=sv&amp;blog_id=1&amp;paged=1&amp;number=999\" target=\"_blank\" rel=\"noopener\">STEP projekteringsguide<\/a><\/strong><\/h5>","protected":false},"featured_media":81906,"template":"","meta":{"_acf_changed":false},"product_brand":[],"product_cat":[2313],"product_tag":[3421,3425],"class_list":{"0":"post-61436","1":"product","2":"type-product","3":"status-publish","4":"has-post-thumbnail","6":"product_cat-step-elslutbleck","7":"product_tag-24v","8":"product_tag-omvand","9":"product_shipping_class-tunga-paket","10":"pa_brands-step","11":"tm-no-options","13":"first","14":"onbackorder","15":"sale","16":"taxable","17":"shipping-taxable","18":"product-type-simple"},"acf":[],"_links":{"self":[{"href":"https:\/\/stonehouse.se\/en\/wp-json\/wp\/v2\/product\/61436","targetHints":{"allow":["GET"]}}],"collection":[{"href":"https:\/\/stonehouse.se\/en\/wp-json\/wp\/v2\/product"}],"about":[{"href":"https:\/\/stonehouse.se\/en\/wp-json\/wp\/v2\/types\/product"}],"wp:featuredmedia":[{"embeddable":true,"href":"https:\/\/stonehouse.se\/en\/wp-json\/wp\/v2\/media\/81906"}],"wp:attachment":[{"href":"https:\/\/stonehouse.se\/en\/wp-json\/wp\/v2\/media?parent=61436"}],"wp:term":[{"taxonomy":"product_brand","embeddable":true,"href":"https:\/\/stonehouse.se\/en\/wp-json\/wp\/v2\/product_brand?post=61436"},{"taxonomy":"product_cat","embeddable":true,"href":"https:\/\/stonehouse.se\/en\/wp-json\/wp\/v2\/product_cat?post=61436"},{"taxonomy":"product_tag","embeddable":true,"href":"https:\/\/stonehouse.se\/en\/wp-json\/wp\/v2\/product_tag?post=61436"}],"curies":[{"name":"wp","href":"https:\/\/api.w.org\/{rel}","templated":true}]}}