
{"id":61443,"date":"2023-09-26T13:08:07","date_gmt":"2023-09-26T11:08:07","guid":{"rendered":"https:\/\/stonehouse.se\/produkt\/elslutbleck-step-28e-hoger-rattvand-24v-12mm-regel\/"},"modified":"2026-04-08T16:06:12","modified_gmt":"2026-04-08T14:06:12","slug":"elslutbleck-step-28e-hoger-rattvand-24v-12mm-regel","status":"publish","type":"product","link":"https:\/\/stonehouse.se\/en\/product\/elslutbleck-step-28e-hoger-rattvand-24v-12mm-regel\/","title":{"rendered":"Elslutbleck STEP 28E H\u00f6ger R\u00e4ttv\u00e4nd 24V 12mm Regel"},"content":{"rendered":"<h1>Elslutbleck STEP 28E H\u00f6ger R\u00e4ttv\u00e4nd 24V 12mm Regel<\/h1>\n<p>STEP 28E Secure \u00e4r ett elslutbleck med r\u00e4ttv\u00e4nd funktion f\u00f6r h\u00f6gerh\u00e4ngda d\u00f6rrar. F\u00f6r 12 mm Modul-regel, brandklass E\/EI60, kolvkontakt och 5 m halogenfri kabel.<\/p>\n<p class=\"\" data-start=\"248\" data-end=\"635\">Elslutbleck STEP 28E Secure \u00e4r ett h\u00f6gpresterande elslutbleck som kombinerar s\u00e4kerhetsklassade funktioner med brandcertifiering och m\u00f6jlighet till utrymning.<\/p>\n<p class=\"\" data-start=\"248\" data-end=\"635\">Utvecklat f\u00f6r att anv\u00e4ndas med fallhakregell\u00e5s eller fallregell\u00e5s i Modul-serien, ger detta elslutbleck ett mycket p\u00e5litligt l\u00e5s- och \u00f6ppningssystem d\u00e4r tryckesfallen alltid garanterar d\u00f6rrens st\u00e4ngning.<\/p>\n<p class=\"\" data-start=\"637\" data-end=\"1010\">Modellen \u00e4r avsedd f\u00f6r h\u00f6gerh\u00e4ngda d\u00f6rrar och har r\u00e4ttv\u00e4nd funktion, vilket inneb\u00e4r att den \u00e4r l\u00e5st vid str\u00f6mbortfall \u2013 ett krav i m\u00e5nga s\u00e4kerhetsmilj\u00f6er.<\/p>\n<p class=\"\" data-start=\"637\" data-end=\"1010\">Elslutblecket \u00e4r godk\u00e4nt enligt brandklass E\/EI60 och \u00e4r kompatibelt med n\u00f6dutrymningsl\u00e5s enligt SS-EN 179, vilket g\u00f6r det s\u00e4rskilt l\u00e4mpligt f\u00f6r milj\u00f6er med h\u00f6ga krav p\u00e5 b\u00e5de utrymningss\u00e4kerhet och tillf\u00f6rlitlig drift.<\/p>\n<p class=\"\" data-start=\"1012\" data-end=\"1285\">ElslutbleckSTEP 28E \u00e4r utrustad med b\u00e5de kolvkontakt och sp\u00e4rrkontakt f\u00f6r att ge tillf\u00f6rlitlig \u00e5terkoppling till larm- och passersystem.<\/p>\n<p class=\"\" data-start=\"1012\" data-end=\"1285\">Den h\u00f6ga bryth\u00e5llfastheten p\u00e5 \u00f6ver 15 kN och m\u00f6jligheten att \u00f6ppna trots ett listtryck p\u00e5 upp till 500 kg g\u00f6r detta till ett robust och s\u00e4kert val.<\/p>\n<p class=\"\" data-start=\"1287\" data-end=\"1315\"><strong data-start=\"1287\" data-end=\"1313\">Egenskaper &amp; F\u00f6rdelar:<\/strong><\/p>\n<ul data-start=\"1316\" data-end=\"1630\">\n<li class=\"\" data-start=\"1316\" data-end=\"1349\">\n<p class=\"\" data-start=\"1318\" data-end=\"1349\">F\u00f6r 12 mm kolv i Modul-serien<\/p>\n<\/li>\n<li class=\"\" data-start=\"1350\" data-end=\"1389\">\n<p class=\"\" data-start=\"1352\" data-end=\"1389\">R\u00e4ttv\u00e4nd funktion \u2013 l\u00e5st utan str\u00f6m<\/p>\n<\/li>\n<li class=\"\" data-start=\"1390\" data-end=\"1412\">\n<p class=\"\" data-start=\"1392\" data-end=\"1412\">H\u00f6gerh\u00e4ngda d\u00f6rrar<\/p>\n<\/li>\n<li class=\"\" data-start=\"1413\" data-end=\"1443\">\n<p class=\"\" data-start=\"1415\" data-end=\"1443\">Brandklassad enligt E\/EI60<\/p>\n<\/li>\n<li class=\"\" data-start=\"1444\" data-end=\"1495\">\n<p class=\"\" data-start=\"1446\" data-end=\"1495\">Kolv- och sp\u00e4rrkontakt f\u00f6r indikering av status<\/p>\n<\/li>\n<li class=\"\" data-start=\"1496\" data-end=\"1526\">\n<p class=\"\" data-start=\"1498\" data-end=\"1526\">Bryth\u00e5llfasthet \u00f6ver 15 kN<\/p>\n<\/li>\n<li class=\"\" data-start=\"1527\" data-end=\"1551\">\n<p class=\"\" data-start=\"1529\" data-end=\"1551\">T\u00e5l 500 kg listtryck<\/p>\n<\/li>\n<li class=\"\" data-start=\"1552\" data-end=\"1591\">\n<p class=\"\" data-start=\"1554\" data-end=\"1591\">Knacks\u00e4kring och inbyggd skyddsdiod<\/p>\n<\/li>\n<li class=\"\" data-start=\"1592\" data-end=\"1630\">\n<p class=\"\" data-start=\"1594\" data-end=\"1630\">5 meter halogenfri kabel medf\u00f6ljer<\/p>\n<\/li>\n<\/ul>\n<p class=\"\" data-start=\"1632\" data-end=\"1861\"><strong data-start=\"1632\" data-end=\"1655\">Areas of use:<\/strong><br data-start=\"1655\" data-end=\"1658\" \/>Passar s\u00e4kerhetsklassade d\u00f6rrar i exempelvis r\u00e4ttsanstalter, myndighetsbyggnader, skolor och kommersiella fastigheter d\u00e4r brandkrav och automatisk d\u00f6rr\u00f6ppning beh\u00f6ver kombineras med h\u00f6g inbrottss\u00e4kerhet.<\/p>\n<p class=\"\" data-start=\"1863\" data-end=\"2270\"><strong data-start=\"1863\" data-end=\"1892\">Tekniska Specifikationer:<\/strong><br data-start=\"1892\" data-end=\"1895\" \/>Driftsp\u00e4nning: 24 V DC (21,6\u201327,6 V)<br data-start=\"1931\" data-end=\"1934\" \/>Str\u00f6mf\u00f6rbrukning: 500 mA ol\u00e5st<br data-start=\"1964\" data-end=\"1967\" \/>Kolvkontakt: Mikrobrytare, max. 30 V DC \/ 1 A<br data-start=\"2012\" data-end=\"2015\" \/>D\u00f6rrh\u00e4ngning: H\u00f6ger<br data-start=\"2034\" data-end=\"2037\" \/>Kabell\u00e4ngd: 5 meter, halogenfri<br data-start=\"2068\" data-end=\"2071\" \/>Bryth\u00e5llfasthet: 1500 kg<br data-start=\"2095\" data-end=\"2098\" \/>Listtryck: 500 kg<br data-start=\"2115\" data-end=\"2118\" \/>L\u00e5styp: Hakregell\u00e5s, Regell\u00e5s<br data-start=\"2147\" data-end=\"2150\" \/>Dubbel vridfall: Ja<br data-start=\"2169\" data-end=\"2172\" \/>M\u00e5tt (BxDxH): 35 x 40 x 230 mm<br data-start=\"2202\" data-end=\"2205\" \/>Ytbehandling: Rostfri<br data-start=\"2226\" data-end=\"2229\" \/>Byggvarubed\u00f6md: Ja<br data-start=\"2247\" data-end=\"2250\" \/>SundaHusbed\u00f6md: Ja<\/p>","protected":false},"excerpt":{"rendered":"<p>H\u00e4r kan se vilka stolpar och modeller som passar ihop fr\u00e5n STEP sortimentet av Elslutbleck.<\/p>\n<h5><strong><a href=\"https:\/\/steplock.com\/sv\/stolpguide\/#!?lang=sv&amp;blog_id=1&amp;paged=1&amp;number=50\" target=\"_blank\" rel=\"noopener\">STEP Stolpguide\u00a0<\/a><\/strong><\/h5>\n<h5><strong><a href=\"https:\/\/steplock.com\/sv\/projekteringsguide\/#!?lang=sv&amp;blog_id=1&amp;paged=1&amp;number=999\" target=\"_blank\" rel=\"noopener\">STEP projekteringsguide<\/a><\/strong><\/h5>","protected":false},"featured_media":82210,"template":"","meta":{"_acf_changed":false},"product_brand":[],"product_cat":[2313],"product_tag":[3421,3424],"class_list":{"0":"post-61443","1":"product","2":"type-product","3":"status-publish","4":"has-post-thumbnail","6":"product_cat-step-elslutbleck","7":"product_tag-24v","8":"product_tag-rattvand","9":"product_shipping_class-tunga-paket","10":"pa_brands-step","11":"tm-no-options","13":"first","14":"onbackorder","15":"sale","16":"taxable","17":"shipping-taxable","18":"product-type-simple"},"acf":[],"_links":{"self":[{"href":"https:\/\/stonehouse.se\/en\/wp-json\/wp\/v2\/product\/61443","targetHints":{"allow":["GET"]}}],"collection":[{"href":"https:\/\/stonehouse.se\/en\/wp-json\/wp\/v2\/product"}],"about":[{"href":"https:\/\/stonehouse.se\/en\/wp-json\/wp\/v2\/types\/product"}],"wp:featuredmedia":[{"embeddable":true,"href":"https:\/\/stonehouse.se\/en\/wp-json\/wp\/v2\/media\/82210"}],"wp:attachment":[{"href":"https:\/\/stonehouse.se\/en\/wp-json\/wp\/v2\/media?parent=61443"}],"wp:term":[{"taxonomy":"product_brand","embeddable":true,"href":"https:\/\/stonehouse.se\/en\/wp-json\/wp\/v2\/product_brand?post=61443"},{"taxonomy":"product_cat","embeddable":true,"href":"https:\/\/stonehouse.se\/en\/wp-json\/wp\/v2\/product_cat?post=61443"},{"taxonomy":"product_tag","embeddable":true,"href":"https:\/\/stonehouse.se\/en\/wp-json\/wp\/v2\/product_tag?post=61443"}],"curies":[{"name":"wp","href":"https:\/\/api.w.org\/{rel}","templated":true}]}}