
{"id":61445,"date":"2023-09-26T13:08:09","date_gmt":"2023-09-26T11:08:09","guid":{"rendered":"https:\/\/stonehouse.se\/produkt\/elslutbleck-step-28e-vanster-rattvand-24v-7mm-regel\/"},"modified":"2026-04-08T16:06:00","modified_gmt":"2026-04-08T14:06:00","slug":"elslutbleck-step-28e-vanster-rattvand-24v-7mm-regel","status":"publish","type":"product","link":"https:\/\/stonehouse.se\/en\/product\/elslutbleck-step-28e-vanster-rattvand-24v-7mm-regel\/","title":{"rendered":"Elslutbleck STEP 28E V\u00e4nster R\u00e4ttv\u00e4nd 24V 7mm Regel"},"content":{"rendered":"<h1>Elslutbleck STEP 28E V\u00e4nster R\u00e4ttv\u00e4nd 24V 7mm Regel<\/h1>\n<p>STEP 28E Secure elslutbleck med r\u00e4ttv\u00e4nd funktion f\u00f6r v\u00e4nsterh\u00e4ngda d\u00f6rrar. F\u00f6r 7 mm Connect-regel, brandklass E\/EI60, kolvkontakt och 5 m halogenfri kabel.<\/p>\n<p class=\"\" data-start=\"247\" data-end=\"625\">Elslutbleck\u00a0 STEP 28E Secure \u00e4r ett avancerat elslutbleck som kombinerar h\u00f6g s\u00e4kerhet med funktionalitet f\u00f6r utrymningsd\u00f6rrar och d\u00f6rrautomatik.<\/p>\n<p class=\"\" data-start=\"247\" data-end=\"625\">Produkten anv\u00e4nds tillsammans med fallhakregell\u00e5s eller fallregell\u00e5s d\u00e4r tryckesfallen ser till att d\u00f6rren alltid h\u00e5lls igen.<\/p>\n<p class=\"\" data-start=\"247\" data-end=\"625\">Den \u00e4r s\u00e4rskilt anpassad f\u00f6r v\u00e4nsterh\u00e4ngda d\u00f6rrar med 7 mm regel i Connect-serien.<\/p>\n<p class=\"\" data-start=\"627\" data-end=\"896\">Med r\u00e4ttv\u00e4nd funktion \u00e4r elslutblecket l\u00e5st i str\u00f6ml\u00f6st l\u00e4ge, vilket ger h\u00f6g intr\u00e5ngss\u00e4kerhet \u00e4ven vid str\u00f6mavbrott.<\/p>\n<p class=\"\" data-start=\"627\" data-end=\"896\">STEP 28E \u00e4r godk\u00e4nd enligt brandklass E\/EI60 och monteras ofta tillsammans med n\u00f6dutrymningsl\u00e5s enligt SS-EN 179 \u2013 ett krav i m\u00e5nga moderna d\u00f6rrmilj\u00f6er.<\/p>\n<p class=\"\" data-start=\"898\" data-end=\"1181\">Inbyggd kolvkontakt och sp\u00e4rrkontakt m\u00f6jligg\u00f6r status\u00f6vervakning av d\u00f6rrens l\u00e4ge och l\u00e5sstatus, vilket g\u00f6r det enkelt att integrera med passersystem och larmanl\u00e4ggningar.<\/p>\n<p class=\"\" data-start=\"898\" data-end=\"1181\">Produkten har en bryth\u00e5llfasthet \u00f6ver 15 kN och klarar listtryck p\u00e5 500 kg i b\u00e5de r\u00e4ttv\u00e4nd och omv\u00e4nd funktion.<\/p>\n<p class=\"\" data-start=\"1183\" data-end=\"1332\">Knacks\u00e4kring, skyddsdiod och medf\u00f6ljande 5 meter halogenfri kabel g\u00f6r STEP 28E Secure till ett professionellt val i s\u00e4kerhetsklassade installationer.<\/p>\n<p class=\"\" data-start=\"1334\" data-end=\"1362\"><strong data-start=\"1334\" data-end=\"1360\">Egenskaper &amp; F\u00f6rdelar:<\/strong><\/p>\n<ul data-start=\"1363\" data-end=\"1682\">\n<li class=\"\" data-start=\"1363\" data-end=\"1398\">\n<p class=\"\" data-start=\"1365\" data-end=\"1398\">F\u00f6r 7 mm regel i Connect-serien<\/p>\n<\/li>\n<li class=\"\" data-start=\"1399\" data-end=\"1438\">\n<p class=\"\" data-start=\"1401\" data-end=\"1438\">R\u00e4ttv\u00e4nd funktion \u2013 l\u00e5st utan str\u00f6m<\/p>\n<\/li>\n<li class=\"\" data-start=\"1439\" data-end=\"1460\">\n<p class=\"\" data-start=\"1441\" data-end=\"1460\">V\u00e4nsterh\u00e4ngd d\u00f6rr<\/p>\n<\/li>\n<li class=\"\" data-start=\"1461\" data-end=\"1493\">\n<p class=\"\" data-start=\"1463\" data-end=\"1493\">Brandklassad upp till E\/EI60<\/p>\n<\/li>\n<li class=\"\" data-start=\"1494\" data-end=\"1550\">\n<p class=\"\" data-start=\"1496\" data-end=\"1550\">Inbyggd kolv- och sp\u00e4rrkontakt f\u00f6r passersystem\/larm<\/p>\n<\/li>\n<li class=\"\" data-start=\"1551\" data-end=\"1581\">\n<p class=\"\" data-start=\"1553\" data-end=\"1581\">Klarar listtryck p\u00e5 500 kg<\/p>\n<\/li>\n<li class=\"\" data-start=\"1582\" data-end=\"1612\">\n<p class=\"\" data-start=\"1584\" data-end=\"1612\">Bryth\u00e5llfasthet \u00f6ver 15 kN<\/p>\n<\/li>\n<li class=\"\" data-start=\"1613\" data-end=\"1647\">\n<p class=\"\" data-start=\"1615\" data-end=\"1647\">Knacks\u00e4krad och med skyddsdiod<\/p>\n<\/li>\n<li class=\"\" data-start=\"1648\" data-end=\"1682\">\n<p class=\"\" data-start=\"1650\" data-end=\"1682\">5 meter halogenfri kabel ing\u00e5r<\/p>\n<\/li>\n<\/ul>\n<p class=\"\" data-start=\"1684\" data-end=\"1858\"><strong data-start=\"1684\" data-end=\"1707\">Areas of use:<\/strong><br data-start=\"1707\" data-end=\"1710\" \/>Idealisk f\u00f6r d\u00f6rrmilj\u00f6er i exempelvis sjukhus, skolor, kontor och myndighetsbyggnader d\u00e4r brandkrav, utrymningsfunktion och h\u00f6g drifts\u00e4kerhet kr\u00e4vs.<\/p>\n<p class=\"\" data-start=\"1860\" data-end=\"2268\"><strong data-start=\"1860\" data-end=\"1889\">Tekniska Specifikationer:<\/strong><br data-start=\"1889\" data-end=\"1892\" \/>Driftsp\u00e4nning: 24 V DC (21,6\u201327,6 V)<br data-start=\"1928\" data-end=\"1931\" \/>Str\u00f6mf\u00f6rbrukning: 500 mA ol\u00e5st<br data-start=\"1961\" data-end=\"1964\" \/>Kolvkontakt: Mikrobrytare, max. 30 V DC \/ 1 A<br data-start=\"2009\" data-end=\"2012\" \/>D\u00f6rrh\u00e4ngning: V\u00e4nster<br data-start=\"2033\" data-end=\"2036\" \/>Kabell\u00e4ngd: 5 meter halogenfri<br data-start=\"2066\" data-end=\"2069\" \/>Bryth\u00e5llfasthet: 1500 kg<br data-start=\"2093\" data-end=\"2096\" \/>Listtryck: 500 kg<br data-start=\"2113\" data-end=\"2116\" data-is-only-node=\"\" \/>L\u00e5styp: Hakregell\u00e5s, Regell\u00e5s<br data-start=\"2145\" data-end=\"2148\" \/>Dubbel vridfall: Ja<br data-start=\"2167\" data-end=\"2170\" \/>M\u00e5tt (BxDxH): 35 x 40 x 230 mm<br data-start=\"2200\" data-end=\"2203\" \/>Ytbehandling: Rostfri<br data-start=\"2224\" data-end=\"2227\" \/>Byggvarubed\u00f6md: Ja<br data-start=\"2245\" data-end=\"2248\" \/>SundaHusbed\u00f6md: Ja<\/p>","protected":false},"excerpt":{"rendered":"<p>H\u00e4r kan se vilka stolpar och modeller som passar ihop fr\u00e5n STEP sortimentet av Elslutbleck.<\/p>\n<h5><strong><a href=\"https:\/\/steplock.com\/sv\/stolpguide\/#!?lang=sv&amp;blog_id=1&amp;paged=1&amp;number=50\" target=\"_blank\" rel=\"noopener\">STEP Stolpguide\u00a0<\/a><\/strong><\/h5>\n<h5><strong><a href=\"https:\/\/steplock.com\/sv\/projekteringsguide\/#!?lang=sv&amp;blog_id=1&amp;paged=1&amp;number=999\" target=\"_blank\" rel=\"noopener\">STEP projekteringsguide<\/a><\/strong><\/h5>","protected":false},"featured_media":82203,"template":"","meta":{"_acf_changed":false},"product_brand":[],"product_cat":[2313],"product_tag":[3421,3424],"class_list":{"0":"post-61445","1":"product","2":"type-product","3":"status-publish","4":"has-post-thumbnail","6":"product_cat-step-elslutbleck","7":"product_tag-24v","8":"product_tag-rattvand","9":"product_shipping_class-tunga-paket","10":"pa_brands-step","11":"tm-no-options","13":"first","14":"instock","15":"sale","16":"taxable","17":"shipping-taxable","18":"product-type-simple"},"acf":[],"_links":{"self":[{"href":"https:\/\/stonehouse.se\/en\/wp-json\/wp\/v2\/product\/61445","targetHints":{"allow":["GET"]}}],"collection":[{"href":"https:\/\/stonehouse.se\/en\/wp-json\/wp\/v2\/product"}],"about":[{"href":"https:\/\/stonehouse.se\/en\/wp-json\/wp\/v2\/types\/product"}],"wp:featuredmedia":[{"embeddable":true,"href":"https:\/\/stonehouse.se\/en\/wp-json\/wp\/v2\/media\/82203"}],"wp:attachment":[{"href":"https:\/\/stonehouse.se\/en\/wp-json\/wp\/v2\/media?parent=61445"}],"wp:term":[{"taxonomy":"product_brand","embeddable":true,"href":"https:\/\/stonehouse.se\/en\/wp-json\/wp\/v2\/product_brand?post=61445"},{"taxonomy":"product_cat","embeddable":true,"href":"https:\/\/stonehouse.se\/en\/wp-json\/wp\/v2\/product_cat?post=61445"},{"taxonomy":"product_tag","embeddable":true,"href":"https:\/\/stonehouse.se\/en\/wp-json\/wp\/v2\/product_tag?post=61445"}],"curies":[{"name":"wp","href":"https:\/\/api.w.org\/{rel}","templated":true}]}}