
{"id":61449,"date":"2023-09-26T13:08:12","date_gmt":"2023-09-26T11:08:12","guid":{"rendered":"https:\/\/stonehouse.se\/produkt\/elslutbleck-step-28e-hoger-rattvand-24v-7mm-regel\/"},"modified":"2026-04-08T16:04:46","modified_gmt":"2026-04-08T14:04:46","slug":"elslutbleck-step-28e-hoger-rattvand-24v-7mm-regel","status":"publish","type":"product","link":"https:\/\/stonehouse.se\/en\/product\/elslutbleck-step-28e-hoger-rattvand-24v-7mm-regel\/","title":{"rendered":"Elslutbleck STEP 28E H\u00f6ger R\u00e4ttv\u00e4nd 24V 7mm Regel"},"content":{"rendered":"<h1>Elslutbleck STEP 28E H\u00f6ger R\u00e4ttv\u00e4nd 24V 7mm Regel<\/h1>\n<p>STEP 28E Secure \u00e4r ett elslutbleck med r\u00e4ttv\u00e4nd funktion, anpassat f\u00f6r h\u00f6gerh\u00e4ngda d\u00f6rrar och 7 mm Connect-regel.H\u00f6g s\u00e4kerhet, brandklass E\/EI60, kolvkontakt och 5 meter halogenfri kabel.<\/p>\n<p class=\"\" data-start=\"277\" data-end=\"676\">STEP 28E Secure \u00e4r ett avancerat elslutbleck som kombinerar h\u00f6g s\u00e4kerhet med brandklassning och funktion f\u00f6r utrymning.<\/p>\n<p class=\"\" data-start=\"277\" data-end=\"676\">Det \u00e4r s\u00e4rskilt utformat f\u00f6r d\u00f6rrar med d\u00f6rrautomatik eller draghandtag, och anv\u00e4nds tillsammans med fallhakregell\u00e5s eller fallregell\u00e5s.<\/p>\n<p class=\"\" data-start=\"277\" data-end=\"676\">Genom att tryckesfallen bibeh\u00e5ller d\u00f6rrens st\u00e4ngningsfunktion, s\u00e4kerst\u00e4lls alltid en s\u00e4ker igenh\u00e5llning.<\/p>\n<p class=\"\" data-start=\"678\" data-end=\"968\">Denna version \u00e4r anpassad f\u00f6r h\u00f6gerh\u00e4ngda d\u00f6rrar med 7 mm kolv i Connect-serien och har r\u00e4ttv\u00e4nd funktion \u2013 l\u00e5st i str\u00f6ml\u00f6st l\u00e4ge.<\/p>\n<p class=\"\" data-start=\"678\" data-end=\"968\">Den \u00e4r godk\u00e4nd f\u00f6r brandteknisk klass E\/EI 60 och ofta monterad tillsammans med n\u00f6dutrymningsl\u00e5s enligt SS-EN 179, d\u00e4r b\u00e5de s\u00e4kerhet och utrymningskrav st\u00e4lls.<\/p>\n<p class=\"\" data-start=\"970\" data-end=\"1256\">Med inbyggd kolvkontakt och sp\u00e4rrkontakt m\u00f6jligg\u00f6rs tydlig indikering av d\u00f6rrens status, vilket ger enkel integrering med passersystem, d\u00f6rrautomatik eller larm.<\/p>\n<p class=\"\" data-start=\"970\" data-end=\"1256\">Produkten \u00e4r knacks\u00e4krad, har inbyggd skyddsdiod och klarar listtryck p\u00e5 upp till 500 kg samt en bryth\u00e5llfasthet \u00f6ver 15 kN.<\/p>\n<p class=\"\" data-start=\"1258\" data-end=\"1341\">Det ing\u00e5r 5 meter halogenfri kabel f\u00f6r enkel installation i professionella milj\u00f6er.<\/p>\n<p class=\"\" data-start=\"1343\" data-end=\"1371\"><strong data-start=\"1343\" data-end=\"1369\">Egenskaper &amp; F\u00f6rdelar:<\/strong><\/p>\n<ul data-start=\"1372\" data-end=\"1715\">\n<li class=\"\" data-start=\"1372\" data-end=\"1419\">\n<p class=\"\" data-start=\"1374\" data-end=\"1419\">F\u00f6r regell\u00e5s med 7 mm kolv i Connect-serien<\/p>\n<\/li>\n<li class=\"\" data-start=\"1420\" data-end=\"1459\">\n<p class=\"\" data-start=\"1422\" data-end=\"1459\">R\u00e4ttv\u00e4nd funktion \u2013 l\u00e5st utan str\u00f6m<\/p>\n<\/li>\n<li class=\"\" data-start=\"1460\" data-end=\"1492\">\n<p class=\"\" data-start=\"1462\" data-end=\"1492\">Brandklassad upp till E\/EI60<\/p>\n<\/li>\n<li class=\"\" data-start=\"1493\" data-end=\"1519\">\n<p class=\"\" data-start=\"1495\" data-end=\"1519\">F\u00f6r h\u00f6gerh\u00e4ngda d\u00f6rrar<\/p>\n<\/li>\n<li class=\"\" data-start=\"1520\" data-end=\"1575\">\n<p class=\"\" data-start=\"1522\" data-end=\"1575\">Kolv- och sp\u00e4rrkontakt f\u00f6r indikering av d\u00f6rrstatus<\/p>\n<\/li>\n<li class=\"\" data-start=\"1576\" data-end=\"1606\">\n<p class=\"\" data-start=\"1578\" data-end=\"1606\">Klarar listtryck p\u00e5 500 kg<\/p>\n<\/li>\n<li class=\"\" data-start=\"1607\" data-end=\"1637\">\n<p class=\"\" data-start=\"1609\" data-end=\"1637\">Bryth\u00e5llfasthet \u00f6ver 15 kN<\/p>\n<\/li>\n<li class=\"\" data-start=\"1638\" data-end=\"1669\">\n<p class=\"\" data-start=\"1640\" data-end=\"1669\">Skyddsdiod och knacks\u00e4kring<\/p>\n<\/li>\n<li class=\"\" data-start=\"1670\" data-end=\"1715\">\n<p class=\"\" data-start=\"1672\" data-end=\"1715\">5 meter halogenfri anslutningskabel ing\u00e5r<\/p>\n<\/li>\n<\/ul>\n<p class=\"\" data-start=\"1717\" data-end=\"1928\"><strong data-start=\"1717\" data-end=\"1740\">Areas of use:<\/strong><br data-start=\"1740\" data-end=\"1743\" \/>Passar utm\u00e4rkt f\u00f6r d\u00f6rrmilj\u00f6er i offentliga lokaler, skolor, v\u00e5rdinr\u00e4ttningar och andra fastigheter d\u00e4r kombinationen av h\u00f6g s\u00e4kerhet, utrymningsfunktion och d\u00f6rrautomatik \u00e4r n\u00f6dv\u00e4ndig.<\/p>\n<p class=\"\" data-start=\"1930\" data-end=\"2339\"><strong data-start=\"1930\" data-end=\"1959\">Tekniska Specifikationer:<\/strong><br data-start=\"1959\" data-end=\"1962\" \/>Driftsp\u00e4nning: 24 V DC (21,6\u201327,6 V)<br data-start=\"1998\" data-end=\"2001\" \/>Str\u00f6mf\u00f6rbrukning: 500 mA ol\u00e5st<br data-start=\"2031\" data-end=\"2034\" \/>Kolvkontakt: Ja, mikrobrytare max. 30 V DC \/ 1 A<br data-start=\"2082\" data-end=\"2085\" \/>Bryth\u00e5llfasthet: 1500 kg<br data-start=\"2109\" data-end=\"2112\" \/>Listtryck: 500 kg<br data-start=\"2129\" data-end=\"2132\" \/>L\u00e5styp: Hakregell\u00e5s, Regell\u00e5s<br data-start=\"2161\" data-end=\"2164\" \/>D\u00f6rrh\u00e4ngning: H\u00f6ger<br data-start=\"2183\" data-end=\"2186\" data-is-only-node=\"\" \/>Dubbel vridfall: Ja<br data-start=\"2205\" data-end=\"2208\" \/>Kabel: 5 meter halogenfri<br data-start=\"2233\" data-end=\"2236\" \/>M\u00e5tt (BxDxH): 35 x 40 x 230 mm<br data-start=\"2266\" data-end=\"2269\" \/>F\u00e4rg\/Ytbehandling: Rostfri<br data-start=\"2295\" data-end=\"2298\" \/>Byggvarubed\u00f6md: Ja<br data-start=\"2316\" data-end=\"2319\" \/>SundaHusbed\u00f6md: Ja<\/p>","protected":false},"excerpt":{"rendered":"<p>H\u00e4r kan se vilka stolpar och modeller som passar ihop fr\u00e5n STEP sortimentet av Elslutbleck.<\/p>\n<h5><strong><a href=\"https:\/\/steplock.com\/sv\/stolpguide\/#!?lang=sv&amp;blog_id=1&amp;paged=1&amp;number=50\" target=\"_blank\" rel=\"noopener\">STEP Stolpguide\u00a0<\/a><\/strong><\/h5>\n<h5><strong><a href=\"https:\/\/steplock.com\/sv\/projekteringsguide\/#!?lang=sv&amp;blog_id=1&amp;paged=1&amp;number=999\" target=\"_blank\" rel=\"noopener\">STEP projekteringsguide<\/a><\/strong><\/h5>","protected":false},"featured_media":81798,"template":"","meta":{"_acf_changed":false},"product_brand":[],"product_cat":[2313],"product_tag":[3421,3424],"class_list":{"0":"post-61449","1":"product","2":"type-product","3":"status-publish","4":"has-post-thumbnail","6":"product_cat-step-elslutbleck","7":"product_tag-24v","8":"product_tag-rattvand","9":"product_shipping_class-tunga-paket","10":"pa_brands-step","11":"tm-no-options","13":"first","14":"onbackorder","15":"sale","16":"taxable","17":"shipping-taxable","18":"product-type-simple"},"acf":[],"_links":{"self":[{"href":"https:\/\/stonehouse.se\/en\/wp-json\/wp\/v2\/product\/61449","targetHints":{"allow":["GET"]}}],"collection":[{"href":"https:\/\/stonehouse.se\/en\/wp-json\/wp\/v2\/product"}],"about":[{"href":"https:\/\/stonehouse.se\/en\/wp-json\/wp\/v2\/types\/product"}],"wp:featuredmedia":[{"embeddable":true,"href":"https:\/\/stonehouse.se\/en\/wp-json\/wp\/v2\/media\/81798"}],"wp:attachment":[{"href":"https:\/\/stonehouse.se\/en\/wp-json\/wp\/v2\/media?parent=61449"}],"wp:term":[{"taxonomy":"product_brand","embeddable":true,"href":"https:\/\/stonehouse.se\/en\/wp-json\/wp\/v2\/product_brand?post=61449"},{"taxonomy":"product_cat","embeddable":true,"href":"https:\/\/stonehouse.se\/en\/wp-json\/wp\/v2\/product_cat?post=61449"},{"taxonomy":"product_tag","embeddable":true,"href":"https:\/\/stonehouse.se\/en\/wp-json\/wp\/v2\/product_tag?post=61449"}],"curies":[{"name":"wp","href":"https:\/\/api.w.org\/{rel}","templated":true}]}}