
{"id":61456,"date":"2023-09-26T13:08:17","date_gmt":"2023-09-26T11:08:17","guid":{"rendered":"https:\/\/stonehouse.se\/produkt\/elslutbleck-step-40-omvand-12v\/"},"modified":"2026-04-08T16:08:22","modified_gmt":"2026-04-08T14:08:22","slug":"elslutbleck-step-40-omvand-12v","status":"publish","type":"product","link":"https:\/\/stonehouse.se\/en\/product\/elslutbleck-step-40-omvand-12v\/","title":{"rendered":"Elslutbleck STEP 40 Omv\u00e4nd 12V"},"content":{"rendered":"<h1>Elslutbleck STEP 40 Omv\u00e4nd 12V<\/h1>\n<p class=\"\" data-start=\"403\" data-end=\"872\">STEP 40 Preload fr\u00e5n STEPs Preload-serie \u00e4r ett kompakt, drifts\u00e4kert elslutbleck som passar perfekt f\u00f6r dagl\u00e5sning i d\u00f6rrmilj\u00f6er med h\u00f6g \u00f6ppningsfrekvens.<\/p>\n<p class=\"\" data-start=\"403\" data-end=\"872\">Denna version har omv\u00e4nd funktion, vilket inneb\u00e4r att elslutblecket \u00e4r ol\u00e5st i str\u00f6ml\u00f6st l\u00e4ge \u2013 en egenskap som g\u00f6r det s\u00e4rskilt l\u00e4mpligt f\u00f6r utrymningsv\u00e4gar och tillg\u00e4nglighetsanpassade d\u00f6rrar.<\/p>\n<p class=\"\" data-start=\"874\" data-end=\"1218\">Den integrerade HPR\u00ae-tekniken (High Preload Release) garanterar s\u00e4ker uppl\u00e5sning \u00e4ven vid listtryck upp till 250 kg, vilket m\u00f6jligg\u00f6r tillf\u00f6rlitlig drift \u00e4ven vid d\u00f6rrar som st\u00e5r under tryck.<\/p>\n<p class=\"\" data-start=\"874\" data-end=\"1218\">Elslutblecket har dessutom en bryth\u00e5llfasthet p\u00e5 1 200 kg (12 kN) och \u00e4r testat till 1 500 000 cykler, vilket borgar f\u00f6r l\u00e5ng livsl\u00e4ngd.<\/p>\n<p class=\"\" data-start=\"1220\" data-end=\"1430\">Elslutbleck STEP 40 STEP 40 \u00e4r v\u00e4ndbart f\u00f6r h\u00f6ger- och v\u00e4nsterh\u00e4ngda d\u00f6rrar, knacks\u00e4krat och har inbyggd skyddsdiod f\u00f6r \u00f6kad t\u00e5lighet.<\/p>\n<p class=\"\" data-start=\"1220\" data-end=\"1430\">Den smidiga konstruktionen g\u00f6r installationen enkel, \u00e4ven i befintliga d\u00f6rrpartier.<\/p>\n<p class=\"\" data-start=\"1437\" data-end=\"1463\"><strong data-start=\"1437\" data-end=\"1463\">Egenskaper &amp; F\u00f6rdelar:<\/strong><\/p>\n<ul data-start=\"1464\" data-end=\"1756\">\n<li class=\"\" data-start=\"1464\" data-end=\"1507\">\n<p class=\"\" data-start=\"1466\" data-end=\"1507\">Omv\u00e4nd funktion \u2013 ol\u00e5st vid str\u00f6mbortfall<\/p>\n<\/li>\n<li class=\"\" data-start=\"1508\" data-end=\"1527\">\n<p class=\"\" data-start=\"1510\" data-end=\"1527\">12V driftsp\u00e4nning<\/p>\n<\/li>\n<li class=\"\" data-start=\"1528\" data-end=\"1570\">\n<p class=\"\" data-start=\"1530\" data-end=\"1570\">Kompakt format \u2013 idealisk f\u00f6r dagl\u00e5sning<\/p>\n<\/li>\n<li class=\"\" data-start=\"1571\" data-end=\"1616\">\n<p class=\"\" data-start=\"1573\" data-end=\"1616\">HPR\u00ae-teknik \u2013 \u00f6ppnar trots 250 kg listtryck<\/p>\n<\/li>\n<li class=\"\" data-start=\"1617\" data-end=\"1644\">\n<p class=\"\" data-start=\"1619\" data-end=\"1644\">Bryth\u00e5llfasthet: 1 200 kg<\/p>\n<\/li>\n<li class=\"\" data-start=\"1645\" data-end=\"1681\">\n<p class=\"\" data-start=\"1647\" data-end=\"1681\">Knacks\u00e4krad med inbyggd skyddsdiod<\/p>\n<\/li>\n<li class=\"\" data-start=\"1682\" data-end=\"1718\">\n<p class=\"\" data-start=\"1684\" data-end=\"1718\">V\u00e4ndbar \u2013 h\u00f6ger- och v\u00e4nsterd\u00f6rrar<\/p>\n<\/li>\n<li class=\"\" data-start=\"1719\" data-end=\"1756\">\n<p class=\"\" data-start=\"1721\" data-end=\"1756\">Passar b\u00e5de enkel- och dubbelfall\u00e5s<\/p>\n<\/li>\n<\/ul>\n<p class=\"\" data-start=\"1763\" data-end=\"1938\"><strong data-start=\"1763\" data-end=\"1786\">Areas of use:<\/strong><br data-start=\"1786\" data-end=\"1789\" \/>Perfekt f\u00f6r d\u00f6rrar i kontorsmilj\u00f6er, v\u00e5rdinr\u00e4ttningar, entr\u00e9er och utrymningsv\u00e4gar d\u00e4r krav finns p\u00e5 h\u00f6g tillg\u00e4nglighet, s\u00e4kerhet och smidig passage.<\/p>\n<p class=\"\" data-start=\"1945\" data-end=\"1974\"><strong data-start=\"1945\" data-end=\"1974\">Tekniska Specifikationer:<\/strong><\/p>\n<ul data-start=\"1975\" data-end=\"2320\">\n<li class=\"\" data-start=\"1975\" data-end=\"2013\">\n<p class=\"\" data-start=\"1977\" data-end=\"2013\">Driftsp\u00e4nning: 12 V DC (10,8\u201313,8 V)<\/p>\n<\/li>\n<li class=\"\" data-start=\"2014\" data-end=\"2058\">\n<p class=\"\" data-start=\"2016\" data-end=\"2058\">Str\u00f6mf\u00f6rbrukning: 220 mA ol\u00e5st, max 600 mA<\/p>\n<\/li>\n<li class=\"\" data-start=\"2059\" data-end=\"2098\">\n<p class=\"\" data-start=\"2061\" data-end=\"2098\">D\u00f6rrh\u00e4ngning: H\u00f6ger\/V\u00e4nster (v\u00e4ndbar)<\/p>\n<\/li>\n<li class=\"\" data-start=\"2099\" data-end=\"2126\">\n<p class=\"\" data-start=\"2101\" data-end=\"2126\">Bryth\u00e5llfasthet: 1 200 kg<\/p>\n<\/li>\n<li class=\"\" data-start=\"2127\" data-end=\"2146\">\n<p class=\"\" data-start=\"2129\" data-end=\"2146\">Listtryck: 250 kg<\/p>\n<\/li>\n<li class=\"\" data-start=\"2147\" data-end=\"2182\">\n<p class=\"\" data-start=\"2149\" data-end=\"2182\">L\u00e5styp: Enkelfall\u00e5s, Dubbelfall\u00e5s<\/p>\n<\/li>\n<li class=\"\" data-start=\"2183\" data-end=\"2214\">\n<p class=\"\" data-start=\"2185\" data-end=\"2214\">M\u00e5tt (BxDxH): 25 x 28 x 90 mm<\/p>\n<\/li>\n<li class=\"\" data-start=\"2215\" data-end=\"2233\">\n<p class=\"\" data-start=\"2217\" data-end=\"2233\">Kolvkontakt: Nej<\/p>\n<\/li>\n<li class=\"\" data-start=\"2234\" data-end=\"2251\">\n<p class=\"\" data-start=\"2236\" data-end=\"2251\">Kabel: Ing\u00e5r ej<\/p>\n<\/li>\n<li class=\"\" data-start=\"2252\" data-end=\"2280\">\n<p class=\"\" data-start=\"2254\" data-end=\"2280\">F\u00e4rg\/Ytbehandling: Rostfri<\/p>\n<\/li>\n<li class=\"\" data-start=\"2281\" data-end=\"2320\">\n<p class=\"\" data-start=\"2283\" data-end=\"2320\">Bed\u00f6mningar: SundaHus, Byggvarubed\u00f6md<\/p>\n<\/li>\n<\/ul>","protected":false},"excerpt":{"rendered":"<p>H\u00e4r kan se vilka stolpar och modeller som passar ihop fr\u00e5n STEP sortimentet av Elslutbleck.<\/p>\n<h5><strong><a href=\"https:\/\/steplock.com\/sv\/stolpguide\/#!?lang=sv&amp;blog_id=1&amp;paged=1&amp;number=50\" target=\"_blank\" rel=\"noopener\">STEP Stolpguide\u00a0<\/a><\/strong><\/h5>\n<h5><strong><a href=\"https:\/\/steplock.com\/sv\/projekteringsguide\/#!?lang=sv&amp;blog_id=1&amp;paged=1&amp;number=999\" target=\"_blank\" rel=\"noopener\">STEP projekteringsguide<\/a><\/strong><\/h5>","protected":false},"featured_media":82191,"template":"","meta":{"_acf_changed":false},"product_brand":[],"product_cat":[2313],"product_tag":[3422,3425],"class_list":{"0":"post-61456","1":"product","2":"type-product","3":"status-publish","4":"has-post-thumbnail","6":"product_cat-step-elslutbleck","7":"product_tag-12v","8":"product_tag-omvand","9":"product_shipping_class-tunga-paket","10":"pa_brands-step","11":"tm-no-options","13":"first","14":"instock","15":"sale","16":"taxable","17":"shipping-taxable","18":"product-type-simple"},"acf":[],"_links":{"self":[{"href":"https:\/\/stonehouse.se\/en\/wp-json\/wp\/v2\/product\/61456","targetHints":{"allow":["GET"]}}],"collection":[{"href":"https:\/\/stonehouse.se\/en\/wp-json\/wp\/v2\/product"}],"about":[{"href":"https:\/\/stonehouse.se\/en\/wp-json\/wp\/v2\/types\/product"}],"wp:featuredmedia":[{"embeddable":true,"href":"https:\/\/stonehouse.se\/en\/wp-json\/wp\/v2\/media\/82191"}],"wp:attachment":[{"href":"https:\/\/stonehouse.se\/en\/wp-json\/wp\/v2\/media?parent=61456"}],"wp:term":[{"taxonomy":"product_brand","embeddable":true,"href":"https:\/\/stonehouse.se\/en\/wp-json\/wp\/v2\/product_brand?post=61456"},{"taxonomy":"product_cat","embeddable":true,"href":"https:\/\/stonehouse.se\/en\/wp-json\/wp\/v2\/product_cat?post=61456"},{"taxonomy":"product_tag","embeddable":true,"href":"https:\/\/stonehouse.se\/en\/wp-json\/wp\/v2\/product_tag?post=61456"}],"curies":[{"name":"wp","href":"https:\/\/api.w.org\/{rel}","templated":true}]}}