
{"id":61466,"date":"2023-09-26T13:08:25","date_gmt":"2023-09-26T11:08:25","guid":{"rendered":"https:\/\/stonehouse.se\/produkt\/elslutbleck-step-30-rattvand-24v\/"},"modified":"2026-04-08T16:06:33","modified_gmt":"2026-04-08T14:06:33","slug":"elslutbleck-step-30-rattvand-24v","status":"publish","type":"product","link":"https:\/\/stonehouse.se\/en\/product\/elslutbleck-step-30-rattvand-24v\/","title":{"rendered":"Elslutbleck STEP 30 R\u00e4ttv\u00e4nd 24V"},"content":{"rendered":"<h1>Elslutbleck STEP 30 R\u00e4ttv\u00e4nd 24V<\/h1>\n<p>STEP 30 Preload \u00e4r ett kompakt elslutbleck med r\u00e4ttv\u00e4nd funktion, s\u00e4rskilt anpassat f\u00f6r att ers\u00e4tta enklare elslutbleck i \u00e4ldre d\u00f6rrmilj\u00f6er. Med listtrycksteknik, 24V drift och 500 kg bryth\u00e5llfasthet.Elslutbleck STEP 30 Preload \u00e4r ett minimalt elslutbleck ur STEPs Preload-serie, framtaget f\u00f6r att kunna ers\u00e4tta enklare elslutbleck i befintliga d\u00f6rrmilj\u00f6er utan st\u00f6rre ingrepp.Den kompakta utformningen g\u00f6r det enkelt att montera i \u00e4ldre d\u00f6rrpartier eller smala urtag, samtidigt som STEPs patenterade listtrycksteknik s\u00e4kerst\u00e4ller att d\u00f6rren \u00f6ppnas \u00e4ven vid tryck mot d\u00f6rrbladet.<\/p>\n<p class=\"\" data-start=\"869\" data-end=\"1170\">Med r\u00e4ttv\u00e4nd funktion \u2013 vilket inneb\u00e4r att l\u00e5set \u00e4r l\u00e5st vid str\u00f6mbortfall \u2013 passar STEP 30 f\u00f6r utrymmen d\u00e4r s\u00e4ker l\u00e5sning prioriteras.<\/p>\n<p class=\"\" data-start=\"869\" data-end=\"1170\">Den klarar listtryck upp till 40 kg och har en bryth\u00e5llfasthet p\u00e5 5 kN (500 kg), vilket g\u00f6r den till ett drifts\u00e4kert val f\u00f6r enklare inre s\u00e4kerhetszoner.<\/p>\n<p class=\"\" data-start=\"1172\" data-end=\"1415\">Elslutblecket \u00e4r v\u00e4ndbart f\u00f6r h\u00f6ger- och v\u00e4nsterd\u00f6rrar och har en inbyggd skyddsdiod samt knacks\u00e4kring.<\/p>\n<p class=\"\" data-start=\"1172\" data-end=\"1415\">Den levereras utan kolvkontakt, vilket g\u00f6r STEP 30 till ett smidigt och kostnadseffektivt alternativ n\u00e4r indikering inte kr\u00e4vs.<\/p>\n<p class=\"\" data-start=\"1417\" data-end=\"1443\"><strong data-start=\"1417\" data-end=\"1443\">Egenskaper &amp; F\u00f6rdelar:<\/strong><\/p>\n<ul data-start=\"1444\" data-end=\"1761\">\n<li class=\"\" data-start=\"1444\" data-end=\"1497\">\n<p class=\"\" data-start=\"1446\" data-end=\"1497\">Kompakt design \u2013 passar \u00e4ldre d\u00f6rrpartier och urtag<\/p>\n<\/li>\n<li class=\"\" data-start=\"1498\" data-end=\"1542\">\n<p class=\"\" data-start=\"1500\" data-end=\"1542\">R\u00e4ttv\u00e4nd funktion \u2013 l\u00e5st vid str\u00f6mbortfall<\/p>\n<\/li>\n<li class=\"\" data-start=\"1543\" data-end=\"1562\">\n<p class=\"\" data-start=\"1545\" data-end=\"1562\">24V driftsp\u00e4nning<\/p>\n<\/li>\n<li class=\"\" data-start=\"1563\" data-end=\"1608\">\n<p class=\"\" data-start=\"1565\" data-end=\"1608\">Listtrycksteknik \u2013 \u00f6ppnar trots 40 kg tryck<\/p>\n<\/li>\n<li class=\"\" data-start=\"1609\" data-end=\"1640\">\n<p class=\"\" data-start=\"1611\" data-end=\"1640\">Bryth\u00e5llfasthet 5 kN (500 kg)<\/p>\n<\/li>\n<li class=\"\" data-start=\"1641\" data-end=\"1680\">\n<p class=\"\" data-start=\"1643\" data-end=\"1680\">Knacks\u00e4krad och skyddsdiod integrerad<\/p>\n<\/li>\n<li class=\"\" data-start=\"1681\" data-end=\"1723\">\n<p class=\"\" data-start=\"1683\" data-end=\"1723\">V\u00e4ndbar \u2013 h\u00f6ger och v\u00e4nsterh\u00e4ngda d\u00f6rrar<\/p>\n<\/li>\n<li class=\"\" data-start=\"1724\" data-end=\"1761\">\n<p class=\"\" data-start=\"1726\" data-end=\"1761\">L\u00e4mplig f\u00f6r enkel- och dubbelfall\u00e5s<\/p>\n<\/li>\n<\/ul>\n<p class=\"\" data-start=\"1763\" data-end=\"1934\"><strong data-start=\"1763\" data-end=\"1786\">Areas of use:<\/strong><br data-start=\"1786\" data-end=\"1789\" \/>Perfekt f\u00f6r kontor, f\u00f6rr\u00e5d och \u00e4ldre byggnader d\u00e4r en enkel uppgradering av befintligt elslutbleck beh\u00f6vs utan att kompromissa med drifts\u00e4kerhet.<\/p>\n<p class=\"\" data-start=\"1936\" data-end=\"1965\"><strong data-start=\"1936\" data-end=\"1965\">Tekniska Specifikationer:<\/strong><\/p>\n<ul data-start=\"1966\" data-end=\"2308\">\n<li class=\"\" data-start=\"1966\" data-end=\"2004\">\n<p class=\"\" data-start=\"1968\" data-end=\"2004\">Driftsp\u00e4nning: 24 V DC (21,6\u201327,6 V)<\/p>\n<\/li>\n<li class=\"\" data-start=\"2005\" data-end=\"2049\">\n<p class=\"\" data-start=\"2007\" data-end=\"2049\">Str\u00f6mf\u00f6rbrukning: 110 mA ol\u00e5st, max 300 mA<\/p>\n<\/li>\n<li class=\"\" data-start=\"2050\" data-end=\"2089\">\n<p class=\"\" data-start=\"2052\" data-end=\"2089\">D\u00f6rrh\u00e4ngning: H\u00f6ger\/V\u00e4nster (v\u00e4ndbar)<\/p>\n<\/li>\n<li class=\"\" data-start=\"2090\" data-end=\"2123\">\n<p class=\"\" data-start=\"2092\" data-end=\"2123\">M\u00e5tt (BxDxH): 20,5 x 28 x 99 mm<\/p>\n<\/li>\n<li class=\"\" data-start=\"2124\" data-end=\"2149\">\n<p class=\"\" data-start=\"2126\" data-end=\"2149\">Bryth\u00e5llfasthet: 500 kg<\/p>\n<\/li>\n<li class=\"\" data-start=\"2150\" data-end=\"2168\">\n<p class=\"\" data-start=\"2152\" data-end=\"2168\">Listtryck: 40 kg<\/p>\n<\/li>\n<li class=\"\" data-start=\"2169\" data-end=\"2187\">\n<p class=\"\" data-start=\"2171\" data-end=\"2187\">Kolvkontakt: Nej<\/p>\n<\/li>\n<li class=\"\" data-start=\"2188\" data-end=\"2205\">\n<p class=\"\" data-start=\"2190\" data-end=\"2205\">Kabel: Ing\u00e5r ej<\/p>\n<\/li>\n<li class=\"\" data-start=\"2206\" data-end=\"2239\">\n<p class=\"\" data-start=\"2208\" data-end=\"2239\">L\u00e5styp: Enkel- och dubbelfall\u00e5s<\/p>\n<\/li>\n<li class=\"\" data-start=\"2240\" data-end=\"2268\">\n<p class=\"\" data-start=\"2242\" data-end=\"2268\">F\u00e4rg\/Ytbehandling: Rostfri<\/p>\n<\/li>\n<li class=\"\" data-start=\"2269\" data-end=\"2308\">\n<p class=\"\" data-start=\"2271\" data-end=\"2308\">Bed\u00f6mningar: SundaHus, Byggvarubed\u00f6md<\/p>\n<\/li>\n<\/ul>","protected":false},"excerpt":{"rendered":"<p>H\u00e4r kan se vilka stolpar och modeller som passar ihop fr\u00e5n STEP sortimentet av Elslutbleck.<\/p>\n<h5><strong><a href=\"https:\/\/steplock.com\/sv\/stolpguide\/#!?lang=sv&amp;blog_id=1&amp;paged=1&amp;number=50\" target=\"_blank\" rel=\"noopener\">STEP Stolpguide\u00a0<\/a><\/strong><\/h5>\n<h5><strong><a href=\"https:\/\/steplock.com\/sv\/projekteringsguide\/#!?lang=sv&amp;blog_id=1&amp;paged=1&amp;number=999\" target=\"_blank\" rel=\"noopener\">STEP projekteringsguide<\/a><\/strong><\/h5>","protected":false},"featured_media":82032,"template":"","meta":{"_acf_changed":false},"product_brand":[],"product_cat":[2313],"product_tag":[3421,3424],"class_list":{"0":"post-61466","1":"product","2":"type-product","3":"status-publish","4":"has-post-thumbnail","6":"product_cat-step-elslutbleck","7":"product_tag-24v","8":"product_tag-rattvand","9":"product_shipping_class-tunga-paket","10":"pa_brands-step","11":"tm-no-options","13":"first","14":"instock","15":"sale","16":"taxable","17":"shipping-taxable","18":"product-type-simple"},"acf":[],"_links":{"self":[{"href":"https:\/\/stonehouse.se\/en\/wp-json\/wp\/v2\/product\/61466","targetHints":{"allow":["GET"]}}],"collection":[{"href":"https:\/\/stonehouse.se\/en\/wp-json\/wp\/v2\/product"}],"about":[{"href":"https:\/\/stonehouse.se\/en\/wp-json\/wp\/v2\/types\/product"}],"wp:featuredmedia":[{"embeddable":true,"href":"https:\/\/stonehouse.se\/en\/wp-json\/wp\/v2\/media\/82032"}],"wp:attachment":[{"href":"https:\/\/stonehouse.se\/en\/wp-json\/wp\/v2\/media?parent=61466"}],"wp:term":[{"taxonomy":"product_brand","embeddable":true,"href":"https:\/\/stonehouse.se\/en\/wp-json\/wp\/v2\/product_brand?post=61466"},{"taxonomy":"product_cat","embeddable":true,"href":"https:\/\/stonehouse.se\/en\/wp-json\/wp\/v2\/product_cat?post=61466"},{"taxonomy":"product_tag","embeddable":true,"href":"https:\/\/stonehouse.se\/en\/wp-json\/wp\/v2\/product_tag?post=61466"}],"curies":[{"name":"wp","href":"https:\/\/api.w.org\/{rel}","templated":true}]}}