
{"id":61514,"date":"2023-09-26T15:20:58","date_gmt":"2023-09-26T13:20:58","guid":{"rendered":"https:\/\/stonehouse.se\/produkt\/skruv-och-kontaktkit-step-ellas\/"},"modified":"2026-04-08T16:05:02","modified_gmt":"2026-04-08T14:05:02","slug":"skruv-och-kontaktkit-step-ellas","status":"publish","type":"product","link":"https:\/\/stonehouse.se\/en\/product\/skruv-och-kontaktkit-step-ellas\/","title":{"rendered":"Skruv och Kontaktkit STEP Ell\u00e5s"},"content":{"rendered":"<div>Skruv och kontaktkit till STEP eltryckesl\u00e5s. <\/p>\n<p><b>Passar till:<\/b><\/div>\n<div>\n<ul>\n<li>Eltryckesl\u00e5s STEP 110<\/li>\n<li>Eltryckesl\u00e5s STEP 112<\/li>\n<li>Eltryckesl\u00e5s STEP 120<\/li>\n<li>Eltryckesl\u00e5s STEP 122<\/li>\n<li>Eltryckesl\u00e5s STEP 130<\/li>\n<li>Eltryckesl\u00e5s STEP 132<\/li>\n<li>Ell\u00e5s STEP 140<\/li>\n<\/ul>\n<\/div>\n<div><b>Inneh\u00e5ller: <\/b><\/p>\n<ul>\n<li>1 st. masking\u00e4ngad skruv MFX M2,5\u00d74 A2<\/li>\n<li>2 st. masking\u00e4ngade skruvar MFX M5x16 FZB<\/li>\n<li>2 st. tr\u00e4skruvar FXTB 4,5\u00d730 FZB<\/li>\n<li>1 st. kopplingsplint hane 3-polig<\/li>\n<li>1 st. kopplingsplint hane 6-polig<\/li>\n<li>8 st. stift<\/li>\n<\/ul>\n<\/div>","protected":false},"excerpt":{"rendered":"<p>Skruv och kontaktkit till STEP eltryckesl\u00e5s. Passar till: Eltryckesl\u00e5s STEP 110 Eltryckesl\u00e5s STEP 112 Eltryckesl\u00e5s STEP 120 Eltryckesl\u00e5s STEP 122<\/p>","protected":false},"featured_media":81967,"template":"","meta":{"_acf_changed":false},"product_brand":[],"product_cat":[2315],"product_tag":[2314],"class_list":{"0":"post-61514","1":"product","2":"type-product","3":"status-publish","4":"has-post-thumbnail","6":"product_cat-step-el-motorlastillbehor","7":"product_tag-rg-step","8":"product_shipping_class-tunga-paket","9":"pa_brands-step","10":"tm-no-options","12":"first","13":"onbackorder","14":"sale","15":"taxable","16":"shipping-taxable","17":"product-type-simple"},"acf":[],"_links":{"self":[{"href":"https:\/\/stonehouse.se\/en\/wp-json\/wp\/v2\/product\/61514","targetHints":{"allow":["GET"]}}],"collection":[{"href":"https:\/\/stonehouse.se\/en\/wp-json\/wp\/v2\/product"}],"about":[{"href":"https:\/\/stonehouse.se\/en\/wp-json\/wp\/v2\/types\/product"}],"wp:featuredmedia":[{"embeddable":true,"href":"https:\/\/stonehouse.se\/en\/wp-json\/wp\/v2\/media\/81967"}],"wp:attachment":[{"href":"https:\/\/stonehouse.se\/en\/wp-json\/wp\/v2\/media?parent=61514"}],"wp:term":[{"taxonomy":"product_brand","embeddable":true,"href":"https:\/\/stonehouse.se\/en\/wp-json\/wp\/v2\/product_brand?post=61514"},{"taxonomy":"product_cat","embeddable":true,"href":"https:\/\/stonehouse.se\/en\/wp-json\/wp\/v2\/product_cat?post=61514"},{"taxonomy":"product_tag","embeddable":true,"href":"https:\/\/stonehouse.se\/en\/wp-json\/wp\/v2\/product_tag?post=61514"}],"curies":[{"name":"wp","href":"https:\/\/api.w.org\/{rel}","templated":true}]}}