
{"id":61516,"date":"2023-09-26T15:20:59","date_gmt":"2023-09-26T13:20:59","guid":{"rendered":"https:\/\/stonehouse.se\/produkt\/tryckespinne-step-st1088-80mm\/"},"modified":"2026-04-08T15:59:53","modified_gmt":"2026-04-08T13:59:53","slug":"tryckespinne-step-st1088-80mm","status":"publish","type":"product","link":"https:\/\/stonehouse.se\/en\/product\/tryckespinne-step-st1088-80mm\/","title":{"rendered":"Tryckespinne STEP ST1088 80mm"},"content":{"rendered":"","protected":false},"excerpt":{"rendered":"<p>\nTryckespinne till STEP eltryckesl\u00e5s 110, 112, 120, 122, 130 och 132 samt STEP mekaniska l\u00e5shus med tryckesfunktion. M\u00e5tt 8x8x80 mm.<\/p>","protected":false},"featured_media":81703,"template":"","meta":{"_acf_changed":false},"product_brand":[],"product_cat":[2315],"product_tag":[2314],"class_list":{"0":"post-61516","1":"product","2":"type-product","3":"status-publish","4":"has-post-thumbnail","6":"product_cat-step-el-motorlastillbehor","7":"product_tag-rg-step","8":"product_shipping_class-tunga-paket","9":"pa_brands-step","10":"tm-no-options","12":"first","13":"instock","14":"sale","15":"taxable","16":"shipping-taxable","17":"product-type-simple"},"acf":[],"_links":{"self":[{"href":"https:\/\/stonehouse.se\/en\/wp-json\/wp\/v2\/product\/61516","targetHints":{"allow":["GET"]}}],"collection":[{"href":"https:\/\/stonehouse.se\/en\/wp-json\/wp\/v2\/product"}],"about":[{"href":"https:\/\/stonehouse.se\/en\/wp-json\/wp\/v2\/types\/product"}],"wp:featuredmedia":[{"embeddable":true,"href":"https:\/\/stonehouse.se\/en\/wp-json\/wp\/v2\/media\/81703"}],"wp:attachment":[{"href":"https:\/\/stonehouse.se\/en\/wp-json\/wp\/v2\/media?parent=61516"}],"wp:term":[{"taxonomy":"product_brand","embeddable":true,"href":"https:\/\/stonehouse.se\/en\/wp-json\/wp\/v2\/product_brand?post=61516"},{"taxonomy":"product_cat","embeddable":true,"href":"https:\/\/stonehouse.se\/en\/wp-json\/wp\/v2\/product_cat?post=61516"},{"taxonomy":"product_tag","embeddable":true,"href":"https:\/\/stonehouse.se\/en\/wp-json\/wp\/v2\/product_tag?post=61516"}],"curies":[{"name":"wp","href":"https:\/\/api.w.org\/{rel}","templated":true}]}}