
{"id":61525,"date":"2023-09-26T15:21:06","date_gmt":"2023-09-26T13:21:06","guid":{"rendered":"https:\/\/stonehouse.se\/produkt\/anslutningskabel-till-step-110-112-120-122-10m\/"},"modified":"2026-04-08T15:59:20","modified_gmt":"2026-04-08T13:59:20","slug":"anslutningskabel-till-step-110-112-120-122-10m","status":"publish","type":"product","link":"https:\/\/stonehouse.se\/en\/product\/anslutningskabel-till-step-110-112-120-122-10m\/","title":{"rendered":"Anslutningskabel till STEP 110\/112\/120\/122 10m"},"content":{"rendered":"","protected":false},"excerpt":{"rendered":"<p>\nHalogenfri anslutningskabel med 12 ledare. L\u00e4ngd 10 meter. Anpassad f\u00f6r Eltryckesl\u00e5s STEP 110, 112, 120 och 122.<\/p>","protected":false},"featured_media":81740,"template":"","meta":{"_acf_changed":false},"product_brand":[],"product_cat":[2315],"product_tag":[2314],"class_list":{"0":"post-61525","1":"product","2":"type-product","3":"status-publish","4":"has-post-thumbnail","6":"product_cat-step-el-motorlastillbehor","7":"product_tag-rg-step","8":"product_shipping_class-tunga-paket","9":"pa_brands-step","10":"tm-no-options","12":"first","13":"instock","14":"sale","15":"taxable","16":"shipping-taxable","17":"product-type-simple"},"acf":[],"_links":{"self":[{"href":"https:\/\/stonehouse.se\/en\/wp-json\/wp\/v2\/product\/61525","targetHints":{"allow":["GET"]}}],"collection":[{"href":"https:\/\/stonehouse.se\/en\/wp-json\/wp\/v2\/product"}],"about":[{"href":"https:\/\/stonehouse.se\/en\/wp-json\/wp\/v2\/types\/product"}],"wp:featuredmedia":[{"embeddable":true,"href":"https:\/\/stonehouse.se\/en\/wp-json\/wp\/v2\/media\/81740"}],"wp:attachment":[{"href":"https:\/\/stonehouse.se\/en\/wp-json\/wp\/v2\/media?parent=61525"}],"wp:term":[{"taxonomy":"product_brand","embeddable":true,"href":"https:\/\/stonehouse.se\/en\/wp-json\/wp\/v2\/product_brand?post=61525"},{"taxonomy":"product_cat","embeddable":true,"href":"https:\/\/stonehouse.se\/en\/wp-json\/wp\/v2\/product_cat?post=61525"},{"taxonomy":"product_tag","embeddable":true,"href":"https:\/\/stonehouse.se\/en\/wp-json\/wp\/v2\/product_tag?post=61525"}],"curies":[{"name":"wp","href":"https:\/\/api.w.org\/{rel}","templated":true}]}}