
{"id":61530,"date":"2023-09-26T15:21:09","date_gmt":"2023-09-26T13:21:09","guid":{"rendered":"https:\/\/stonehouse.se\/produkt\/anslutningskabel-till-step-550-551-552-535-10m\/"},"modified":"2026-04-08T15:59:18","modified_gmt":"2026-04-08T13:59:18","slug":"anslutningskabel-till-step-550-551-552-535-10m","status":"publish","type":"product","link":"https:\/\/stonehouse.se\/en\/product\/anslutningskabel-till-step-550-551-552-535-10m\/","title":{"rendered":"Anslutningskabel till STEP 550\/551\/552\/535 10m"},"content":{"rendered":"","protected":false},"excerpt":{"rendered":"<p>\nSTEP ST0916 \u00e4r en 10 meter l\u00e5ng halogenfri och sk\u00e4rmad anslutningskabel f\u00f6r STEP Motorl\u00e5s. 8 ledare.<\/p>\n<p><b>Passar till:<\/b><br \/>\n<\/p>\n<ul>\n<li>STEP 550<\/li>\n<li>STEP 551<\/li>\n<li>STEP 552<\/li>\n<li>STEP 535<\/li>\n<\/ul>","protected":false},"featured_media":81814,"template":"","meta":{"_acf_changed":false},"product_brand":[],"product_cat":[2315],"product_tag":[2314],"class_list":{"0":"post-61530","1":"product","2":"type-product","3":"status-publish","4":"has-post-thumbnail","6":"product_cat-step-el-motorlastillbehor","7":"product_tag-rg-step","8":"product_shipping_class-tunga-paket","9":"pa_brands-step","10":"tm-no-options","12":"first","13":"instock","14":"sale","15":"taxable","16":"shipping-taxable","17":"product-type-simple"},"acf":[],"_links":{"self":[{"href":"https:\/\/stonehouse.se\/en\/wp-json\/wp\/v2\/product\/61530","targetHints":{"allow":["GET"]}}],"collection":[{"href":"https:\/\/stonehouse.se\/en\/wp-json\/wp\/v2\/product"}],"about":[{"href":"https:\/\/stonehouse.se\/en\/wp-json\/wp\/v2\/types\/product"}],"wp:featuredmedia":[{"embeddable":true,"href":"https:\/\/stonehouse.se\/en\/wp-json\/wp\/v2\/media\/81814"}],"wp:attachment":[{"href":"https:\/\/stonehouse.se\/en\/wp-json\/wp\/v2\/media?parent=61530"}],"wp:term":[{"taxonomy":"product_brand","embeddable":true,"href":"https:\/\/stonehouse.se\/en\/wp-json\/wp\/v2\/product_brand?post=61530"},{"taxonomy":"product_cat","embeddable":true,"href":"https:\/\/stonehouse.se\/en\/wp-json\/wp\/v2\/product_cat?post=61530"},{"taxonomy":"product_tag","embeddable":true,"href":"https:\/\/stonehouse.se\/en\/wp-json\/wp\/v2\/product_tag?post=61530"}],"curies":[{"name":"wp","href":"https:\/\/api.w.org\/{rel}","templated":true}]}}