
{"id":61576,"date":"2023-09-27T17:58:38","date_gmt":"2023-09-27T15:58:38","guid":{"rendered":"https:\/\/stonehouse.se\/?post_type=product&#038;p=61576"},"modified":"2026-04-08T15:58:09","modified_gmt":"2026-04-08T13:58:09","slug":"eltryckeslas-el580l-lagenergi-rattvand-sats-12-24v","status":"publish","type":"product","link":"https:\/\/stonehouse.se\/en\/product\/eltryckeslas-el580l-lagenergi-rattvand-sats-12-24v\/","title":{"rendered":"Eltryckesl\u00e5s EL580L L\u00e5genergi R\u00e4ttv\u00e4nd Sats 12-24V"},"content":{"rendered":"<p>\nABLOY multifunktionella eltryckesl\u00e5s EL580L \u00e4r anpassade f\u00f6r h\u00f6gfrekventa d\u00f6rrar med ASSA ABLOY modulurtag d\u00e4r l\u00e5g energif\u00f6rbrukning kr\u00e4vs. Passar bra som dagl\u00e5sning och intern l\u00e5sning inom handel, kontor och industri eller i entr\u00e9er och allm\u00e4nna utrymmen i flerfamiljshus. ABLOY EL580L kan anv\u00e4ndas i brandcellsgr\u00e4ns.<\/p>\n<div><b>Tillbeh\u00f6r som ing\u00e5r vid satsf\u00f6rpackning:\u00a0<\/b><\/div>\n<div>Eltryckesl\u00e5s EL580L, Anslutningskabel EA220, Karm\u00f6verf\u00f6ring EA281, Abloy tryckespinnar f\u00f6r splitfunktionsl\u00e5s.<\/p>\n<\/div>\n<div><b>Egenskaper:<\/b><\/div>\n<div>\n<ul>\n<li>Splitfunktion (Enkelt omst\u00e4llbar elektriskt\/mekanisk man\u00f6vrerad sida)<\/li>\n<li>Utsidans trycke elektriskt man\u00f6vrerat<\/li>\n<li>Insidans trycke \u00f6ppnar alltid l\u00e5set mekaniskt\u00a0<\/li>\n<li>L\u00e5genergi l\u00e5s\u00a0<\/li>\n<li>F\u00f6rreglad tryckesfall\u00a0<\/li>\n<li>L\u00e5set kan alltid man\u00f6vreras med cylinder\/vred\u00a0<\/li>\n<li>Multifunktionell\u00a0<\/li>\n<li>R\u00e4ttv\u00e4nd funktion\u00a0<\/li>\n<li>Variabelt fallutspr\u00e5ng 20 mm eller 14 mm<\/li>\n<li>2 mikrobrytare: F\u00f6rregling (d\u00f6rrl\u00e4ge), Tryckesr\u00f6relse\u00a0<\/li>\n<li>50 mm dorndjup\u00a0<\/li>\n<li>Alla kablar f\u00f6rsedda med kontakter f\u00f6r enkel installation med anslutningskabel EA220\u00a0<\/li>\n<li>Fullst\u00e4ndigt anpassat f\u00f6r ASSA ABLOY urtagsstandard<\/li>\n<\/ul>\n<\/div>\n<div><\/div>\n<div><b><\/b><\/div>\n<div><b>Tekniska data<\/b><\/p>\n<ul>\n<li>Driftsp\u00e4nning: 3,6VDC (-0%)-24VDC (+15%) Stab<\/li>\n<li>Str\u00f6mf\u00f6rbrukning: Max. 350mA RMS\/100ms (vid motordrift), Vila 0,08mA\u00a0<\/li>\n<li>Mikrobrytare: Enpoligt v\u00e4xlande Max. 30VDC, 400mA<\/li>\n<\/ul>\n<\/div>","protected":false},"excerpt":{"rendered":"<p>ABLOY multifunktionella eltryckesl\u00e5s EL580L \u00e4r anpassade f\u00f6r h\u00f6gfrekventa d\u00f6rrar med ASSA ABLOY modulurtag d\u00e4r l\u00e5g energif\u00f6rbrukning kr\u00e4vs. Passar bra som<\/p>","protected":false},"featured_media":89634,"template":"","meta":{"_acf_changed":false},"product_brand":[],"product_cat":[2318],"product_tag":[2317],"class_list":{"0":"post-61576","1":"product","2":"type-product","3":"status-publish","4":"has-post-thumbnail","6":"product_cat-ellas","7":"product_tag-rg-assa-abloy","8":"product_shipping_class-tunga-paket","9":"pa_brands-abloy","10":"tm-no-options","12":"first","13":"onbackorder","14":"sale","15":"taxable","16":"shipping-taxable","17":"product-type-simple"},"acf":[],"_links":{"self":[{"href":"https:\/\/stonehouse.se\/en\/wp-json\/wp\/v2\/product\/61576","targetHints":{"allow":["GET"]}}],"collection":[{"href":"https:\/\/stonehouse.se\/en\/wp-json\/wp\/v2\/product"}],"about":[{"href":"https:\/\/stonehouse.se\/en\/wp-json\/wp\/v2\/types\/product"}],"wp:featuredmedia":[{"embeddable":true,"href":"https:\/\/stonehouse.se\/en\/wp-json\/wp\/v2\/media\/89634"}],"wp:attachment":[{"href":"https:\/\/stonehouse.se\/en\/wp-json\/wp\/v2\/media?parent=61576"}],"wp:term":[{"taxonomy":"product_brand","embeddable":true,"href":"https:\/\/stonehouse.se\/en\/wp-json\/wp\/v2\/product_brand?post=61576"},{"taxonomy":"product_cat","embeddable":true,"href":"https:\/\/stonehouse.se\/en\/wp-json\/wp\/v2\/product_cat?post=61576"},{"taxonomy":"product_tag","embeddable":true,"href":"https:\/\/stonehouse.se\/en\/wp-json\/wp\/v2\/product_tag?post=61576"}],"curies":[{"name":"wp","href":"https:\/\/api.w.org\/{rel}","templated":true}]}}