
{"id":61578,"date":"2023-09-27T17:58:40","date_gmt":"2023-09-27T15:58:40","guid":{"rendered":"https:\/\/stonehouse.se\/?post_type=product&#038;p=61578"},"modified":"2026-04-08T15:59:06","modified_gmt":"2026-04-08T13:59:06","slug":"eltryckeslas-el980-split-spindle","status":"publish","type":"product","link":"https:\/\/stonehouse.se\/en\/product\/eltryckeslas-el980-split-spindle\/","title":{"rendered":"Eltryckesl\u00e5s EL980 Split Spindle"},"content":{"rendered":"<p>\nEltryckesl\u00e5s som anv\u00e4nds i Aptus 1189, 1179 samt Assa DBL-340, DBL-342 och DBL-350.<\/p>\n<p><b>Egenskaper:<\/b><br \/>\n<\/p>\n<ul>\n<li>Dorndjup 50 mm<\/li>\n<li>Splitspindelfunktion<\/li>\n<li>Omst\u00e4llbar r\u00e4ttv\u00e4nd eller omv\u00e4nd funktion (l\u00e5st eller ol\u00e5st i str\u00f6ml\u00f6st l\u00e4ge)<\/li>\n<\/ul>\n<p><\/p>","protected":false},"excerpt":{"rendered":"<p>Eltryckesl\u00e5s som anv\u00e4nds i Aptus 1189, 1179 samt Assa DBL-340, DBL-342 och DBL-350. Egenskaper: Dorndjup 50 mm Splitspindelfunktion Omst\u00e4llbar r\u00e4ttv\u00e4nd<\/p>","protected":false},"featured_media":89633,"template":"","meta":{"_acf_changed":false},"product_brand":[],"product_cat":[2318],"product_tag":[2317],"class_list":{"0":"post-61578","1":"product","2":"type-product","3":"status-publish","4":"has-post-thumbnail","6":"product_cat-ellas","7":"product_tag-rg-assa-abloy","8":"product_shipping_class-tunga-paket","9":"pa_brands-abloy","10":"tm-no-options","12":"first","13":"onbackorder","14":"sale","15":"taxable","16":"shipping-taxable","17":"product-type-simple"},"acf":[],"_links":{"self":[{"href":"https:\/\/stonehouse.se\/en\/wp-json\/wp\/v2\/product\/61578","targetHints":{"allow":["GET"]}}],"collection":[{"href":"https:\/\/stonehouse.se\/en\/wp-json\/wp\/v2\/product"}],"about":[{"href":"https:\/\/stonehouse.se\/en\/wp-json\/wp\/v2\/types\/product"}],"wp:featuredmedia":[{"embeddable":true,"href":"https:\/\/stonehouse.se\/en\/wp-json\/wp\/v2\/media\/89633"}],"wp:attachment":[{"href":"https:\/\/stonehouse.se\/en\/wp-json\/wp\/v2\/media?parent=61578"}],"wp:term":[{"taxonomy":"product_brand","embeddable":true,"href":"https:\/\/stonehouse.se\/en\/wp-json\/wp\/v2\/product_brand?post=61578"},{"taxonomy":"product_cat","embeddable":true,"href":"https:\/\/stonehouse.se\/en\/wp-json\/wp\/v2\/product_cat?post=61578"},{"taxonomy":"product_tag","embeddable":true,"href":"https:\/\/stonehouse.se\/en\/wp-json\/wp\/v2\/product_tag?post=61578"}],"curies":[{"name":"wp","href":"https:\/\/api.w.org\/{rel}","templated":true}]}}