
{"id":61586,"date":"2023-09-27T17:58:44","date_gmt":"2023-09-27T15:58:44","guid":{"rendered":"https:\/\/stonehouse.se\/?post_type=product&#038;p=61586"},"modified":"2026-04-08T15:58:59","modified_gmt":"2026-04-08T13:58:59","slug":"eltryckeslas-el587-hi-o-omstallbar-12-24v","status":"publish","type":"product","link":"https:\/\/stonehouse.se\/en\/product\/eltryckeslas-el587-hi-o-omstallbar-12-24v\/","title":{"rendered":"Eltryckesl\u00e5s EL587 Hi-O Omst\u00e4llbar 12-24V"},"content":{"rendered":"<p>\nABLOY multifunktionella eltryckesl\u00e5s EL587 \u00e4r anpassade f\u00f6r h\u00f6gfrekventa d\u00f6rrar med ASSA ABLOY modul urtag. Passar bra som dagl\u00e5sning och intern l\u00e5sning inom handel, kontor och industri eller i entr\u00e9er och allm\u00e4nna utrymmen i flerfamiljshus. EL587 \u00e4r ett Hi-O-l\u00e5shus som kan anslutas till en Hi-O-buss. Hi-O inneb\u00e4r att enheterna har en inbyggd mikrodator och kommunicerar med varandra f\u00f6r plug-and-playinstallation, synkronisering av d\u00f6rrdrift, \u00f6vervakning av beteenden och f\u00f6r att skicka diagnostisk information.\u00a0 \u00a0<\/p>\n<div><b>Egenskaper\u00a0<\/b><\/div>\n<div>\n<ul>\n<li>Splitfunktion (Enkelt omst\u00e4llbart elektriskt \/ mekaniskt man\u00f6vrerad sida)<\/li>\n<li>Utsidans trycke elektriskt man\u00f6vrerat<\/li>\n<li>Insidans trycke \u00f6ppnar alltid l\u00e5set mekaniskt<\/li>\n<li>F\u00f6rreglad tryckesfall <\/li>\n<li>L\u00e5set kan alltid man\u00f6vreras med cylinder \/ vred<\/li>\n<li>Multifunktionellt<\/li>\n<li>Enkelt omst\u00e4llbart r\u00e4ttv\u00e4nd \/ omv\u00e4nd funktion<\/li>\n<li>Variabelt fallutspr\u00e5ng 20 mm eller 14 mm<\/li>\n<li>2 mikrobrytare: F\u00f6rregling (d\u00f6rrl\u00e4ge), Tryckesr\u00f6relse <\/li>\n<li>50 mm dorndjup\u00a0\u00a0<\/li>\n<li>Godk\u00e4nd att kombineras med N\u00f6dutrymningsbeslag 179E-2<\/li>\n<li>Alla kablar f\u00f6rsedda med kontakter f\u00f6r enkel installation med anslutningskabel EA226<\/li>\n<li>Hi-O teknologi<\/li>\n<\/ul>\n<\/div>\n<div><b><br \/><\/b><b>Teknisk data:<\/b><\/div>\n<div>\n<ul>\n<li>Driftsp\u00e4nning: 12 &#8211; 24 VDC, stab<\/li>\n<li>Str\u00f6mf\u00f6rbrukning 580-280 mA, 12 VDC 300-160mA, 24 VDC<\/li>\n<\/ul>\n<\/div>","protected":false},"excerpt":{"rendered":"<p>ABLOY multifunktionella eltryckesl\u00e5s EL587 \u00e4r anpassade f\u00f6r h\u00f6gfrekventa d\u00f6rrar med ASSA ABLOY modul urtag. Passar bra som dagl\u00e5sning och intern<\/p>","protected":false},"featured_media":89627,"template":"","meta":{"_acf_changed":false},"product_brand":[],"product_cat":[2318],"product_tag":[2317],"class_list":{"0":"post-61586","1":"product","2":"type-product","3":"status-publish","4":"has-post-thumbnail","6":"product_cat-ellas","7":"product_tag-rg-assa-abloy","8":"product_shipping_class-tunga-paket","9":"pa_brands-abloy","10":"tm-no-options","12":"first","13":"onbackorder","14":"sale","15":"taxable","16":"shipping-taxable","17":"product-type-simple"},"acf":[],"_links":{"self":[{"href":"https:\/\/stonehouse.se\/en\/wp-json\/wp\/v2\/product\/61586","targetHints":{"allow":["GET"]}}],"collection":[{"href":"https:\/\/stonehouse.se\/en\/wp-json\/wp\/v2\/product"}],"about":[{"href":"https:\/\/stonehouse.se\/en\/wp-json\/wp\/v2\/types\/product"}],"wp:featuredmedia":[{"embeddable":true,"href":"https:\/\/stonehouse.se\/en\/wp-json\/wp\/v2\/media\/89627"}],"wp:attachment":[{"href":"https:\/\/stonehouse.se\/en\/wp-json\/wp\/v2\/media?parent=61586"}],"wp:term":[{"taxonomy":"product_brand","embeddable":true,"href":"https:\/\/stonehouse.se\/en\/wp-json\/wp\/v2\/product_brand?post=61586"},{"taxonomy":"product_cat","embeddable":true,"href":"https:\/\/stonehouse.se\/en\/wp-json\/wp\/v2\/product_cat?post=61586"},{"taxonomy":"product_tag","embeddable":true,"href":"https:\/\/stonehouse.se\/en\/wp-json\/wp\/v2\/product_tag?post=61586"}],"curies":[{"name":"wp","href":"https:\/\/api.w.org\/{rel}","templated":true}]}}