
{"id":61592,"date":"2023-09-27T17:58:47","date_gmt":"2023-09-27T15:58:47","guid":{"rendered":"https:\/\/stonehouse.se\/?post_type=product&#038;p=61592"},"modified":"2026-04-08T15:58:52","modified_gmt":"2026-04-08T13:58:52","slug":"eltryckeslas-el588-hi-o","status":"publish","type":"product","link":"https:\/\/stonehouse.se\/en\/product\/eltryckeslas-el588-hi-o\/","title":{"rendered":"Eltryckesl\u00e5s EL588 Hi-O"},"content":{"rendered":"<p>\nABLOY multifunktionella eltryckesl\u00e5s EL588 \u00e4r anpassade f\u00f6r h\u00f6gfrekventa d\u00f6rrar med ASSA ABLOY modul urtag. Passar bra som dagl\u00e5sning och intern l\u00e5sning inom handel, kontor och industri eller i entr\u00e9er och allm\u00e4nna utrymmen i flerfamiljshus. EL588 \u00e4r ett Hi-O-l\u00e5shus som kan anslutas till en Hi-O-buss. Hi-O inneb\u00e4r att enheterna har en inbyggd mikrodator och kommunicerar med varandra f\u00f6r plug-and-playinstallation, synkronisering av d\u00f6rrdrift, \u00f6vervakning av beteenden och f\u00f6r att skicka diagnostisk information.<\/p>\n<p><b>Egenskaper<\/b><\/p>\n<div>\n<ul>\n<li>F\u00f6rreglad tryckesfall\u00a0\u00a0<\/li>\n<li>L\u00e5set kan alltid man\u00f6vreras med cylinder \/ vred\u00a0\u00a0<\/li>\n<li>Multifunktionellt\u00a0<\/li>\n<li>Enkelt omst\u00e4llbart r\u00e4ttv\u00e4nd eller omv\u00e4nd funktion (l\u00e5st eller ol\u00e5st i str\u00f6ml\u00f6st l\u00e4ge)<\/li>\n<li>Variabelt fallutspr\u00e5ng 20 mm eller 14 mm\u00a0<\/li>\n<li>2 mikrobrytare: F\u00f6rregling (d\u00f6rrl\u00e4ge), Tryckesr\u00f6relse<\/li>\n<li>50 mm dorndjup\u00a0\u00a0<\/li>\n<li>Alla kablar f\u00f6rsedda med kontakter f\u00f6r enkel installation med anslutningskabel EA226\u00a0\u00a0<\/li>\n<li>Hi-O teknologi<\/li>\n<\/ul>\n<p><b>Funktion:<\/b><\/div>\n<div>\n<ul>\n<li>Ut- och insidans trycke elektriskt man\u00f6vrerat<\/li>\n<\/ul>\n<\/div>\n<div><b><br \/>Teknisk data:<\/b><\/p>\n<ul>\n<li>Driftsp\u00e4nning: 12 &#8211; 24 VDC, stab<\/li>\n<li>Str\u00f6mf\u00f6rbrukning 580-280 mA, 12 VDC 300-160mA, 24 VDC<\/li>\n<\/ul>\n<\/div>","protected":false},"excerpt":{"rendered":"<p>ABLOY multifunktionella eltryckesl\u00e5s EL588 \u00e4r anpassade f\u00f6r h\u00f6gfrekventa d\u00f6rrar med ASSA ABLOY modul urtag. Passar bra som dagl\u00e5sning och intern<\/p>","protected":false},"featured_media":89625,"template":"","meta":{"_acf_changed":false},"product_brand":[],"product_cat":[2318],"product_tag":[2317],"class_list":{"0":"post-61592","1":"product","2":"type-product","3":"status-publish","4":"has-post-thumbnail","6":"product_cat-ellas","7":"product_tag-rg-assa-abloy","8":"product_shipping_class-tunga-paket","9":"pa_brands-abloy","10":"tm-no-options","12":"first","13":"onbackorder","14":"sale","15":"taxable","16":"shipping-taxable","17":"product-type-simple"},"acf":[],"_links":{"self":[{"href":"https:\/\/stonehouse.se\/en\/wp-json\/wp\/v2\/product\/61592","targetHints":{"allow":["GET"]}}],"collection":[{"href":"https:\/\/stonehouse.se\/en\/wp-json\/wp\/v2\/product"}],"about":[{"href":"https:\/\/stonehouse.se\/en\/wp-json\/wp\/v2\/types\/product"}],"wp:featuredmedia":[{"embeddable":true,"href":"https:\/\/stonehouse.se\/en\/wp-json\/wp\/v2\/media\/89625"}],"wp:attachment":[{"href":"https:\/\/stonehouse.se\/en\/wp-json\/wp\/v2\/media?parent=61592"}],"wp:term":[{"taxonomy":"product_brand","embeddable":true,"href":"https:\/\/stonehouse.se\/en\/wp-json\/wp\/v2\/product_brand?post=61592"},{"taxonomy":"product_cat","embeddable":true,"href":"https:\/\/stonehouse.se\/en\/wp-json\/wp\/v2\/product_cat?post=61592"},{"taxonomy":"product_tag","embeddable":true,"href":"https:\/\/stonehouse.se\/en\/wp-json\/wp\/v2\/product_tag?post=61592"}],"curies":[{"name":"wp","href":"https:\/\/api.w.org\/{rel}","templated":true}]}}