
{"id":61608,"date":"2023-09-27T17:59:55","date_gmt":"2023-09-27T15:59:55","guid":{"rendered":"https:\/\/stonehouse.se\/?post_type=product&#038;p=61608"},"modified":"2026-04-08T15:58:36","modified_gmt":"2026-04-08T13:58:36","slug":"eltryckeslas-pe580-med-kabel-ea220","status":"publish","type":"product","link":"https:\/\/stonehouse.se\/en\/product\/eltryckeslas-pe580-med-kabel-ea220\/","title":{"rendered":"Eltryckesl\u00e5s PE580 med Kabel EA220"},"content":{"rendered":"<p><\/p>\n<div>PE 580 tillh\u00f6r en familj av eltryckesl\u00e5s med split spindle-funktion anpassat f\u00f6r anv\u00e4ndning med panikregel 1141. Det uppfyller kraven enligt SS-EN1125. PE580 \u00e4r ett elektromekaniskt styrt tryckesfunktionsl\u00e5s som \u00e4r av multifunktionstyp. Av dagl\u00e5styp och passar bra i aff\u00e4rsbyggnader, intern l\u00e5sning och ytterd\u00f6rrar i flerfamiljshus. Split-funktionsl\u00e5sen har en kombination av mekaniska och elektriska funktioner vilket m\u00f6jligg\u00f6r panikutrymning utan elektrisk styrning. PE580 har tv\u00e5 integrerade mikrobrytare som indikerar kolvens l\u00e4ge samt \u00f6ppning med panikregel. L\u00e5set kan alltid man\u00f6vreras mekaniskt med cylinder eller vred. L\u00e5set f\u00f6rreglas automatiskt n\u00e4r d\u00f6rren st\u00e4ngs.\u00a0<\/div>\n<div><b>Egenskaper\u00a0<\/b><\/div>\n<div>\n<ul>\n<li>Splitfunktion<\/li>\n<li>Utsidans handtag elektriskt styrt<\/li>\n<li>Kan alltid \u00f6ppnas fr\u00e5n insidan med panikregel ASSA ABLOY 1141<\/li>\n<li>L\u00e5set kan styras elektriskt fr\u00e5n t.ex. ett passersystem, eller fr\u00e5n en \u00f6ppnaknapp eller en timer<\/li>\n<li>Enkelt v\u00e4ndbart h\u00f6ger\/v\u00e4nster\u00a0<\/li>\n<li>Omst\u00e4llbar R\u00e4ttv\u00e4nd\/omv\u00e4nd funktion (l\u00e5st eller ol\u00e5t i str\u00f6ml\u00f6st l\u00e4ge)<\/li>\n<li>Regeln f\u00e4lls bara ut n\u00e4r d\u00f6rren \u00e4r st\u00e4ngd<\/li>\n<li>Alla kablar f\u00f6rsedda med kontakter f\u00f6r enkel installation med anslutningskabel EA220<\/li>\n<li>50 mm dorndjup\n<\/li>\n<\/ul>\n<\/div>\n<div><b>Teknisk data<\/b><\/div>\n<div>\n<ul>\n<li>Sp\u00e4nning 12 &#8211; 24 V DC (-10%\/+15%, stab)<\/li>\n<li>Str\u00f6mf\u00f6rbrukning: Max: 550 mA (12V DC), Vila: 240 mA (12V DC)\u00a0<\/li>\n<li>Temperaturomr\u00e5de: -20 &#8211; +60\u00b0C<\/li>\n<\/ul>\n<\/div>","protected":false},"excerpt":{"rendered":"<p>PE 580 tillh\u00f6r en familj av eltryckesl\u00e5s med split spindle-funktion anpassat f\u00f6r anv\u00e4ndning med panikregel 1141. Det uppfyller kraven enligt<\/p>","protected":false},"featured_media":89584,"template":"","meta":{"_acf_changed":false},"product_brand":[],"product_cat":[2318],"product_tag":[2317],"class_list":{"0":"post-61608","1":"product","2":"type-product","3":"status-publish","4":"has-post-thumbnail","6":"product_cat-ellas","7":"product_tag-rg-assa-abloy","8":"product_shipping_class-tunga-paket","9":"pa_brands-abloy","10":"tm-no-options","12":"first","13":"onbackorder","14":"sale","15":"taxable","16":"shipping-taxable","17":"product-type-simple"},"acf":[],"_links":{"self":[{"href":"https:\/\/stonehouse.se\/en\/wp-json\/wp\/v2\/product\/61608","targetHints":{"allow":["GET"]}}],"collection":[{"href":"https:\/\/stonehouse.se\/en\/wp-json\/wp\/v2\/product"}],"about":[{"href":"https:\/\/stonehouse.se\/en\/wp-json\/wp\/v2\/types\/product"}],"wp:featuredmedia":[{"embeddable":true,"href":"https:\/\/stonehouse.se\/en\/wp-json\/wp\/v2\/media\/89584"}],"wp:attachment":[{"href":"https:\/\/stonehouse.se\/en\/wp-json\/wp\/v2\/media?parent=61608"}],"wp:term":[{"taxonomy":"product_brand","embeddable":true,"href":"https:\/\/stonehouse.se\/en\/wp-json\/wp\/v2\/product_brand?post=61608"},{"taxonomy":"product_cat","embeddable":true,"href":"https:\/\/stonehouse.se\/en\/wp-json\/wp\/v2\/product_cat?post=61608"},{"taxonomy":"product_tag","embeddable":true,"href":"https:\/\/stonehouse.se\/en\/wp-json\/wp\/v2\/product_tag?post=61608"}],"curies":[{"name":"wp","href":"https:\/\/api.w.org\/{rel}","templated":true}]}}