
{"id":61618,"date":"2023-09-27T18:00:02","date_gmt":"2023-09-27T16:00:02","guid":{"rendered":"https:\/\/stonehouse.se\/?post_type=product&#038;p=61618"},"modified":"2026-04-08T15:58:34","modified_gmt":"2026-04-08T13:58:34","slug":"relakort-400rc64-till-dac","status":"publish","type":"product","link":"https:\/\/stonehouse.se\/en\/product\/relakort-400rc64-till-dac\/","title":{"rendered":"Rel\u00e4kort 400RC64 till DAC"},"content":{"rendered":"<p>\nASSA ABLOY 400RS64 \u00e4r ett till\u00e4ggskort till DAC 430, DAC 530 och DAC 630 f\u00f6r att ut\u00f6ka antalet rel\u00e4er.<\/p>\n<div><\/div>\n<div><b>Egenskaper<\/b><\/div>\n<div>\n<ul>\n<li>4 ing\u00e5ngar och 6 rel\u00e4bestyckade utg\u00e5ngar. <\/li>\n<li>Ing\u00e5ngar: larmblockering, larmtillslag, dag\/natt med motorl\u00e5s och fri.<\/li>\n<li>Rel\u00e4er: 4 funktionsstyrda, 1 schemastyrt samt ett LFK rel\u00e4.<\/li>\n<li>Monteras i DAC 630 f\u00f6r att f\u00e5 motsvarande DAC 564III<\/li>\n<\/ul>\n<\/div>\n<div><b>Funktion<\/b><\/div>\n<div>\n<ul>\n<li>F\u00f6ljande funktioner \u00e4r ett urval, \u00f6vriga finns specifierade i anv\u00e4ndarmanualen f\u00f6r programvaran.<\/li>\n<li>Tidsstyrd utg\u00e5ng, summer, tempor\u00e4r eller permanent LFK, d\u00f6rrautomatik, d\u00f6rrbladsl\u00e4ge, sabotage, f\u00f6rlarm vid larmtillslag.<\/li>\n<\/ul>\n<\/div>\n<div><\/div>\n<div><\/div>\n<div><\/div>","protected":false},"excerpt":{"rendered":"<h5><a href=\"https:\/\/elslutblecksguiden.se\/\" target=\"_blank\" rel=\"noopener\">Guide for ASSA Electric locks, motor locks, Electric strike plates and replacement guide<\/a><\/h5>","protected":false},"featured_media":89699,"template":"","meta":{"_acf_changed":false},"product_brand":[],"product_cat":[2319],"product_tag":[2317],"class_list":{"0":"post-61618","1":"product","2":"type-product","3":"status-publish","4":"has-post-thumbnail","6":"product_cat-el-motorlastillbehor","7":"product_tag-rg-assa-abloy","8":"product_shipping_class-tunga-paket","9":"pa_brands-abloy","10":"tm-no-options","12":"first","13":"instock","14":"sale","15":"taxable","16":"shipping-taxable","17":"product-type-simple"},"acf":[],"_links":{"self":[{"href":"https:\/\/stonehouse.se\/en\/wp-json\/wp\/v2\/product\/61618","targetHints":{"allow":["GET"]}}],"collection":[{"href":"https:\/\/stonehouse.se\/en\/wp-json\/wp\/v2\/product"}],"about":[{"href":"https:\/\/stonehouse.se\/en\/wp-json\/wp\/v2\/types\/product"}],"wp:featuredmedia":[{"embeddable":true,"href":"https:\/\/stonehouse.se\/en\/wp-json\/wp\/v2\/media\/89699"}],"wp:attachment":[{"href":"https:\/\/stonehouse.se\/en\/wp-json\/wp\/v2\/media?parent=61618"}],"wp:term":[{"taxonomy":"product_brand","embeddable":true,"href":"https:\/\/stonehouse.se\/en\/wp-json\/wp\/v2\/product_brand?post=61618"},{"taxonomy":"product_cat","embeddable":true,"href":"https:\/\/stonehouse.se\/en\/wp-json\/wp\/v2\/product_cat?post=61618"},{"taxonomy":"product_tag","embeddable":true,"href":"https:\/\/stonehouse.se\/en\/wp-json\/wp\/v2\/product_tag?post=61618"}],"curies":[{"name":"wp","href":"https:\/\/api.w.org\/{rel}","templated":true}]}}