
{"id":61620,"date":"2023-09-27T18:00:03","date_gmt":"2023-09-27T16:00:03","guid":{"rendered":"https:\/\/stonehouse.se\/?post_type=product&#038;p=61620"},"modified":"2026-04-08T15:58:31","modified_gmt":"2026-04-08T13:58:31","slug":"styrenhet-dac-530-iii-hi-o","status":"publish","type":"product","link":"https:\/\/stonehouse.se\/en\/product\/styrenhet-dac-530-iii-hi-o\/","title":{"rendered":"Styrenhet DAC 530 III Hi-O"},"content":{"rendered":"<p>\nOBS! detta \u00e4r inte originaldacen f\u00f6r motorl\u00e5s 840C\/841C\/850C\/851C. Denna ing\u00e5r i 814C satsf\u00f6rpackning. DAC530III \u00e4r b\u00e5de en kommunikationsenhet och en intelligent kopplingsplint avsedd att monteras vid varje d\u00f6rrmilj\u00f6. Till varje enhet kan ell\u00e5s, motorl\u00e5s, l\u00e4sare och \u00f6ppningsknapp anslutas. DAC530III \u00e4r en Hi-O-enhet som kan anslutas till en Hi-O-buss, men den kan \u00e4ven anv\u00e4ndas som en traditionell DAC och d\u00e5 anslutas till enheter som inte \u00e4r Hi-O-enheter, som l\u00e4sare, ell\u00e5s och \u00f6ppningsknapp. Hi-O inneb\u00e4r att enheterna har en inbyggd processor och kommunicerar med varandra f\u00f6r att m\u00f6jligg\u00f6ra plug-and-play-installation. Med hj\u00e4lp av Hi-O kan varje enhet erbjuda intelligent drift\u00f6vervakning i realtid.<br \/>\n<br \/>\n<b>Egenskaper:<\/b><br \/>\n<\/p>\n<ul>\n<li>DAC530 har inbyggd motorl\u00e5sstyrning f\u00f6r Hi-O-motorl\u00e5s.<\/li>\n<li>Matningssp\u00e4nning: 12-24 V AC \/ DC<\/li>\n<li>Max str\u00f6mf\u00f6rbrukning: 12 V DC 55 mA, 24 V DC 40 mA<\/li>\n<li>Temperaturomr\u00e5de: +5 till +40\u00b0C (ej kondenserande)<\/li>\n<li>Vikt: 200 g<\/li>\n<li>Volym: 0,0832 m\u00b3<\/li>\n<li>M\u00e5tt: (hxbxd) 175x180x45 mm<\/li>\n<\/ul>","protected":false},"excerpt":{"rendered":"<h5><a href=\"https:\/\/elslutblecksguiden.se\/\" target=\"_blank\" rel=\"noopener\">Guide f\u00f6r ASSA Ell\u00e5s, motorl\u00e5s, Elslutbleck och utbytesguide<\/a><\/h5>","protected":false},"featured_media":89697,"template":"","meta":{"_acf_changed":false},"product_brand":[],"product_cat":[2319],"product_tag":[2317],"class_list":{"0":"post-61620","1":"product","2":"type-product","3":"status-publish","4":"has-post-thumbnail","6":"product_cat-el-motorlastillbehor","7":"product_tag-rg-assa-abloy","8":"product_shipping_class-tunga-paket","9":"pa_brands-abloy","10":"tm-no-options","12":"first","13":"onbackorder","14":"sale","15":"taxable","16":"shipping-taxable","17":"product-type-simple"},"acf":[],"_links":{"self":[{"href":"https:\/\/stonehouse.se\/en\/wp-json\/wp\/v2\/product\/61620","targetHints":{"allow":["GET"]}}],"collection":[{"href":"https:\/\/stonehouse.se\/en\/wp-json\/wp\/v2\/product"}],"about":[{"href":"https:\/\/stonehouse.se\/en\/wp-json\/wp\/v2\/types\/product"}],"wp:featuredmedia":[{"embeddable":true,"href":"https:\/\/stonehouse.se\/en\/wp-json\/wp\/v2\/media\/89697"}],"wp:attachment":[{"href":"https:\/\/stonehouse.se\/en\/wp-json\/wp\/v2\/media?parent=61620"}],"wp:term":[{"taxonomy":"product_brand","embeddable":true,"href":"https:\/\/stonehouse.se\/en\/wp-json\/wp\/v2\/product_brand?post=61620"},{"taxonomy":"product_cat","embeddable":true,"href":"https:\/\/stonehouse.se\/en\/wp-json\/wp\/v2\/product_cat?post=61620"},{"taxonomy":"product_tag","embeddable":true,"href":"https:\/\/stonehouse.se\/en\/wp-json\/wp\/v2\/product_tag?post=61620"}],"curies":[{"name":"wp","href":"https:\/\/api.w.org\/{rel}","templated":true}]}}