
{"id":61623,"date":"2023-09-27T18:00:05","date_gmt":"2023-09-27T16:00:05","guid":{"rendered":"https:\/\/stonehouse.se\/?post_type=product&#038;p=61623"},"modified":"2026-04-08T15:58:28","modified_gmt":"2026-04-08T13:58:28","slug":"styrenhet-dac-630-hi-o","status":"publish","type":"product","link":"https:\/\/stonehouse.se\/en\/product\/styrenhet-dac-630-hi-o\/","title":{"rendered":"Styrenhet DAC 630 Hi-O"},"content":{"rendered":"<p>\nASSA ABLOY DAC630 \u00e4r b\u00e5de en kommunikationsenhet och en intelligent kopplingsplint avsedd att monteras vid varje d\u00f6rrmilj\u00f6. Till varje enhet kan ell\u00e5s, motorl\u00e5s, l\u00e4sare och \u00f6ppningsknapp anslutas. DAC630 \u00e4r en Hi-O-enhet som kan anslutas till en Hi-O-buss, men den kan \u00e4ven anv\u00e4ndas som en traditionell DAC och d\u00e5 anslutas till enheter som inte \u00e4r Hi-O-enheter, som l\u00e4sare, ell\u00e5s och \u00f6ppningsknapp. Hi-O inneb\u00e4r att enheterna har en inbyggd processor och kommunicerar med varandra f\u00f6r att m\u00f6jligg\u00f6ra plug-and-play-installation. Med hj\u00e4lp av Hi-O kan varje enhet erbjuda intelligent drift\u00f6vervakning i realtid.<\/p>\n<div><b>Egenskaper:<\/b><\/p>\n<ul>\n<li>F\u00f6r Hi-O enheter och traditionella CL20-enheter<\/li>\n<li>Plats f\u00f6r rel\u00e4kort 400RC\/SIO6-4<\/li>\n<li>M\u00e5tt: 183x183x46 mm<\/li>\n<li>Kapsling PC\/ABS<\/li>\n<li><b>OBS! rel\u00e4kort 400RC64 kr\u00e4vs f\u00f6r att motsvara DAC 564III<\/b><\/li>\n<\/ul>\n<\/div>\n<div><b>Teknisk data:<\/b><\/p>\n<ul>\n<li>Sp\u00e4nning: 24-28VDC, max 30mA<\/li>\n<li>Temperatur: -10 till +40\u00b0C<\/li>\n<li>IP klassning: IP20<\/li>\n<li>Luftfuktighet: 5% &#8211; 95%\u00a0<\/li>\n<\/ul>\n<\/div>\n<div><\/div>","protected":false},"excerpt":{"rendered":"<h5><a href=\"https:\/\/elslutblecksguiden.se\/\" target=\"_blank\" rel=\"noopener\">Guide f\u00f6r ASSA Ell\u00e5s, motorl\u00e5s, Elslutbleck och utbytesguide<\/a><\/h5>","protected":false},"featured_media":89695,"template":"","meta":{"_acf_changed":false},"product_brand":[],"product_cat":[2319],"product_tag":[2317],"class_list":{"0":"post-61623","1":"product","2":"type-product","3":"status-publish","4":"has-post-thumbnail","6":"product_cat-el-motorlastillbehor","7":"product_tag-rg-assa-abloy","8":"product_shipping_class-tunga-paket","9":"pa_brands-abloy","10":"tm-no-options","12":"first","13":"instock","14":"sale","15":"taxable","16":"shipping-taxable","17":"product-type-simple"},"acf":[],"_links":{"self":[{"href":"https:\/\/stonehouse.se\/en\/wp-json\/wp\/v2\/product\/61623","targetHints":{"allow":["GET"]}}],"collection":[{"href":"https:\/\/stonehouse.se\/en\/wp-json\/wp\/v2\/product"}],"about":[{"href":"https:\/\/stonehouse.se\/en\/wp-json\/wp\/v2\/types\/product"}],"wp:featuredmedia":[{"embeddable":true,"href":"https:\/\/stonehouse.se\/en\/wp-json\/wp\/v2\/media\/89695"}],"wp:attachment":[{"href":"https:\/\/stonehouse.se\/en\/wp-json\/wp\/v2\/media?parent=61623"}],"wp:term":[{"taxonomy":"product_brand","embeddable":true,"href":"https:\/\/stonehouse.se\/en\/wp-json\/wp\/v2\/product_brand?post=61623"},{"taxonomy":"product_cat","embeddable":true,"href":"https:\/\/stonehouse.se\/en\/wp-json\/wp\/v2\/product_cat?post=61623"},{"taxonomy":"product_tag","embeddable":true,"href":"https:\/\/stonehouse.se\/en\/wp-json\/wp\/v2\/product_tag?post=61623"}],"curies":[{"name":"wp","href":"https:\/\/api.w.org\/{rel}","templated":true}]}}