
{"id":61626,"date":"2023-09-27T18:00:06","date_gmt":"2023-09-27T16:00:06","guid":{"rendered":"https:\/\/stonehouse.se\/?post_type=product&#038;p=61626"},"modified":"2026-04-08T15:58:25","modified_gmt":"2026-04-08T13:58:25","slug":"i-o-box350-hi-o-till-analog","status":"publish","type":"product","link":"https:\/\/stonehouse.se\/en\/product\/i-o-box350-hi-o-till-analog\/","title":{"rendered":"I\/O-Box350 Hi-O till Analog"},"content":{"rendered":"<p>\nASSA ABLOY I\/O-Box 350 anv\u00e4nds f\u00f6r koppling Hi-O till analog. Passar och ing\u00e5r i eltryckesl\u00e5ssatser i Velox-serien (813C, 815C, 820C, 825C och 835C).<\/p>","protected":false},"excerpt":{"rendered":"<h5><a href=\"https:\/\/elslutblecksguiden.se\/\" target=\"_blank\" rel=\"noopener\">Guide for ASSA Electric locks, motor locks, Electric strike plates and replacement guide<\/a><\/h5>","protected":false},"featured_media":89670,"template":"","meta":{"_acf_changed":false},"product_brand":[],"product_cat":[2319],"product_tag":[2628,2317],"class_list":{"0":"post-61626","1":"product","2":"type-product","3":"status-publish","4":"has-post-thumbnail","6":"product_cat-el-motorlastillbehor","7":"product_tag-eltryckeslas-815","8":"product_tag-rg-assa-abloy","9":"product_shipping_class-tunga-paket","10":"pa_brands-abloy","11":"tm-no-options","13":"first","14":"onbackorder","15":"sale","16":"taxable","17":"shipping-taxable","18":"product-type-simple"},"acf":[],"_links":{"self":[{"href":"https:\/\/stonehouse.se\/en\/wp-json\/wp\/v2\/product\/61626","targetHints":{"allow":["GET"]}}],"collection":[{"href":"https:\/\/stonehouse.se\/en\/wp-json\/wp\/v2\/product"}],"about":[{"href":"https:\/\/stonehouse.se\/en\/wp-json\/wp\/v2\/types\/product"}],"wp:featuredmedia":[{"embeddable":true,"href":"https:\/\/stonehouse.se\/en\/wp-json\/wp\/v2\/media\/89670"}],"wp:attachment":[{"href":"https:\/\/stonehouse.se\/en\/wp-json\/wp\/v2\/media?parent=61626"}],"wp:term":[{"taxonomy":"product_brand","embeddable":true,"href":"https:\/\/stonehouse.se\/en\/wp-json\/wp\/v2\/product_brand?post=61626"},{"taxonomy":"product_cat","embeddable":true,"href":"https:\/\/stonehouse.se\/en\/wp-json\/wp\/v2\/product_cat?post=61626"},{"taxonomy":"product_tag","embeddable":true,"href":"https:\/\/stonehouse.se\/en\/wp-json\/wp\/v2\/product_tag?post=61626"}],"curies":[{"name":"wp","href":"https:\/\/api.w.org\/{rel}","templated":true}]}}