
{"id":61656,"date":"2023-09-27T18:01:24","date_gmt":"2023-09-27T16:01:24","guid":{"rendered":"https:\/\/stonehouse.se\/?post_type=product&#038;p=61656"},"modified":"2026-04-01T16:27:22","modified_gmt":"2026-04-01T14:27:22","slug":"motorlashus-840c-70-hi-o","status":"publish","type":"product","link":"https:\/\/stonehouse.se\/en\/product\/motorlashus-840c-70-hi-o\/","title":{"rendered":"Motorl\u00e5shus 840C-70 Hi-O"},"content":{"rendered":"<p><b>Beskrivning:<br \/><\/b><br \/>\nASSA ABLOY Motorl\u00e5s 840C \u00e4r v\u00e4lbepr\u00f6vat och popul\u00e4rt p\u00e5 marknaden. Det passar bra som dag, natt- och s\u00e4kerhets-l\u00e5sning i d\u00f6rrar med h\u00f6ga s\u00e4kerhetskrav inom handel, kontor och industri. Motorl\u00e5s 840C \u00e4r en Hi-O-enhet som ansluts till en DAC630 alternativt DAC530. Hi-O inneb\u00e4r att enheterna har en inbyggd mikrodator och kommunicerar med varandra f\u00f6r plug-and-playinstallation, synkronisering av d\u00f6rrdrift, \u00f6vervakning av beteenden och f\u00f6r att skicka diagnostisk information.\u00a0<\/p>\n<div><\/div>\n<div><b>Engenskaper:<\/b>\u00a0<\/div>\n<div>\n<ul>\n<li>Dorndjup 70 mm.\u00a0<\/li>\n<li>Certifierade enligt SSF3522, klass 4<\/li>\n<li>\u00d6ppningshastighet under 1\/3 sekund.\u00a0<\/li>\n<li>L\u00e5set kan alltid \u00f6ppnas med nyckel\/vred.\u00a0<\/li>\n<li>Inbyggd d\u00f6rrl\u00e4gesgivare (magnet i slutbleck).\u00a0<\/li>\n<li>Tryckesfall som \u00e4r godk\u00e4nd f\u00f6r montage i brandcellsgr\u00e4ns E\/EI 120.\u00a0<\/li>\n<li>Certifierat enligt SS-EN 14846<\/li>\n<li>Enkelt omst\u00e4llbar h\u00f6ger\/v\u00e4nster<\/li>\n<li>Kan kombineras med andra Hi-O-enheter utan styrenhet, t. ex. dagl\u00e5s, d\u00f6rrautomatik och kortl\u00e4sare<\/li>\n<li>Motorl\u00e5s Temp &#8211; 20 \u00b0C &#8211; + 70 \u00b0C\u00a0<\/li>\n<li>Passande styrenheten klarar tempratur +5 \u00b0C &#8211; +40 \u00b0C, 20 &#8211; 90 % relativ luftfuktighet, icke kondenserande<\/li>\n<\/ul>\n<p><b>Teknisk data:<\/b><\/p>\n<ul>\n<li>Driftsp\u00e4nning: 12-24 VDC stab -5%+15%\u00a0<\/li>\n<li>Str\u00f6mf\u00f6rbrukning: Vila 50 mA Max 445 mA vid 24 VDC\u00a0<\/li>\n<li>Certifierad enligt EN14846<\/li>\n<\/ul>\n<\/div>","protected":false},"excerpt":{"rendered":"<p>Beskrivning: ASSA ABLOY Motorl\u00e5s 840C \u00e4r v\u00e4lbepr\u00f6vat och popul\u00e4rt p\u00e5 marknaden. Det passar bra som dag, natt- och s\u00e4kerhets-l\u00e5sning i<\/p>","protected":false},"featured_media":92503,"template":"","meta":{"_acf_changed":false},"product_brand":[],"product_cat":[2320],"product_tag":[3374,3724,3567,3577,3569,3573],"class_list":{"0":"post-61656","1":"product","2":"type-product","3":"status-publish","4":"has-post-thumbnail","6":"product_cat-motorlas","7":"product_tag-3374","8":"product_tag-dorndjup-70mm","9":"product_tag-krypterad-kommunikation-ja","10":"product_tag-nodutrymning-nej","11":"product_tag-panikutrymning-nej","12":"product_tag-spanning-ac-dc","13":"product_shipping_class-tunga-paket","14":"pa_brands-abloy","15":"tm-no-options","17":"first","18":"onbackorder","19":"sale","20":"taxable","21":"shipping-taxable","22":"product-type-simple"},"acf":[],"_links":{"self":[{"href":"https:\/\/stonehouse.se\/en\/wp-json\/wp\/v2\/product\/61656","targetHints":{"allow":["GET"]}}],"collection":[{"href":"https:\/\/stonehouse.se\/en\/wp-json\/wp\/v2\/product"}],"about":[{"href":"https:\/\/stonehouse.se\/en\/wp-json\/wp\/v2\/types\/product"}],"wp:featuredmedia":[{"embeddable":true,"href":"https:\/\/stonehouse.se\/en\/wp-json\/wp\/v2\/media\/92503"}],"wp:attachment":[{"href":"https:\/\/stonehouse.se\/en\/wp-json\/wp\/v2\/media?parent=61656"}],"wp:term":[{"taxonomy":"product_brand","embeddable":true,"href":"https:\/\/stonehouse.se\/en\/wp-json\/wp\/v2\/product_brand?post=61656"},{"taxonomy":"product_cat","embeddable":true,"href":"https:\/\/stonehouse.se\/en\/wp-json\/wp\/v2\/product_cat?post=61656"},{"taxonomy":"product_tag","embeddable":true,"href":"https:\/\/stonehouse.se\/en\/wp-json\/wp\/v2\/product_tag?post=61656"}],"curies":[{"name":"wp","href":"https:\/\/api.w.org\/{rel}","templated":true}]}}