
{"id":61800,"date":"2023-09-27T18:13:24","date_gmt":"2023-09-27T16:13:24","guid":{"rendered":"https:\/\/stonehouse.se\/?post_type=product&#038;p=61800"},"modified":"2026-04-08T15:57:12","modified_gmt":"2026-04-08T13:57:12","slug":"elslutbleck-941m-omvand-12-24v-kolvkontakt","status":"publish","type":"product","link":"https:\/\/stonehouse.se\/en\/product\/elslutbleck-941m-omvand-12-24v-kolvkontakt\/","title":{"rendered":"Elslutbleck 941M Omv\u00e4nd 12-24V Kolvkontakt"},"content":{"rendered":"<p>\nASSA ABLOY 941M \u00e4r ett elslutbleck f\u00f6r d\u00f6rrar med normalt st\u00e4llda krav p\u00e5 s\u00e4kerhet. Passar bra som dagl\u00e5sning i skalskydd och intern l\u00e5sning inom handel, kontor och industri eller entr\u00e9er och allm\u00e4nna utrymmen i flerfamiljshus. Konstruerat f\u00f6r anv\u00e4ndning i d\u00f6rrar i kombination med f\u00f6rreglade enkel- och dubbelfall\u00e5s. Finns \u00e4ven med r\u00e4ttv\u00e4nd funktion och heter d\u00e5 940M. 941M ers\u00e4tter tidigare elslutbleck 905, 905M, 911 och 911M.<\/p>\n<div>\n<div><b>Egenskaper:<\/b><\/div>\n<div>\n<ul>\n<li>Omv\u00e4nd funktion (ol\u00e5st i str\u00f6ml\u00f6st l\u00e4ge)<\/li>\n<li>Multisp\u00e4nning 12-24V DC (-10\/+15%)<\/li>\n<li>L\u00e5skolvkontakt (mikrobrytare)<\/li>\n<li>Listtrycksteknik 100 kg<\/li>\n<li>Bryth\u00e5llfasthet 900 kg<\/li>\n<li>Knacks\u00e4ker<\/li>\n<li>Symmetriskt utformat, v\u00e4ndbart h\u00f6ger\/v\u00e4nster<\/li>\n<\/ul>\n<\/div>\n<div><b>Tekniska data:<\/b><\/div>\n<div>\n<ul>\n<li>Sp\u00e4nningsmatning 12-24V DC (-10\/+15%)<\/li>\n<li>Startstr\u00f6m vid 24V XX mA, drift XXmA<\/li>\n<li>Vilostr\u00f6m vid 24V 0mA (r\u00e4ttv\u00e4nd funktion), XXmA (omv\u00e4nd funktion)<\/li>\n<li>Startstr\u00f6m vid 12V XXmA, drift XXmA<\/li>\n<li>Vilostr\u00f6m vid 12V 0mA (r\u00e4ttv\u00e4nd funktion), XXmA (omv\u00e4nd funktion)<\/li>\n<\/ul>\n<\/div>\n<\/div>","protected":false},"excerpt":{"rendered":"<p>H\u00e4r kan se vilka stolpar och modeller som passar ihop fr\u00e5n Assa sortimentet av Elslutbleck.<\/p>\n<h5><a href=\"https:\/\/elslutblecksguiden.se\/\" target=\"_blank\" rel=\"noopener\">Guide for ASSA Electric locks, motor locks, Electric strike plates and replacement guide<\/a><\/h5>","protected":false},"featured_media":89650,"template":"","meta":{"_acf_changed":false},"product_brand":[],"product_cat":[2321],"product_tag":[3420,3425,2317],"class_list":{"0":"post-61800","1":"product","2":"type-product","3":"status-publish","4":"has-post-thumbnail","6":"product_cat-elslutbleck","7":"product_tag-12-24v","8":"product_tag-omvand","9":"product_tag-rg-assa-abloy","10":"product_shipping_class-tunga-paket","11":"pa_brands-abloy","12":"tm-no-options","14":"first","15":"instock","16":"sale","17":"taxable","18":"shipping-taxable","19":"product-type-simple"},"acf":[],"_links":{"self":[{"href":"https:\/\/stonehouse.se\/en\/wp-json\/wp\/v2\/product\/61800","targetHints":{"allow":["GET"]}}],"collection":[{"href":"https:\/\/stonehouse.se\/en\/wp-json\/wp\/v2\/product"}],"about":[{"href":"https:\/\/stonehouse.se\/en\/wp-json\/wp\/v2\/types\/product"}],"wp:featuredmedia":[{"embeddable":true,"href":"https:\/\/stonehouse.se\/en\/wp-json\/wp\/v2\/media\/89650"}],"wp:attachment":[{"href":"https:\/\/stonehouse.se\/en\/wp-json\/wp\/v2\/media?parent=61800"}],"wp:term":[{"taxonomy":"product_brand","embeddable":true,"href":"https:\/\/stonehouse.se\/en\/wp-json\/wp\/v2\/product_brand?post=61800"},{"taxonomy":"product_cat","embeddable":true,"href":"https:\/\/stonehouse.se\/en\/wp-json\/wp\/v2\/product_cat?post=61800"},{"taxonomy":"product_tag","embeddable":true,"href":"https:\/\/stonehouse.se\/en\/wp-json\/wp\/v2\/product_tag?post=61800"}],"curies":[{"name":"wp","href":"https:\/\/api.w.org\/{rel}","templated":true}]}}