
{"id":61802,"date":"2023-09-27T18:13:29","date_gmt":"2023-09-27T16:13:29","guid":{"rendered":"https:\/\/stonehouse.se\/?post_type=product&#038;p=61802"},"modified":"2026-04-08T16:03:45","modified_gmt":"2026-04-08T14:03:45","slug":"elslutbleck-960c-rattvand-12-24v-hi-o-kolvkontakt-5m-kabel","status":"publish","type":"product","link":"https:\/\/stonehouse.se\/en\/product\/elslutbleck-960c-rattvand-12-24v-hi-o-kolvkontakt-5m-kabel\/","title":{"rendered":"Elslutbleck 960C R\u00e4ttv\u00e4nd 12-24V Hi-O Kolvkontakt 5m Kabel"},"content":{"rendered":"<h1>Elslutbleck 960C R\u00e4ttv\u00e4nd 12-24V Hi-O Kolvkontakt 5m Kabel<\/h1>\n<p>ASSA ABLOY Elslutbleck 960C \u00e4r designat f\u00f6r d\u00f6rrar med h\u00f6ga krav p\u00e5 listtryck och s\u00e4kerhet.Det \u00e4r en p\u00e5litlig l\u00f6sning f\u00f6r skalskydd och intern l\u00e5sning inom handel, kontor och industri.Kompatibelt med Hi-O Can bus-teknik och utrustat med kolvkontakt och 5m anslutningskabel.Elslutblecket har en h\u00f6g bryth\u00e5llfasthet p\u00e5 15 kN och brandklass E\/EI 120 f\u00f6r extra s\u00e4kerhet.<\/p>\n<p class=\"\" data-start=\"492\" data-end=\"962\">ASSA ABLOY Elslutbleck 960C \u00e4r ett robust s\u00e4kerhetsl\u00f6sning f\u00f6r d\u00f6rrar som st\u00e4ller h\u00f6ga krav p\u00e5 listtryck och s\u00e4kerhet.<\/p>\n<p class=\"\" data-start=\"492\" data-end=\"962\">Det passar utm\u00e4rkt som dagl\u00e5sning i skalskydd, kontor, industri samt allm\u00e4nna utrymmen i flerfamiljshus.<\/p>\n<p class=\"\" data-start=\"492\" data-end=\"962\">Elslutblecket \u00e4r designat f\u00f6r anv\u00e4ndning i d\u00f6rrar tillsammans med f\u00f6rreglade enkel- eller dubbelfall\u00e5s och \u00e4r kompatibelt med Hi-O Can bus-teknik, vilket g\u00f6r det m\u00f6jligt att integrera i moderna s\u00e4kerhetssystem.<\/p>\n<p class=\"\" data-start=\"964\" data-end=\"1445\">960C erbjuder imponerande funktioner, som en r\u00e4ttv\u00e4nd funktion (ol\u00e5st vid sp\u00e4nningsbortfall) och en h\u00f6g bryth\u00e5llfasthet p\u00e5 15 kN (1500 kg), vilket g\u00f6r det idealiskt f\u00f6r tuffa s\u00e4kerhetsbehov.<\/p>\n<p class=\"\" data-start=\"964\" data-end=\"1445\">Det \u00e4r brandklassat upp till E\/EI 120, vilket ger ett extra lager av s\u00e4kerhet i brandutsatta milj\u00f6er.<\/p>\n<p class=\"\" data-start=\"964\" data-end=\"1445\">Elslutblecket har \u00e4ven h\u00f6g skak- och slags\u00e4kerhet, vilket skyddar mot manipulation.<\/p>\n<p class=\"\" data-start=\"964\" data-end=\"1445\">Den inkluderade 5 meter l\u00e5nga anslutningskabeln och kolvkontakten g\u00f6r installationen enkel och flexibel.<\/p>\n<p class=\"\" data-start=\"1447\" data-end=\"1475\"><strong data-start=\"1447\" data-end=\"1475\">Egenskaper och f\u00f6rdelar:<\/strong><\/p>\n<ul data-start=\"1476\" data-end=\"1746\">\n<li class=\"\" data-start=\"1476\" data-end=\"1525\">\n<p class=\"\" data-start=\"1478\" data-end=\"1525\">R\u00e4ttv\u00e4nd funktion (ol\u00e5st vid sp\u00e4nningsbortfall)<\/p>\n<\/li>\n<li class=\"\" data-start=\"1526\" data-end=\"1562\">\n<p class=\"\" data-start=\"1528\" data-end=\"1562\">Bryth\u00e5llfasthet p\u00e5 15 kN (1500 kg)<\/p>\n<\/li>\n<li class=\"\" data-start=\"1563\" data-end=\"1593\">\n<p class=\"\" data-start=\"1565\" data-end=\"1593\">Brandklass upp till E\/EI 120<\/p>\n<\/li>\n<li class=\"\" data-start=\"1594\" data-end=\"1622\">\n<p class=\"\" data-start=\"1596\" data-end=\"1622\">H\u00f6g skak- och slags\u00e4kerhet<\/p>\n<\/li>\n<li class=\"\" data-start=\"1623\" data-end=\"1659\">\n<p class=\"\" data-start=\"1625\" data-end=\"1659\">F\u00f6rzinkat hus och vridfall av st\u00e5l<\/p>\n<\/li>\n<li class=\"\" data-start=\"1660\" data-end=\"1697\">\n<p class=\"\" data-start=\"1662\" data-end=\"1697\">Kompatibelt med Hi-O Can bus-teknik<\/p>\n<\/li>\n<li class=\"\" data-start=\"1698\" data-end=\"1746\">\n<p class=\"\" data-start=\"1700\" data-end=\"1746\">Inkluderad 5m anslutningskabel och kolvkontakt<\/p>\n<\/li>\n<\/ul>\n<p class=\"\" data-start=\"1748\" data-end=\"1774\"><strong data-start=\"1748\" data-end=\"1774\">Teknisk specifikation:<\/strong><\/p>\n<ul data-start=\"1775\" data-end=\"2147\">\n<li class=\"\" data-start=\"1775\" data-end=\"1799\">\n<p class=\"\" data-start=\"1777\" data-end=\"1799\">Inbyggt transientskydd<\/p>\n<\/li>\n<li class=\"\" data-start=\"1800\" data-end=\"1840\">\n<p class=\"\" data-start=\"1802\" data-end=\"1840\">Sp\u00e4nningsmatning 12-24VAC\/DC \u00b110% +15%<\/p>\n<\/li>\n<li class=\"\" data-start=\"1841\" data-end=\"1887\">\n<p class=\"\" data-start=\"1843\" data-end=\"1887\">Startstr\u00f6m vid 24V: 240mA, driftstr\u00f6m: 145mA<\/p>\n<\/li>\n<li class=\"\" data-start=\"1888\" data-end=\"1934\">\n<p class=\"\" data-start=\"1890\" data-end=\"1934\">Startstr\u00f6m vid 12V: 620mA, driftstr\u00f6m: 310mA<\/p>\n<\/li>\n<li class=\"\" data-start=\"1935\" data-end=\"1960\">\n<p class=\"\" data-start=\"1937\" data-end=\"1960\">Brandtestad 120 minuter<\/p>\n<\/li>\n<li class=\"\" data-start=\"1961\" data-end=\"1990\">\n<p class=\"\" data-start=\"1963\" data-end=\"1990\">D\u00f6rrh\u00e4ngning: H\u00f6ger\/V\u00e4nster<\/p>\n<\/li>\n<li class=\"\" data-start=\"1991\" data-end=\"2026\">\n<p class=\"\" data-start=\"1993\" data-end=\"2026\">L\u00e5styp: Enkelfall\u00e5s, Dubbelfall\u00e5s<\/p>\n<\/li>\n<li class=\"\" data-start=\"2027\" data-end=\"2071\">\n<p class=\"\" data-start=\"2029\" data-end=\"2071\">Sp\u00e4nning max: 27,6 V, Sp\u00e4nning min: 10,8 V<\/p>\n<\/li>\n<li class=\"\" data-start=\"2072\" data-end=\"2102\">\n<p class=\"\" data-start=\"2074\" data-end=\"2102\">F\u00e4rg\/Ytbehandling: F\u00f6rzinkad<\/p>\n<\/li>\n<li class=\"\" data-start=\"2103\" data-end=\"2125\">\n<p class=\"\" data-start=\"2105\" data-end=\"2125\">H\u00f6jd produkt: 140 mm<\/p>\n<\/li>\n<li class=\"\" data-start=\"2126\" data-end=\"2147\">\n<p class=\"\" data-start=\"2128\" data-end=\"2147\">Kabell\u00e4ngd: 5 meter<\/p>\n<\/li>\n<\/ul>","protected":false},"excerpt":{"rendered":"<h5><a href=\"https:\/\/elslutblecksguiden.se\/\" target=\"_blank\" rel=\"noopener\">Guide for ASSA Electric locks, motor locks, Electric strike plates and replacement guide<\/a><\/h5>","protected":false},"featured_media":89642,"template":"","meta":{"_acf_changed":false},"product_brand":[],"product_cat":[2321],"product_tag":[3420,3424,2317],"class_list":{"0":"post-61802","1":"product","2":"type-product","3":"status-publish","4":"has-post-thumbnail","6":"product_cat-elslutbleck","7":"product_tag-12-24v","8":"product_tag-rattvand","9":"product_tag-rg-assa-abloy","10":"product_shipping_class-tunga-paket","11":"pa_brands-abloy","12":"tm-no-options","14":"first","15":"instock","16":"sale","17":"taxable","18":"shipping-taxable","19":"product-type-simple"},"acf":[],"_links":{"self":[{"href":"https:\/\/stonehouse.se\/en\/wp-json\/wp\/v2\/product\/61802","targetHints":{"allow":["GET"]}}],"collection":[{"href":"https:\/\/stonehouse.se\/en\/wp-json\/wp\/v2\/product"}],"about":[{"href":"https:\/\/stonehouse.se\/en\/wp-json\/wp\/v2\/types\/product"}],"wp:featuredmedia":[{"embeddable":true,"href":"https:\/\/stonehouse.se\/en\/wp-json\/wp\/v2\/media\/89642"}],"wp:attachment":[{"href":"https:\/\/stonehouse.se\/en\/wp-json\/wp\/v2\/media?parent=61802"}],"wp:term":[{"taxonomy":"product_brand","embeddable":true,"href":"https:\/\/stonehouse.se\/en\/wp-json\/wp\/v2\/product_brand?post=61802"},{"taxonomy":"product_cat","embeddable":true,"href":"https:\/\/stonehouse.se\/en\/wp-json\/wp\/v2\/product_cat?post=61802"},{"taxonomy":"product_tag","embeddable":true,"href":"https:\/\/stonehouse.se\/en\/wp-json\/wp\/v2\/product_tag?post=61802"}],"curies":[{"name":"wp","href":"https:\/\/api.w.org\/{rel}","templated":true}]}}