
{"id":61805,"date":"2023-09-27T18:13:30","date_gmt":"2023-09-27T16:13:30","guid":{"rendered":"https:\/\/stonehouse.se\/?post_type=product&#038;p=61805"},"modified":"2026-04-08T15:57:12","modified_gmt":"2026-04-08T13:57:12","slug":"elslutbleck-920c-rattvand-hi-o-12-24v","status":"publish","type":"product","link":"https:\/\/stonehouse.se\/en\/product\/elslutbleck-920c-rattvand-hi-o-12-24v\/","title":{"rendered":"Elslutbleck 920C R\u00e4ttv\u00e4nd Hi-O 12-24V"},"content":{"rendered":"<h1>Elslutbleck 920C R\u00e4ttv\u00e4nd Hi-O 12-24V<\/h1>\n<p>ASSA Elslutbleck 920C i 900-serien \u00e4r idealiskt f\u00f6r d\u00f6rrar med normala s\u00e4kerhetskrav och fungerar bra som dagl\u00e5sning f\u00f6r skalskydd, kontor, industri eller flerfamiljshus.Kompatibelt med Hi-O Can bus-teknik, har det en r\u00e4ttv\u00e4nd funktion (l\u00e5st i str\u00f6ml\u00f6st l\u00e4ge) och erbjuder h\u00f6g s\u00e4kerhet med en bryth\u00e5llfasthet p\u00e5 10 kN och en brandklassning E\/EI60.<\/p>\n<p class=\"\" data-start=\"450\" data-end=\"874\">ASSA Elslutbleck 920C \u00e4r en s\u00e4kerhetsl\u00f6sning f\u00f6r d\u00f6rrar som kr\u00e4ver normal s\u00e4kerhet i kommersiella och industriella milj\u00f6er, samt flerfamiljshus.<\/p>\n<p class=\"\" data-start=\"450\" data-end=\"874\">Med sin r\u00e4ttv\u00e4nda funktion, d\u00e4r det \u00e4r l\u00e5st i str\u00f6ml\u00f6st l\u00e4ge, \u00e4r detta elslutbleck en p\u00e5litlig l\u00f6sning f\u00f6r skalskydd och intern l\u00e5sning. Det \u00e4r kompatibelt med Hi-O Can bus-teknik, vilket g\u00f6r det enkelt att integrera med andra s\u00e4kerhetssystem.<\/p>\n<p class=\"\" data-start=\"876\" data-end=\"1324\">Elslutblecket har en imponerande bryth\u00e5llfasthet p\u00e5 10 kN (1000 kg) och erbjuder h\u00f6g skak- och slags\u00e4kerhet f\u00f6r att motst\u00e5 manipulation.<\/p>\n<p class=\"\" data-start=\"876\" data-end=\"1324\">L\u00e5shuset \u00e4r tillverkat av st\u00e5l och det har ett vridfall av st\u00e5l f\u00f6r extra h\u00e5llbarhet. Den f\u00f6rb\u00e4ttrade listtrycksfunktionen g\u00f6r att det fungerar effektivt \u00e4ven under tuffa f\u00f6rh\u00e5llanden.<\/p>\n<p class=\"\" data-start=\"876\" data-end=\"1324\">Dess brandklassning E\/EI60 s\u00e4kerst\u00e4ller att det ocks\u00e5 har brandskyddsegenskaper f\u00f6r milj\u00f6er d\u00e4r brandklassificering \u00e4r viktig.<\/p>\n<p class=\"\" data-start=\"1326\" data-end=\"1354\"><strong data-start=\"1326\" data-end=\"1354\">Egenskaper och f\u00f6rdelar:<\/strong><\/p>\n<ul data-start=\"1355\" data-end=\"1606\">\n<li class=\"\" data-start=\"1355\" data-end=\"1400\">\n<p class=\"\" data-start=\"1357\" data-end=\"1400\">R\u00e4ttv\u00e4nd funktion (l\u00e5st vid str\u00f6ml\u00f6st l\u00e4ge)<\/p>\n<\/li>\n<li class=\"\" data-start=\"1401\" data-end=\"1435\">\n<p class=\"\" data-start=\"1403\" data-end=\"1435\">Brandklass E\/EI60 f\u00f6r \u00f6kat skydd<\/p>\n<\/li>\n<li class=\"\" data-start=\"1436\" data-end=\"1476\">\n<p class=\"\" data-start=\"1438\" data-end=\"1476\">H\u00f6g bryth\u00e5llfasthet p\u00e5 10 kN (1000 kg)<\/p>\n<\/li>\n<li class=\"\" data-start=\"1477\" data-end=\"1514\">\n<p class=\"\" data-start=\"1479\" data-end=\"1514\">Kompatibelt med Hi-O Can bus-teknik<\/p>\n<\/li>\n<li class=\"\" data-start=\"1515\" data-end=\"1554\">\n<p class=\"\" data-start=\"1517\" data-end=\"1554\">F\u00f6rzinkat l\u00e5shus och vridfall av st\u00e5l<\/p>\n<\/li>\n<li class=\"\" data-start=\"1555\" data-end=\"1606\">\n<p class=\"\" data-start=\"1557\" data-end=\"1606\">F\u00f6rb\u00e4ttrad listtrycksfunktion f\u00f6r l\u00e5ng h\u00e5llbarhet<\/p>\n<\/li>\n<\/ul>\n<p class=\"\" data-start=\"1608\" data-end=\"1634\"><strong data-start=\"1608\" data-end=\"1634\">Teknisk specifikation:<\/strong><\/p>\n<ul data-start=\"1635\" data-end=\"1955\">\n<li class=\"\" data-start=\"1635\" data-end=\"1659\">\n<p class=\"\" data-start=\"1637\" data-end=\"1659\">Inbyggt transientskydd<\/p>\n<\/li>\n<li class=\"\" data-start=\"1660\" data-end=\"1697\">\n<p class=\"\" data-start=\"1662\" data-end=\"1697\">Sp\u00e4nningsmatning 12-24VAC\/VDC \u00b110 %<\/p>\n<\/li>\n<li class=\"\" data-start=\"1698\" data-end=\"1743\">\n<p class=\"\" data-start=\"1700\" data-end=\"1743\">Startstr\u00f6m vid 24V: 250mA, driftstr\u00f6m: 80mA<\/p>\n<\/li>\n<li class=\"\" data-start=\"1744\" data-end=\"1790\">\n<p class=\"\" data-start=\"1746\" data-end=\"1790\">Startstr\u00f6m vid 12V: 500mA, driftstr\u00f6m: 160mA<\/p>\n<\/li>\n<li class=\"\" data-start=\"1791\" data-end=\"1820\">\n<p class=\"\" data-start=\"1793\" data-end=\"1820\">D\u00f6rrh\u00e4ngning: H\u00f6ger\/V\u00e4nster<\/p>\n<\/li>\n<li class=\"\" data-start=\"1821\" data-end=\"1856\">\n<p class=\"\" data-start=\"1823\" data-end=\"1856\">L\u00e5styp: Enkelfall\u00e5s, Dubbelfall\u00e5s<\/p>\n<\/li>\n<li class=\"\" data-start=\"1857\" data-end=\"1901\">\n<p class=\"\" data-start=\"1859\" data-end=\"1901\">Sp\u00e4nning max: 27,6 V, Sp\u00e4nning min: 10,8 V<\/p>\n<\/li>\n<li class=\"\" data-start=\"1902\" data-end=\"1932\">\n<p class=\"\" data-start=\"1904\" data-end=\"1932\">F\u00e4rg\/Ytbehandling: F\u00f6rzinkad<\/p>\n<\/li>\n<li class=\"\" data-start=\"1933\" data-end=\"1955\">\n<p class=\"\" data-start=\"1935\" data-end=\"1955\">H\u00f6jd produkt: 140 mm<\/p>\n<\/li>\n<\/ul>","protected":false},"excerpt":{"rendered":"<h5><a href=\"https:\/\/elslutblecksguiden.se\/\" target=\"_blank\" rel=\"noopener\">Guide f\u00f6r ASSA Ell\u00e5s, motorl\u00e5s, Elslutbleck och utbytesguide<\/a><\/h5>","protected":false},"featured_media":93943,"template":"","meta":{"_acf_changed":false},"product_brand":[],"product_cat":[2321],"product_tag":[3420,3424,2317],"class_list":{"0":"post-61805","1":"product","2":"type-product","3":"status-publish","4":"has-post-thumbnail","6":"product_cat-elslutbleck","7":"product_tag-12-24v","8":"product_tag-rattvand","9":"product_tag-rg-assa-abloy","10":"product_shipping_class-tunga-paket","11":"pa_brands-abloy","12":"tm-no-options","14":"first","15":"onbackorder","16":"sale","17":"taxable","18":"shipping-taxable","19":"product-type-simple"},"acf":[],"_links":{"self":[{"href":"https:\/\/stonehouse.se\/en\/wp-json\/wp\/v2\/product\/61805","targetHints":{"allow":["GET"]}}],"collection":[{"href":"https:\/\/stonehouse.se\/en\/wp-json\/wp\/v2\/product"}],"about":[{"href":"https:\/\/stonehouse.se\/en\/wp-json\/wp\/v2\/types\/product"}],"wp:featuredmedia":[{"embeddable":true,"href":"https:\/\/stonehouse.se\/en\/wp-json\/wp\/v2\/media\/93943"}],"wp:attachment":[{"href":"https:\/\/stonehouse.se\/en\/wp-json\/wp\/v2\/media?parent=61805"}],"wp:term":[{"taxonomy":"product_brand","embeddable":true,"href":"https:\/\/stonehouse.se\/en\/wp-json\/wp\/v2\/product_brand?post=61805"},{"taxonomy":"product_cat","embeddable":true,"href":"https:\/\/stonehouse.se\/en\/wp-json\/wp\/v2\/product_cat?post=61805"},{"taxonomy":"product_tag","embeddable":true,"href":"https:\/\/stonehouse.se\/en\/wp-json\/wp\/v2\/product_tag?post=61805"}],"curies":[{"name":"wp","href":"https:\/\/api.w.org\/{rel}","templated":true}]}}