
{"id":61813,"date":"2023-09-27T18:13:40","date_gmt":"2023-09-27T16:13:40","guid":{"rendered":"https:\/\/stonehouse.se\/?post_type=product&#038;p=61813"},"modified":"2026-04-08T15:56:48","modified_gmt":"2026-04-08T13:56:48","slug":"elslutbleck-920-brand-rattvand-12-24v","status":"publish","type":"product","link":"https:\/\/stonehouse.se\/en\/product\/elslutbleck-920-brand-rattvand-12-24v\/","title":{"rendered":"Elslutbleck 920 Brand R\u00e4ttv\u00e4nd 12-24V"},"content":{"rendered":"<h1>Elslutbleck 920 Brand R\u00e4ttv\u00e4nd 12-24V<\/h1>\n<p class=\"\" data-start=\"419\" data-end=\"775\">ASSA Elslutbleck 920 Brand R\u00e4ttv\u00e4nd 12-24V \u00e4r en del av 900-serien och \u00e4r konstruerat f\u00f6r att ge h\u00f6g s\u00e4kerhet och p\u00e5litlighet i d\u00f6rrar som anv\u00e4nds i brandcellsdelande v\u00e4ggar.<\/p>\n<p class=\"\" data-start=\"419\" data-end=\"775\">Med en brandklassning p\u00e5 E\/EI60 \u00e4r det designat f\u00f6r att motst\u00e5 brand i upp till 60 minuter, vilket g\u00f6r det till en s\u00e4ker l\u00f6sning f\u00f6r brandcellsdelande d\u00f6rrar.<\/p>\n<p class=\"\" data-start=\"777\" data-end=\"1089\">Med en bryth\u00e5llfasthet p\u00e5 1000 kg (10 kN) och h\u00f6g skak- och slags\u00e4kerhet, \u00e4r detta elslutbleck idealiskt f\u00f6r h\u00f6gfrekventa d\u00f6rrar i utsatta milj\u00f6er.<\/p>\n<p class=\"\" data-start=\"777\" data-end=\"1089\">L\u00e5shuset \u00e4r tillverkat av st\u00e5l och vridfallet av st\u00e5l, vilket ger extra h\u00e5llbarhet. Den f\u00f6rb\u00e4ttrade listtrycksfunktionen g\u00f6r att d\u00f6rren kan \u00f6ppnas \u00e4ven under tryck.<\/p>\n<p class=\"\" data-start=\"1091\" data-end=\"1318\">Elslutblecket \u00e4r \u00e4ven utrustat med inbyggt transientskydd, vilket skyddar mot elektriska st\u00f6rningar. Dess r\u00e4ttv\u00e4nda funktion s\u00e4kerst\u00e4ller att d\u00f6rren f\u00f6rblir l\u00e5st vid sp\u00e4nningsbortfall, vilket \u00f6kar s\u00e4kerheten vid n\u00f6dsituationer.<\/p>\n<p class=\"\" data-start=\"1320\" data-end=\"1342\"><strong data-start=\"1320\" data-end=\"1340\">Specifikationer:<\/strong><\/p>\n<ul data-start=\"1343\" data-end=\"1780\">\n<li class=\"\" data-start=\"1343\" data-end=\"1379\">\n<p class=\"\" data-start=\"1345\" data-end=\"1379\">Bryth\u00e5llfasthet: 1000 kg (10 kN)<\/p>\n<\/li>\n<li class=\"\" data-start=\"1380\" data-end=\"1412\">\n<p class=\"\" data-start=\"1382\" data-end=\"1412\">D\u00f6rrh\u00e4ngning: H\u00f6ger, v\u00e4nster<\/p>\n<\/li>\n<li class=\"\" data-start=\"1413\" data-end=\"1433\">\n<p class=\"\" data-start=\"1415\" data-end=\"1433\">Listtryck: 12 kg<\/p>\n<\/li>\n<li class=\"\" data-start=\"1434\" data-end=\"1471\">\n<p class=\"\" data-start=\"1436\" data-end=\"1471\">L\u00e5styp: Enkelfall\u00e5s, Dubbelfall\u00e5s<\/p>\n<\/li>\n<li class=\"\" data-start=\"1472\" data-end=\"1497\">\n<p class=\"\" data-start=\"1474\" data-end=\"1497\">Driftsp\u00e4nning: 12-24V<\/p>\n<\/li>\n<li class=\"\" data-start=\"1498\" data-end=\"1530\">\n<p class=\"\" data-start=\"1500\" data-end=\"1530\">F\u00e4rg\/Ytbehandling: F\u00f6rzinkad<\/p>\n<\/li>\n<li class=\"\" data-start=\"1531\" data-end=\"1551\">\n<p class=\"\" data-start=\"1533\" data-end=\"1551\">Kolvkontakt: Nej<\/p>\n<\/li>\n<li class=\"\" data-start=\"1552\" data-end=\"1577\">\n<p class=\"\" data-start=\"1554\" data-end=\"1577\">Sp\u00e4nning AC\/DC: AC\/DC<\/p>\n<\/li>\n<li class=\"\" data-start=\"1578\" data-end=\"1602\">\n<p class=\"\" data-start=\"1580\" data-end=\"1602\">Max Sp\u00e4nning: 27,6 V<\/p>\n<\/li>\n<li class=\"\" data-start=\"1603\" data-end=\"1627\">\n<p class=\"\" data-start=\"1605\" data-end=\"1627\">Min Sp\u00e4nning: 10,8 V<\/p>\n<\/li>\n<li class=\"\" data-start=\"1628\" data-end=\"1652\">\n<p class=\"\" data-start=\"1630\" data-end=\"1652\">Dubbel vridfall: Nej<\/p>\n<\/li>\n<li class=\"\" data-start=\"1653\" data-end=\"1682\">\n<p class=\"\" data-start=\"1655\" data-end=\"1682\">R\u00e4ttv\u00e4nd\/Omv\u00e4nd: R\u00e4ttv\u00e4nd<\/p>\n<\/li>\n<li class=\"\" data-start=\"1683\" data-end=\"1706\">\n<p class=\"\" data-start=\"1685\" data-end=\"1706\">Brandtestad: 60 min<\/p>\n<\/li>\n<li class=\"\" data-start=\"1707\" data-end=\"1731\">\n<p class=\"\" data-start=\"1709\" data-end=\"1731\">Bredd produkt: 27 mm<\/p>\n<\/li>\n<li class=\"\" data-start=\"1732\" data-end=\"1755\">\n<p class=\"\" data-start=\"1734\" data-end=\"1755\">Djup produkt: 40 mm<\/p>\n<\/li>\n<li class=\"\" data-start=\"1756\" data-end=\"1780\">\n<p class=\"\" data-start=\"1758\" data-end=\"1780\">H\u00f6jd produkt: 140 mm<\/p>\n<\/li>\n<\/ul>\n<p class=\"\" data-start=\"1782\" data-end=\"2085\"><strong data-start=\"1782\" data-end=\"1804\">Anv\u00e4ndningsomr\u00e5den<\/strong><br data-start=\"1804\" data-end=\"1807\" \/>Elslutbleck 920 Brand R\u00e4ttv\u00e4nd 12-24V \u00e4r perfekt f\u00f6r anv\u00e4ndning i brandcellsdelande d\u00f6rrar och d\u00f6rrar som kr\u00e4ver h\u00f6g s\u00e4kerhet vid brand.<\/p>\n<p class=\"\" data-start=\"1782\" data-end=\"2085\">Det l\u00e4mpar sig f\u00f6r installation i byggnader som kontor, industri, handel och flerfamiljshus d\u00e4r b\u00e5de s\u00e4kerhet och brandmotst\u00e5nd \u00e4r avg\u00f6rande.<\/p>","protected":false},"excerpt":{"rendered":"<h5><a href=\"https:\/\/elslutblecksguiden.se\/\" target=\"_blank\" rel=\"noopener\">Guide for ASSA Electric locks, motor locks, Electric strike plates and replacement guide<\/a><\/h5>","protected":false},"featured_media":89681,"template":"","meta":{"_acf_changed":false},"product_brand":[],"product_cat":[2321],"product_tag":[3420,3424,2317],"class_list":{"0":"post-61813","1":"product","2":"type-product","3":"status-publish","4":"has-post-thumbnail","6":"product_cat-elslutbleck","7":"product_tag-12-24v","8":"product_tag-rattvand","9":"product_tag-rg-assa-abloy","10":"product_shipping_class-tunga-paket","11":"pa_brands-abloy","12":"tm-no-options","14":"first","15":"instock","16":"sale","17":"taxable","18":"shipping-taxable","19":"product-type-simple"},"acf":[],"_links":{"self":[{"href":"https:\/\/stonehouse.se\/en\/wp-json\/wp\/v2\/product\/61813","targetHints":{"allow":["GET"]}}],"collection":[{"href":"https:\/\/stonehouse.se\/en\/wp-json\/wp\/v2\/product"}],"about":[{"href":"https:\/\/stonehouse.se\/en\/wp-json\/wp\/v2\/types\/product"}],"wp:featuredmedia":[{"embeddable":true,"href":"https:\/\/stonehouse.se\/en\/wp-json\/wp\/v2\/media\/89681"}],"wp:attachment":[{"href":"https:\/\/stonehouse.se\/en\/wp-json\/wp\/v2\/media?parent=61813"}],"wp:term":[{"taxonomy":"product_brand","embeddable":true,"href":"https:\/\/stonehouse.se\/en\/wp-json\/wp\/v2\/product_brand?post=61813"},{"taxonomy":"product_cat","embeddable":true,"href":"https:\/\/stonehouse.se\/en\/wp-json\/wp\/v2\/product_cat?post=61813"},{"taxonomy":"product_tag","embeddable":true,"href":"https:\/\/stonehouse.se\/en\/wp-json\/wp\/v2\/product_tag?post=61813"}],"curies":[{"name":"wp","href":"https:\/\/api.w.org\/{rel}","templated":true}]}}