
{"id":61819,"date":"2023-09-27T18:13:50","date_gmt":"2023-09-27T16:13:50","guid":{"rendered":"https:\/\/stonehouse.se\/?post_type=product&#038;p=61819"},"modified":"2026-04-08T15:57:41","modified_gmt":"2026-04-08T13:57:41","slug":"elslutbleck-75-omstallbar-12-24v","status":"publish","type":"product","link":"https:\/\/stonehouse.se\/en\/product\/elslutbleck-75-omstallbar-12-24v\/","title":{"rendered":"Elslutbleck 75 Omst\u00e4llbar 12-24V"},"content":{"rendered":"<h1>Elslutbleck 75 Omst\u00e4llbar 12-24V<\/h1>\n<p class=\"\" data-start=\"430\" data-end=\"729\">ASSA ABLOY Standard elslutbleck 75 Omst\u00e4llbar 12-24V \u00e4r designat f\u00f6r d\u00f6rrar med normalt st\u00e4llda s\u00e4kerhetskrav.<\/p>\n<p class=\"\" data-start=\"430\" data-end=\"729\">L\u00e5set kan enkelt omst\u00e4llas mellan r\u00e4ttv\u00e4nd och omv\u00e4nd funktion, vilket ger flexibilitet beroende p\u00e5 behovet av att ha d\u00f6rren l\u00e5st eller ol\u00e5st vid sp\u00e4nningsbortfall.<\/p>\n<p class=\"\" data-start=\"731\" data-end=\"1024\">Det \u00e4r s\u00e4rskilt l\u00e4mpligt f\u00f6r anv\u00e4ndning i brandcellsdelande d\u00f6rrar och i kombination med f\u00f6rreglade enkelfall\u00e5s eller dubbelfall\u00e5s.<\/p>\n<p class=\"\" data-start=\"731\" data-end=\"1024\">Med en bryth\u00e5llfasthet p\u00e5 700 kg (7 kN) och en robust konstruktion med vridfall i brons och l\u00e5shus i zinklegering, erbjuder det b\u00e5de h\u00e5llbarhet och h\u00f6g s\u00e4kerhet.<\/p>\n<p class=\"\" data-start=\"1026\" data-end=\"1277\">Elslutblecket \u00e4r ocks\u00e5 utrustat med inbyggt transientskydd f\u00f6r att skydda mot elektriska st\u00f6rningar, vilket g\u00f6r det extra p\u00e5litligt i k\u00e4nsliga milj\u00f6er.<\/p>\n<p class=\"\" data-start=\"1026\" data-end=\"1277\">Dess h\u00f6g slag- och skaks\u00e4kerhet g\u00f6r det perfekt f\u00f6r d\u00f6rrar som kr\u00e4ver l\u00e5ngvarig och s\u00e4ker funktion.<\/p>\n<p class=\"\" data-start=\"1279\" data-end=\"1301\"><strong data-start=\"1279\" data-end=\"1299\">Specifikationer:<\/strong><\/p>\n<ul data-start=\"1302\" data-end=\"1638\">\n<li class=\"\" data-start=\"1302\" data-end=\"1336\">\n<p class=\"\" data-start=\"1304\" data-end=\"1336\">Bryth\u00e5llfasthet: 700 kg (7 kN)<\/p>\n<\/li>\n<li class=\"\" data-start=\"1337\" data-end=\"1369\">\n<p class=\"\" data-start=\"1339\" data-end=\"1369\">D\u00f6rrh\u00e4ngning: H\u00f6ger, v\u00e4nster<\/p>\n<\/li>\n<li class=\"\" data-start=\"1370\" data-end=\"1407\">\n<p class=\"\" data-start=\"1372\" data-end=\"1407\">L\u00e5styp: Enkelfall\u00e5s, Dubbelfall\u00e5s<\/p>\n<\/li>\n<li class=\"\" data-start=\"1408\" data-end=\"1433\">\n<p class=\"\" data-start=\"1410\" data-end=\"1433\">Driftsp\u00e4nning: 12-24V<\/p>\n<\/li>\n<li class=\"\" data-start=\"1434\" data-end=\"1466\">\n<p class=\"\" data-start=\"1436\" data-end=\"1466\">F\u00e4rg\/Ytbehandling: F\u00f6rzinkad<\/p>\n<\/li>\n<li class=\"\" data-start=\"1467\" data-end=\"1487\">\n<p class=\"\" data-start=\"1469\" data-end=\"1487\">Kolvkontakt: Nej<\/p>\n<\/li>\n<li class=\"\" data-start=\"1488\" data-end=\"1513\">\n<p class=\"\" data-start=\"1490\" data-end=\"1513\">Sp\u00e4nning AC\/DC: AC\/DC<\/p>\n<\/li>\n<li class=\"\" data-start=\"1514\" data-end=\"1538\">\n<p class=\"\" data-start=\"1516\" data-end=\"1538\">Max Sp\u00e4nning: 26,4 V<\/p>\n<\/li>\n<li class=\"\" data-start=\"1539\" data-end=\"1563\">\n<p class=\"\" data-start=\"1541\" data-end=\"1563\">Min Sp\u00e4nning: 10,8 V<\/p>\n<\/li>\n<li class=\"\" data-start=\"1564\" data-end=\"1588\">\n<p class=\"\" data-start=\"1566\" data-end=\"1588\">Dubbel vridfall: Nej<\/p>\n<\/li>\n<li class=\"\" data-start=\"1589\" data-end=\"1638\">\n<p class=\"\" data-start=\"1591\" data-end=\"1638\">R\u00e4ttv\u00e4nd\/Omv\u00e4nd: Omst\u00e4llbar (R\u00e4ttv\u00e4nd\/Omv\u00e4nd)<\/p>\n<\/li>\n<\/ul>\n<p class=\"\" data-start=\"1640\" data-end=\"1919\"><strong data-start=\"1640\" data-end=\"1662\">Anv\u00e4ndningsomr\u00e5den<\/strong><br data-start=\"1662\" data-end=\"1665\" \/>Elslutbleck 75 Omst\u00e4llbar 12-24V \u00e4r perfekt f\u00f6r anv\u00e4ndning i skalskydd, intern l\u00e5sning och s\u00e4kerhet i kommersiella byggnader, kontor och flerfamiljshus.<\/p>\n<p class=\"\" data-start=\"1640\" data-end=\"1919\">Det ger en flexibel och s\u00e4ker l\u00f6sning f\u00f6r d\u00f6rrar som beh\u00f6ver kunna anpassas till olika s\u00e4kerhetskrav.<\/p>","protected":false},"excerpt":{"rendered":"<h5><a href=\"https:\/\/elslutblecksguiden.se\/\" target=\"_blank\" rel=\"noopener\">Guide f\u00f6r ASSA Ell\u00e5s, motorl\u00e5s, Elslutbleck och utbytesguide<\/a><\/h5>","protected":false},"featured_media":89628,"template":"","meta":{"_acf_changed":false},"product_brand":[],"product_cat":[2321],"product_tag":[3420,3426,2317],"class_list":{"0":"post-61819","1":"product","2":"type-product","3":"status-publish","4":"has-post-thumbnail","6":"product_cat-elslutbleck","7":"product_tag-12-24v","8":"product_tag-omstallbar-rattvand-omvand","9":"product_tag-rg-assa-abloy","10":"product_shipping_class-tunga-paket","11":"pa_brands-abloy","12":"tm-no-options","14":"first","15":"instock","16":"sale","17":"taxable","18":"shipping-taxable","19":"product-type-simple"},"acf":[],"_links":{"self":[{"href":"https:\/\/stonehouse.se\/en\/wp-json\/wp\/v2\/product\/61819","targetHints":{"allow":["GET"]}}],"collection":[{"href":"https:\/\/stonehouse.se\/en\/wp-json\/wp\/v2\/product"}],"about":[{"href":"https:\/\/stonehouse.se\/en\/wp-json\/wp\/v2\/types\/product"}],"wp:featuredmedia":[{"embeddable":true,"href":"https:\/\/stonehouse.se\/en\/wp-json\/wp\/v2\/media\/89628"}],"wp:attachment":[{"href":"https:\/\/stonehouse.se\/en\/wp-json\/wp\/v2\/media?parent=61819"}],"wp:term":[{"taxonomy":"product_brand","embeddable":true,"href":"https:\/\/stonehouse.se\/en\/wp-json\/wp\/v2\/product_brand?post=61819"},{"taxonomy":"product_cat","embeddable":true,"href":"https:\/\/stonehouse.se\/en\/wp-json\/wp\/v2\/product_cat?post=61819"},{"taxonomy":"product_tag","embeddable":true,"href":"https:\/\/stonehouse.se\/en\/wp-json\/wp\/v2\/product_tag?post=61819"}],"curies":[{"name":"wp","href":"https:\/\/api.w.org\/{rel}","templated":true}]}}