
{"id":61825,"date":"2023-09-27T18:13:53","date_gmt":"2023-09-27T16:13:53","guid":{"rendered":"https:\/\/stonehouse.se\/?post_type=product&#038;p=61825"},"modified":"2026-04-08T15:57:25","modified_gmt":"2026-04-08T13:57:25","slug":"elslutbleck-70-rattvand-12v","status":"publish","type":"product","link":"https:\/\/stonehouse.se\/en\/product\/elslutbleck-70-rattvand-12v\/","title":{"rendered":"Elslutbleck 70 R\u00e4ttv\u00e4nd 12V"},"content":{"rendered":"<h1>Elslutbleck 70 R\u00e4ttv\u00e4nd 12V<\/h1>\n<p class=\"\" data-start=\"470\" data-end=\"816\">ASSA ABLOY Standard elslutbleck 70 R\u00e4ttv\u00e4nd 12V \u00e4r konstruerat f\u00f6r att erbjuda s\u00e4kerhet och p\u00e5litlighet i d\u00f6rrar med normalt st\u00e4llda s\u00e4kerhetskrav.<\/p>\n<p class=\"\" data-start=\"470\" data-end=\"816\">Detta elslutbleck passar bra f\u00f6r anv\u00e4ndning som dagl\u00e5sning i skalskydd och intern l\u00e5sning inom handel, kontor, industri eller i entr\u00e9er och allm\u00e4nna utrymmen i flerfamiljshus.<\/p>\n<p class=\"\" data-start=\"818\" data-end=\"1146\">Med en bryth\u00e5llfasthet p\u00e5 700 kg (7 kN) och h\u00f6g slag- och skaks\u00e4kerhet \u00e4r det idealiskt f\u00f6r d\u00f6rrar som kr\u00e4ver h\u00e5llbarhet och l\u00e5ng livsl\u00e4ngd.<\/p>\n<p class=\"\" data-start=\"818\" data-end=\"1146\">L\u00e5set \u00e4r designat f\u00f6r anv\u00e4ndning i brandcellsdelande d\u00f6rrar tillsammans med dubbelfall\u00e5s och avsedd stolpe, vilket g\u00f6r det till en s\u00e4ker l\u00f6sning f\u00f6r b\u00e5de privata och kommersiella milj\u00f6er.<\/p>\n<p class=\"\" data-start=\"1148\" data-end=\"1413\">Elslutblecket har en r\u00e4ttv\u00e4nd funktion, vilket inneb\u00e4r att det f\u00f6rblir l\u00e5st \u00e4ven vid sp\u00e4nningsbortfall, vilket ger extra s\u00e4kerhet.<\/p>\n<p class=\"\" data-start=\"1148\" data-end=\"1413\">Dess f\u00f6rzinkade yta och vridfall i brons samt l\u00e5shus i zinklegering s\u00e4kerst\u00e4ller l\u00e5ngvarig h\u00e5llbarhet och p\u00e5litlig prestanda \u00f6ver tid.<\/p>\n<p class=\"\" data-start=\"1415\" data-end=\"1437\"><strong data-start=\"1415\" data-end=\"1435\">Specifikationer:<\/strong><\/p>\n<ul data-start=\"1438\" data-end=\"1751\">\n<li class=\"\" data-start=\"1438\" data-end=\"1472\">\n<p class=\"\" data-start=\"1440\" data-end=\"1472\">Bryth\u00e5llfasthet: 700 kg (7 kN)<\/p>\n<\/li>\n<li class=\"\" data-start=\"1473\" data-end=\"1505\">\n<p class=\"\" data-start=\"1475\" data-end=\"1505\">D\u00f6rrh\u00e4ngning: H\u00f6ger, v\u00e4nster<\/p>\n<\/li>\n<li class=\"\" data-start=\"1506\" data-end=\"1543\">\n<p class=\"\" data-start=\"1508\" data-end=\"1543\">L\u00e5styp: Enkelfall\u00e5s, Dubbelfall\u00e5s<\/p>\n<\/li>\n<li class=\"\" data-start=\"1544\" data-end=\"1566\">\n<p class=\"\" data-start=\"1546\" data-end=\"1566\">Driftsp\u00e4nning: 12V<\/p>\n<\/li>\n<li class=\"\" data-start=\"1567\" data-end=\"1599\">\n<p class=\"\" data-start=\"1569\" data-end=\"1599\">F\u00e4rg\/Ytbehandling: F\u00f6rzinkad<\/p>\n<\/li>\n<li class=\"\" data-start=\"1600\" data-end=\"1620\">\n<p class=\"\" data-start=\"1602\" data-end=\"1620\">Kolvkontakt: Nej<\/p>\n<\/li>\n<li class=\"\" data-start=\"1621\" data-end=\"1646\">\n<p class=\"\" data-start=\"1623\" data-end=\"1646\">Sp\u00e4nning AC\/DC: AC\/DC<\/p>\n<\/li>\n<li class=\"\" data-start=\"1647\" data-end=\"1671\">\n<p class=\"\" data-start=\"1649\" data-end=\"1671\">Max Sp\u00e4nning: 13,2 V<\/p>\n<\/li>\n<li class=\"\" data-start=\"1672\" data-end=\"1696\">\n<p class=\"\" data-start=\"1674\" data-end=\"1696\">Min Sp\u00e4nning: 10,8 V<\/p>\n<\/li>\n<li class=\"\" data-start=\"1697\" data-end=\"1721\">\n<p class=\"\" data-start=\"1699\" data-end=\"1721\">Dubbel vridfall: Nej<\/p>\n<\/li>\n<li class=\"\" data-start=\"1722\" data-end=\"1751\">\n<p class=\"\" data-start=\"1724\" data-end=\"1751\">R\u00e4ttv\u00e4nd\/Omv\u00e4nd: R\u00e4ttv\u00e4nd<\/p>\n<\/li>\n<\/ul>\n<p class=\"\" data-start=\"1753\" data-end=\"1978\"><strong data-start=\"1753\" data-end=\"1775\">Anv\u00e4ndningsomr\u00e5den<\/strong><br data-start=\"1775\" data-end=\"1778\" \/>Detta elslutbleck \u00e4r l\u00e4mpligt f\u00f6r anv\u00e4ndning i s\u00e4kerhetsmilj\u00f6er d\u00e4r p\u00e5litlig och h\u00e5llbar l\u00e5sning kr\u00e4vs.<\/p>\n<p class=\"\" data-start=\"1753\" data-end=\"1978\">Perfekt f\u00f6r d\u00f6rrar i skalskydd, interna l\u00e5sningar och i offentliga eller kommersiella byggnader.<\/p>","protected":false},"excerpt":{"rendered":"<h5><a href=\"https:\/\/elslutblecksguiden.se\/\" target=\"_blank\" rel=\"noopener\">Guide f\u00f6r ASSA Ell\u00e5s, motorl\u00e5s, Elslutbleck och utbytesguide<\/a><\/h5>","protected":false},"featured_media":93941,"template":"","meta":{"_acf_changed":false},"product_brand":[],"product_cat":[2321],"product_tag":[3422,3424,2317],"class_list":{"0":"post-61825","1":"product","2":"type-product","3":"status-publish","4":"has-post-thumbnail","6":"product_cat-elslutbleck","7":"product_tag-12v","8":"product_tag-rattvand","9":"product_tag-rg-assa-abloy","10":"product_shipping_class-tunga-paket","11":"pa_brands-abloy","12":"tm-no-options","14":"first","15":"onbackorder","16":"sale","17":"taxable","18":"shipping-taxable","19":"product-type-simple"},"acf":[],"_links":{"self":[{"href":"https:\/\/stonehouse.se\/en\/wp-json\/wp\/v2\/product\/61825","targetHints":{"allow":["GET"]}}],"collection":[{"href":"https:\/\/stonehouse.se\/en\/wp-json\/wp\/v2\/product"}],"about":[{"href":"https:\/\/stonehouse.se\/en\/wp-json\/wp\/v2\/types\/product"}],"wp:featuredmedia":[{"embeddable":true,"href":"https:\/\/stonehouse.se\/en\/wp-json\/wp\/v2\/media\/93941"}],"wp:attachment":[{"href":"https:\/\/stonehouse.se\/en\/wp-json\/wp\/v2\/media?parent=61825"}],"wp:term":[{"taxonomy":"product_brand","embeddable":true,"href":"https:\/\/stonehouse.se\/en\/wp-json\/wp\/v2\/product_brand?post=61825"},{"taxonomy":"product_cat","embeddable":true,"href":"https:\/\/stonehouse.se\/en\/wp-json\/wp\/v2\/product_cat?post=61825"},{"taxonomy":"product_tag","embeddable":true,"href":"https:\/\/stonehouse.se\/en\/wp-json\/wp\/v2\/product_tag?post=61825"}],"curies":[{"name":"wp","href":"https:\/\/api.w.org\/{rel}","templated":true}]}}