
{"id":61827,"date":"2023-09-27T18:14:01","date_gmt":"2023-09-27T16:14:01","guid":{"rendered":"https:\/\/stonehouse.se\/?post_type=product&#038;p=61827"},"modified":"2026-04-08T16:02:43","modified_gmt":"2026-04-08T14:02:43","slug":"elslutbleck-71-omvand-24v","status":"publish","type":"product","link":"https:\/\/stonehouse.se\/en\/product\/elslutbleck-71-omvand-24v\/","title":{"rendered":"Elslutbleck 71 Omv\u00e4nd 24V"},"content":{"rendered":"<div>\n<h1>Elslutbleck 71 Omv\u00e4nd 24V<\/h1>\n<p class=\"\" data-start=\"459\" data-end=\"763\">ASSA ABLOY Standard elslutbleck 71 Omv\u00e4nd 24V \u00e4r designat f\u00f6r d\u00f6rrar som kr\u00e4ver en s\u00e4ker och h\u00e5llbar l\u00e5sl\u00f6sning.<\/p>\n<p class=\"\" data-start=\"459\" data-end=\"763\">Med en bryth\u00e5llfasthet p\u00e5 700 kg (7 kN) och h\u00f6g slag- och skaks\u00e4kerhet, erbjuder detta elslutbleck h\u00f6g s\u00e4kerhet f\u00f6r d\u00f6rrar som anv\u00e4nds f\u00f6r skalskydd och intern l\u00e5sning.<\/p>\n<p class=\"\" data-start=\"765\" data-end=\"1174\">L\u00e5set har en omv\u00e4nd funktion, vilket inneb\u00e4r att det \u00e4r ol\u00e5st vid sp\u00e4nningsbortfall, vilket g\u00f6r det anv\u00e4ndbart i specifika s\u00e4kerhetsl\u00f6sningar d\u00e4r denna funktion \u00e4r n\u00f6dv\u00e4ndig.<\/p>\n<p class=\"\" data-start=\"765\" data-end=\"1174\">Det \u00e4r konstruerat f\u00f6r anv\u00e4ndning i brandcellsdelande d\u00f6rrar i kombination med dubbelfall\u00e5s och avsedd stolpe. Det \u00e4r dessutom tillverkat med vridfall i brons och l\u00e5shus i zinklegering, vilket ger l\u00e5ngvarig h\u00e5llbarhet och p\u00e5litlighet.<\/p>\n<p class=\"\" data-start=\"1176\" data-end=\"1198\"><strong data-start=\"1176\" data-end=\"1196\">Specifikationer:<\/strong><\/p>\n<ul data-start=\"1199\" data-end=\"1510\">\n<li class=\"\" data-start=\"1199\" data-end=\"1233\">\n<p class=\"\" data-start=\"1201\" data-end=\"1233\">Bryth\u00e5llfasthet: 700 kg (7 kN)<\/p>\n<\/li>\n<li class=\"\" data-start=\"1234\" data-end=\"1266\">\n<p class=\"\" data-start=\"1236\" data-end=\"1266\">D\u00f6rrh\u00e4ngning: H\u00f6ger, v\u00e4nster<\/p>\n<\/li>\n<li class=\"\" data-start=\"1267\" data-end=\"1304\">\n<p class=\"\" data-start=\"1269\" data-end=\"1304\">L\u00e5styp: Enkelfall\u00e5s, Dubbelfall\u00e5s<\/p>\n<\/li>\n<li class=\"\" data-start=\"1305\" data-end=\"1327\">\n<p class=\"\" data-start=\"1307\" data-end=\"1327\">Driftsp\u00e4nning: 24V<\/p>\n<\/li>\n<li class=\"\" data-start=\"1328\" data-end=\"1360\">\n<p class=\"\" data-start=\"1330\" data-end=\"1360\">F\u00e4rg\/Ytbehandling: F\u00f6rzinkad<\/p>\n<\/li>\n<li class=\"\" data-start=\"1361\" data-end=\"1381\">\n<p class=\"\" data-start=\"1363\" data-end=\"1381\">Kolvkontakt: Nej<\/p>\n<\/li>\n<li class=\"\" data-start=\"1382\" data-end=\"1407\">\n<p class=\"\" data-start=\"1384\" data-end=\"1407\">Sp\u00e4nning AC\/DC: AC\/DC<\/p>\n<\/li>\n<li class=\"\" data-start=\"1408\" data-end=\"1432\">\n<p class=\"\" data-start=\"1410\" data-end=\"1432\">Max Sp\u00e4nning: 26,4 V<\/p>\n<\/li>\n<li class=\"\" data-start=\"1433\" data-end=\"1457\">\n<p class=\"\" data-start=\"1435\" data-end=\"1457\">Min Sp\u00e4nning: 21,6 V<\/p>\n<\/li>\n<li class=\"\" data-start=\"1458\" data-end=\"1482\">\n<p class=\"\" data-start=\"1460\" data-end=\"1482\">Dubbel vridfall: Nej<\/p>\n<\/li>\n<li class=\"\" data-start=\"1483\" data-end=\"1510\">\n<p class=\"\" data-start=\"1485\" data-end=\"1510\">R\u00e4ttv\u00e4nd\/Omv\u00e4nd: Omv\u00e4nd<\/p>\n<\/li>\n<\/ul>\n<p class=\"\" data-start=\"1512\" data-end=\"1775\"><strong data-start=\"1512\" data-end=\"1534\">Anv\u00e4ndningsomr\u00e5den<\/strong><br data-start=\"1534\" data-end=\"1537\" \/>Detta elslutbleck passar utm\u00e4rkt f\u00f6r skalskydd, intern l\u00e5sning och s\u00e4kerhet i kontor, industri och flerfamiljshus.<\/p>\n<p class=\"\" data-start=\"1512\" data-end=\"1775\">Det \u00e4r s\u00e4rskilt anv\u00e4ndbart i d\u00f6rrar som kr\u00e4ver omv\u00e4nd funktion vid sp\u00e4nningsbortfall och ger en s\u00e4ker och p\u00e5litlig l\u00f6sning.<\/p>\n<\/div>","protected":false},"excerpt":{"rendered":"<h5><a href=\"https:\/\/elslutblecksguiden.se\/\" target=\"_blank\" rel=\"noopener\">Guide f\u00f6r ASSA Ell\u00e5s, motorl\u00e5s, Elslutbleck och utbytesguide<\/a><\/h5>","protected":false},"featured_media":82019,"template":"","meta":{"_acf_changed":false},"product_brand":[],"product_cat":[2321],"product_tag":[3421,3425,2317],"class_list":{"0":"post-61827","1":"product","2":"type-product","3":"status-publish","4":"has-post-thumbnail","6":"product_cat-elslutbleck","7":"product_tag-24v","8":"product_tag-omvand","9":"product_tag-rg-assa-abloy","10":"product_shipping_class-tunga-paket","11":"pa_brands-abloy","12":"tm-no-options","14":"first","15":"onbackorder","16":"sale","17":"taxable","18":"shipping-taxable","19":"product-type-simple"},"acf":[],"_links":{"self":[{"href":"https:\/\/stonehouse.se\/en\/wp-json\/wp\/v2\/product\/61827","targetHints":{"allow":["GET"]}}],"collection":[{"href":"https:\/\/stonehouse.se\/en\/wp-json\/wp\/v2\/product"}],"about":[{"href":"https:\/\/stonehouse.se\/en\/wp-json\/wp\/v2\/types\/product"}],"wp:featuredmedia":[{"embeddable":true,"href":"https:\/\/stonehouse.se\/en\/wp-json\/wp\/v2\/media\/82019"}],"wp:attachment":[{"href":"https:\/\/stonehouse.se\/en\/wp-json\/wp\/v2\/media?parent=61827"}],"wp:term":[{"taxonomy":"product_brand","embeddable":true,"href":"https:\/\/stonehouse.se\/en\/wp-json\/wp\/v2\/product_brand?post=61827"},{"taxonomy":"product_cat","embeddable":true,"href":"https:\/\/stonehouse.se\/en\/wp-json\/wp\/v2\/product_cat?post=61827"},{"taxonomy":"product_tag","embeddable":true,"href":"https:\/\/stonehouse.se\/en\/wp-json\/wp\/v2\/product_tag?post=61827"}],"curies":[{"name":"wp","href":"https:\/\/api.w.org\/{rel}","templated":true}]}}