
{"id":61829,"date":"2023-09-27T18:14:02","date_gmt":"2023-09-27T16:14:02","guid":{"rendered":"https:\/\/stonehouse.se\/?post_type=product&#038;p=61829"},"modified":"2026-04-08T15:56:26","modified_gmt":"2026-04-08T13:56:26","slug":"elslutbleck-70-rattvand-24v","status":"publish","type":"product","link":"https:\/\/stonehouse.se\/en\/product\/elslutbleck-70-rattvand-24v\/","title":{"rendered":"Elslutbleck 70 R\u00e4ttv\u00e4nd 24V"},"content":{"rendered":"<h1>Elslutbleck 70 R\u00e4ttv\u00e4nd 24V<\/h1>\n<p class=\"\" data-start=\"489\" data-end=\"805\">ASSA ABLOY Standard elslutbleck 70 R\u00e4ttv\u00e4nd 24V \u00e4r designat f\u00f6r att m\u00f6ta de s\u00e4kerhetskrav som st\u00e4lls p\u00e5 d\u00f6rrar i olika milj\u00f6er. Med en bryth\u00e5llfasthet p\u00e5 700 kg (7 kN) och h\u00f6g slag- och skaks\u00e4kerhet, \u00e4r detta elslutbleck perfekt f\u00f6r anv\u00e4ndning inom handel, kontor, industri och flerfamiljshus.<\/p>\n<p class=\"\" data-start=\"807\" data-end=\"1191\">L\u00e5set \u00e4r konstruerat f\u00f6r att anv\u00e4ndas i brandcellsdelande d\u00f6rrar tillsammans med dubbelfall\u00e5s och avsedd stolpe, vilket g\u00f6r det till en s\u00e4ker l\u00f6sning f\u00f6r interna l\u00e5sningar.<\/p>\n<p class=\"\" data-start=\"807\" data-end=\"1191\">Den r\u00e4ttv\u00e4nda funktionen g\u00f6r att l\u00e5set f\u00f6rblir aktivt \u00e4ven vid sp\u00e4nningsbortfall, vilket \u00f6kar s\u00e4kerheten. Dess f\u00f6rzinkade ytbehandling ger l\u00e5ng h\u00e5llbarhet, och den \u00e4r kompatibel med b\u00e5de enkel- och dubbelfall\u00e5s.<\/p>\n<div>\n<div>Elslutbleck 70 R\u00e4ttv\u00e4nd 24V fr\u00e5n ASSA ABLOY \u00e4r ett p\u00e5litligt elslutbleck f\u00f6r d\u00f6rrar med normalt st\u00e4llda krav p\u00e5 s\u00e4kerhet.<\/div>\n<div><\/div>\n<div>Det har en bryth\u00e5llfasthet p\u00e5 700 kg och \u00e4r l\u00e4mpligt f\u00f6r anv\u00e4ndning i skalskydd, kontor, industri, och allm\u00e4nna utrymmen i flerfamiljshus.<\/div>\n<div><\/div>\n<div>Den r\u00e4ttv\u00e4nda funktionen s\u00e4kerst\u00e4ller att l\u00e5set \u00e4r aktivt \u00e4ven vid sp\u00e4nningsbortfall.<\/div>\n<\/div>\n<div>\n<p class=\"\" data-start=\"1193\" data-end=\"1215\"><strong data-start=\"1193\" data-end=\"1213\">Specifikationer:<\/strong><\/p>\n<ul data-start=\"1216\" data-end=\"1529\">\n<li class=\"\" data-start=\"1216\" data-end=\"1250\">\n<p class=\"\" data-start=\"1218\" data-end=\"1250\">Bryth\u00e5llfasthet: 700 kg (7 kN)<\/p>\n<\/li>\n<li class=\"\" data-start=\"1251\" data-end=\"1283\">\n<p class=\"\" data-start=\"1253\" data-end=\"1283\">D\u00f6rrh\u00e4ngning: H\u00f6ger, v\u00e4nster<\/p>\n<\/li>\n<li class=\"\" data-start=\"1284\" data-end=\"1321\">\n<p class=\"\" data-start=\"1286\" data-end=\"1321\">L\u00e5styp: Enkelfall\u00e5s, Dubbelfall\u00e5s<\/p>\n<\/li>\n<li class=\"\" data-start=\"1322\" data-end=\"1344\">\n<p class=\"\" data-start=\"1324\" data-end=\"1344\">Driftsp\u00e4nning: 24V<\/p>\n<\/li>\n<li class=\"\" data-start=\"1345\" data-end=\"1377\">\n<p class=\"\" data-start=\"1347\" data-end=\"1377\">F\u00e4rg\/Ytbehandling: F\u00f6rzinkad<\/p>\n<\/li>\n<li class=\"\" data-start=\"1378\" data-end=\"1398\">\n<p class=\"\" data-start=\"1380\" data-end=\"1398\">Kolvkontakt: Nej<\/p>\n<\/li>\n<li class=\"\" data-start=\"1399\" data-end=\"1424\">\n<p class=\"\" data-start=\"1401\" data-end=\"1424\">Sp\u00e4nning AC\/DC: AC\/DC<\/p>\n<\/li>\n<li class=\"\" data-start=\"1425\" data-end=\"1449\">\n<p class=\"\" data-start=\"1427\" data-end=\"1449\">Max Sp\u00e4nning: 26,4 V<\/p>\n<\/li>\n<li class=\"\" data-start=\"1450\" data-end=\"1474\">\n<p class=\"\" data-start=\"1452\" data-end=\"1474\">Min Sp\u00e4nning: 21,6 V<\/p>\n<\/li>\n<li class=\"\" data-start=\"1475\" data-end=\"1499\">\n<p class=\"\" data-start=\"1477\" data-end=\"1499\">Dubbel vridfall: Nej<\/p>\n<\/li>\n<li class=\"\" data-start=\"1500\" data-end=\"1529\">\n<p class=\"\" data-start=\"1502\" data-end=\"1529\">R\u00e4ttv\u00e4nd\/Omv\u00e4nd: R\u00e4ttv\u00e4nd<\/p>\n<\/li>\n<\/ul>\n<p class=\"\" data-start=\"1531\" data-end=\"1779\"><strong data-start=\"1531\" data-end=\"1553\">Anv\u00e4ndningsomr\u00e5den<\/strong><br data-start=\"1553\" data-end=\"1556\" \/>Elslutblecket passar utm\u00e4rkt f\u00f6r skalskydd, intern l\u00e5sning i kontor och industri, samt f\u00f6r entr\u00e9er och allm\u00e4nna utrymmen i flerfamiljshus.<\/p>\n<p class=\"\" data-start=\"1531\" data-end=\"1779\">Det ger p\u00e5litlig s\u00e4kerhet i milj\u00f6er d\u00e4r h\u00f6ga krav p\u00e5 h\u00e5llbarhet och s\u00e4kerhet st\u00e4lls.<\/p>\n<\/div>","protected":false},"excerpt":{"rendered":"<h5><a href=\"https:\/\/elslutblecksguiden.se\/\" target=\"_blank\" rel=\"noopener\">Guide for ASSA Electric locks, motor locks, Electric strike plates and replacement guide<\/a><\/h5>","protected":false},"featured_media":81542,"template":"","meta":{"_acf_changed":false},"product_brand":[],"product_cat":[2321],"product_tag":[3421,3424,2317],"class_list":{"0":"post-61829","1":"product","2":"type-product","3":"status-publish","4":"has-post-thumbnail","6":"product_cat-elslutbleck","7":"product_tag-24v","8":"product_tag-rattvand","9":"product_tag-rg-assa-abloy","10":"product_shipping_class-tunga-paket","11":"pa_brands-abloy","12":"tm-no-options","14":"first","15":"instock","16":"sale","17":"taxable","18":"shipping-taxable","19":"product-type-simple"},"acf":[],"_links":{"self":[{"href":"https:\/\/stonehouse.se\/en\/wp-json\/wp\/v2\/product\/61829","targetHints":{"allow":["GET"]}}],"collection":[{"href":"https:\/\/stonehouse.se\/en\/wp-json\/wp\/v2\/product"}],"about":[{"href":"https:\/\/stonehouse.se\/en\/wp-json\/wp\/v2\/types\/product"}],"wp:featuredmedia":[{"embeddable":true,"href":"https:\/\/stonehouse.se\/en\/wp-json\/wp\/v2\/media\/81542"}],"wp:attachment":[{"href":"https:\/\/stonehouse.se\/en\/wp-json\/wp\/v2\/media?parent=61829"}],"wp:term":[{"taxonomy":"product_brand","embeddable":true,"href":"https:\/\/stonehouse.se\/en\/wp-json\/wp\/v2\/product_brand?post=61829"},{"taxonomy":"product_cat","embeddable":true,"href":"https:\/\/stonehouse.se\/en\/wp-json\/wp\/v2\/product_cat?post=61829"},{"taxonomy":"product_tag","embeddable":true,"href":"https:\/\/stonehouse.se\/en\/wp-json\/wp\/v2\/product_tag?post=61829"}],"curies":[{"name":"wp","href":"https:\/\/api.w.org\/{rel}","templated":true}]}}