
{"id":61834,"date":"2023-09-27T18:14:14","date_gmt":"2023-09-27T16:14:14","guid":{"rendered":"https:\/\/stonehouse.se\/?post_type=product&#038;p=61834"},"modified":"2026-04-08T15:57:12","modified_gmt":"2026-04-08T13:57:12","slug":"elslutbleck-14-rattvand-24v","status":"publish","type":"product","link":"https:\/\/stonehouse.se\/en\/product\/elslutbleck-14-rattvand-24v\/","title":{"rendered":"Elslutbleck 14 R\u00e4ttv\u00e4nd 24V"},"content":{"rendered":"<h1>Elslutbleck 14 R\u00e4ttv\u00e4nd 24V<\/h1>\n<div>Elslutbleck 14 R\u00e4ttv\u00e4nd 24V, f\u00f6r d\u00f6rrar med l\u00e5gt s\u00e4kerhetskrav. R\u00e4ttv\u00e4nd funktion, brytstyrka 400 kg, och passar f\u00f6r intern l\u00e5sning inom handel, kontor och industri.<\/p>\n<p class=\"\" data-start=\"599\" data-end=\"974\">Elslutbleck 14 R\u00e4ttv\u00e4nd 24V \u00e4r ett elektriskt slutbleck designat f\u00f6r d\u00f6rrar med l\u00e5gt st\u00e4llda krav p\u00e5 s\u00e4kerhet, vilket g\u00f6r det till en perfekt l\u00f6sning f\u00f6r intern l\u00e5sning i handel, kontor, och industri.<\/p>\n<p class=\"\" data-start=\"599\" data-end=\"974\">Det erbjuder en p\u00e5litlig och kostnadseffektiv l\u00f6sning f\u00f6r d\u00f6rrar som inte kr\u00e4ver avancerad s\u00e4kerhet men \u00e4nd\u00e5 beh\u00f6ver ett tillf\u00f6rlitligt l\u00e5ssystem.<\/p>\n<p class=\"\" data-start=\"976\" data-end=\"1594\">Detta elslutbleck har en r\u00e4ttv\u00e4nd funktion, vilket inneb\u00e4r att d\u00f6rren \u00e4r l\u00e5st vid sp\u00e4nningsbortfall, vilket \u00f6kar s\u00e4kerheten genom att s\u00e4kerst\u00e4lla att d\u00f6rren f\u00f6rblir l\u00e5st \u00e4ven om str\u00f6mmen skulle g\u00e5.<\/p>\n<p class=\"\" data-start=\"976\" data-end=\"1594\">Det \u00e4r tillverkat med ett vridfall i st\u00e5l och ett l\u00e5shus i zinklegering, vilket ger en solid konstruktion f\u00f6r l\u00e5ng h\u00e5llbarhet. Med en brytstyrka p\u00e5 4000 N (400 kg), \u00e4r det tillr\u00e4ckligt starkt f\u00f6r att anv\u00e4ndas i d\u00f6rrar d\u00e4r s\u00e4kerheten inte beh\u00f6ver vara lika strikt som vid brandcellsdelande d\u00f6rrar.<\/p>\n<p class=\"\" data-start=\"976\" data-end=\"1594\">Det \u00e4r viktigt att notera att detta elslutbleck ALDRIG f\u00e5r anv\u00e4ndas i brandcellsdelande d\u00f6rrar.<\/p>\n<p class=\"\" data-start=\"1596\" data-end=\"1968\">Den passar bra att anv\u00e4ndas i kombination med enkel- eller dubbelfall\u00e5s och ger en effektiv l\u00f6sning f\u00f6r daglig anv\u00e4ndning i milj\u00f6er som inte kr\u00e4ver avancerade s\u00e4kerhetsl\u00f6sningar.<\/p>\n<p class=\"\" data-start=\"1596\" data-end=\"1968\">F\u00f6r optimerad prestanda, rekommenderas att skyddsdiod (t.ex. 1N4004) monteras n\u00e4ra elslutbleckets spole f\u00f6r att skydda den styrande elektroniken fr\u00e5n eventuella sp\u00e4nningstoppar.<\/p>\n<p class=\"\" data-start=\"1970\" data-end=\"2000\">Key Features and Benefits:<\/p>\n<ul data-start=\"2001\" data-end=\"2388\">\n<li class=\"\" data-start=\"2001\" data-end=\"2071\">\n<p class=\"\" data-start=\"2003\" data-end=\"2071\">R\u00e4ttv\u00e4nd funktion: L\u00e5st vid sp\u00e4nningsbortfall f\u00f6r \u00f6kad s\u00e4kerhet.<\/p>\n<\/li>\n<li class=\"\" data-start=\"2072\" data-end=\"2135\">\n<p class=\"\" data-start=\"2074\" data-end=\"2135\">Vridfall i st\u00e5l: Robust konstruktion f\u00f6r l\u00e5ng h\u00e5llbarhet.<\/p>\n<\/li>\n<li class=\"\" data-start=\"2136\" data-end=\"2216\">\n<p class=\"\" data-start=\"2138\" data-end=\"2216\">Bryth\u00e5llfasthet: H\u00e5ller upp till 4000 N (400 kg) f\u00f6r p\u00e5litlig l\u00e5sning.<\/p>\n<\/li>\n<li class=\"\" data-start=\"2217\" data-end=\"2295\">\n<p class=\"\" data-start=\"2219\" data-end=\"2295\">Kompatibilitet: Passar f\u00f6r anv\u00e4ndning med enkel- eller dubbelfall\u00e5s.<\/p>\n<\/li>\n<li class=\"\" data-start=\"2296\" data-end=\"2388\">\n<p class=\"\" data-start=\"2298\" data-end=\"2388\">Ej f\u00f6r brandcellsdelande d\u00f6rrar: Ej l\u00e4mplig f\u00f6r anv\u00e4ndning i brandcellsdelande d\u00f6rrar.<\/p>\n<\/li>\n<\/ul>\n<p class=\"\" data-start=\"2390\" data-end=\"2419\">Technical Specifications:<\/p>\n<ul data-start=\"2420\" data-end=\"2711\">\n<li class=\"\" data-start=\"2420\" data-end=\"2448\">\n<p class=\"\" data-start=\"2422\" data-end=\"2448\">Sp\u00e4nning: 24 VDC \u00b1 10%<\/p>\n<\/li>\n<li class=\"\" data-start=\"2449\" data-end=\"2481\">\n<p class=\"\" data-start=\"2451\" data-end=\"2481\">Str\u00f6mf\u00f6rbrukning: 0-110 mA<\/p>\n<\/li>\n<li class=\"\" data-start=\"2482\" data-end=\"2592\">\n<p class=\"\" data-start=\"2484\" data-end=\"2592\">Skyddsdiod: Rekommenderas att anv\u00e4nda en skyddsdiod n\u00e4ra elslutbleckets spole f\u00f6r att skydda elektronik.<\/p>\n<\/li>\n<li class=\"\" data-start=\"2593\" data-end=\"2635\">\n<p class=\"\" data-start=\"2595\" data-end=\"2635\">Bryth\u00e5llfasthet max: 4000 N (400 kg)<\/p>\n<\/li>\n<li class=\"\" data-start=\"2636\" data-end=\"2656\">\n<p class=\"\" data-start=\"2638\" data-end=\"2656\">Vridfall: St\u00e5l<\/p>\n<\/li>\n<li class=\"\" data-start=\"2657\" data-end=\"2683\">\n<p class=\"\" data-start=\"2659\" data-end=\"2683\">L\u00e5shus: Zinklegering<\/p>\n<\/li>\n<li class=\"\" data-start=\"2684\" data-end=\"2711\">\n<p class=\"\" data-start=\"2686\" data-end=\"2711\">Driftsp\u00e4nning: 24 VDC<\/p>\n<\/li>\n<\/ul>\n<\/div>","protected":false},"excerpt":{"rendered":"<h5><a href=\"https:\/\/elslutblecksguiden.se\/\" target=\"_blank\" rel=\"noopener\">Guide for ASSA Electric locks, motor locks, Electric strike plates and replacement guide<\/a><\/h5>","protected":false},"featured_media":93939,"template":"","meta":{"_acf_changed":false},"product_brand":[],"product_cat":[2321],"product_tag":[3421,3424,2317],"class_list":{"0":"post-61834","1":"product","2":"type-product","3":"status-publish","4":"has-post-thumbnail","6":"product_cat-elslutbleck","7":"product_tag-24v","8":"product_tag-rattvand","9":"product_tag-rg-assa-abloy","10":"product_shipping_class-tunga-paket","11":"pa_brands-abloy","12":"tm-no-options","14":"first","15":"instock","16":"sale","17":"taxable","18":"shipping-taxable","19":"product-type-simple"},"acf":[],"_links":{"self":[{"href":"https:\/\/stonehouse.se\/en\/wp-json\/wp\/v2\/product\/61834","targetHints":{"allow":["GET"]}}],"collection":[{"href":"https:\/\/stonehouse.se\/en\/wp-json\/wp\/v2\/product"}],"about":[{"href":"https:\/\/stonehouse.se\/en\/wp-json\/wp\/v2\/types\/product"}],"wp:featuredmedia":[{"embeddable":true,"href":"https:\/\/stonehouse.se\/en\/wp-json\/wp\/v2\/media\/93939"}],"wp:attachment":[{"href":"https:\/\/stonehouse.se\/en\/wp-json\/wp\/v2\/media?parent=61834"}],"wp:term":[{"taxonomy":"product_brand","embeddable":true,"href":"https:\/\/stonehouse.se\/en\/wp-json\/wp\/v2\/product_brand?post=61834"},{"taxonomy":"product_cat","embeddable":true,"href":"https:\/\/stonehouse.se\/en\/wp-json\/wp\/v2\/product_cat?post=61834"},{"taxonomy":"product_tag","embeddable":true,"href":"https:\/\/stonehouse.se\/en\/wp-json\/wp\/v2\/product_tag?post=61834"}],"curies":[{"name":"wp","href":"https:\/\/api.w.org\/{rel}","templated":true}]}}