
{"id":61853,"date":"2023-09-27T18:13:33","date_gmt":"2023-09-27T16:13:33","guid":{"rendered":"https:\/\/stonehouse.se\/?post_type=product&#038;p=61853"},"modified":"2026-04-08T16:03:37","modified_gmt":"2026-04-08T14:03:37","slug":"elslutbleck-961m-omvand-12-24v-kolvkontakt-5m-kabel","status":"publish","type":"product","link":"https:\/\/stonehouse.se\/en\/product\/elslutbleck-961m-omvand-12-24v-kolvkontakt-5m-kabel\/","title":{"rendered":"Elslutbleck 961M Omv\u00e4nd 12-24V Kolvkontakt 5m Kabel"},"content":{"rendered":"<div>\n<h1>Elslutbleck 961M Omv\u00e4nd 12-24V Kolvkontakt 5m Kabel<\/h1>\n<p>Elslutbleck 961M Omv\u00e4nd 12-24V Kolvkontakt 5m Kabel fr\u00e5n ASSA ABLOY \u00e4r ett robust elslutbleck med bryth\u00e5llfasthet p\u00e5 1500 kg och en omv\u00e4nd funktion, vilket g\u00f6r det ol\u00e5st vid sp\u00e4nningsbortfall.Det \u00e4r designat f\u00f6r anv\u00e4ndning i skalskydd och intern l\u00e5sning inom handel, kontor och industri, samt i flerfamiljshus.<\/p>\n<p class=\"\" data-start=\"469\" data-end=\"872\">ASSA ABLOY 961M Omv\u00e4nd 12-24V Kolvkontakt 5m Kabel \u00e4r konstruerat f\u00f6r d\u00f6rrar med h\u00f6gt st\u00e4llda krav p\u00e5 listtryck och s\u00e4kerhet.<\/p>\n<p class=\"\" data-start=\"469\" data-end=\"872\">Med en imponerande bryth\u00e5llfasthet p\u00e5 1500 kg (15 kN) och brandklass E\/EI 120 (upp till 120 minuter), ger detta elslutbleck b\u00e5de s\u00e4kerhet och p\u00e5litlighet i brandcellsdelande d\u00f6rrar och andra applikationer d\u00e4r b\u00e5de s\u00e4kerhet och brandmotst\u00e5nd \u00e4r avg\u00f6rande.<\/p>\n<p class=\"\" data-start=\"874\" data-end=\"1225\">Den omv\u00e4nda funktionen inneb\u00e4r att elslutblecket f\u00f6rblir ol\u00e5st vid sp\u00e4nningsbortfall, vilket g\u00f6r det till en idealisk l\u00f6sning f\u00f6r utrymningsd\u00f6rrar och andra kritiska applikationer d\u00e4r snabb \u00f6ppning \u00e4r viktig.<\/p>\n<p class=\"\" data-start=\"874\" data-end=\"1225\">L\u00e5set \u00e4r utrustat med ett l\u00e5skolvskontakt och ankarkontakt och erbjuder h\u00f6g skak- och slags\u00e4kerhet, vilket g\u00f6r det h\u00e5llbart f\u00f6r tuffa milj\u00f6er.<\/p>\n<p data-start=\"874\" data-end=\"1225\">Elslutblecket \u00e4r \u00e4ven kompatibelt med f\u00f6rreglade enkelfall\u00e5s och dubbelfall\u00e5s och passar alla monteringsstolpar i 900-serien. Anslutningskabeln p\u00e5 5 meter ing\u00e5r f\u00f6r enkel installation.<\/p>\n<p class=\"\" data-start=\"1413\" data-end=\"1435\"><strong data-start=\"1413\" data-end=\"1433\">Specifikationer:<\/strong><\/p>\n<ul data-start=\"1436\" data-end=\"1898\">\n<li class=\"\" data-start=\"1436\" data-end=\"1472\">\n<p class=\"\" data-start=\"1438\" data-end=\"1472\">Bryth\u00e5llfasthet: 1500 kg (15 kN)<\/p>\n<\/li>\n<li class=\"\" data-start=\"1473\" data-end=\"1505\">\n<p class=\"\" data-start=\"1475\" data-end=\"1505\">D\u00f6rrh\u00e4ngning: H\u00f6ger, v\u00e4nster<\/p>\n<\/li>\n<li class=\"\" data-start=\"1506\" data-end=\"1527\">\n<p class=\"\" data-start=\"1508\" data-end=\"1527\">Listtryck: 300 kg<\/p>\n<\/li>\n<li class=\"\" data-start=\"1528\" data-end=\"1565\">\n<p class=\"\" data-start=\"1530\" data-end=\"1565\">L\u00e5styp: Enkelfall\u00e5s, Dubbelfall\u00e5s<\/p>\n<\/li>\n<li class=\"\" data-start=\"1566\" data-end=\"1591\">\n<p class=\"\" data-start=\"1568\" data-end=\"1591\">Driftsp\u00e4nning: 12-24V<\/p>\n<\/li>\n<li class=\"\" data-start=\"1592\" data-end=\"1624\">\n<p class=\"\" data-start=\"1594\" data-end=\"1624\">F\u00e4rg\/Ytbehandling: F\u00f6rzinkad<\/p>\n<\/li>\n<li class=\"\" data-start=\"1625\" data-end=\"1644\">\n<p class=\"\" data-start=\"1627\" data-end=\"1644\">Kolvkontakt: Ja<\/p>\n<\/li>\n<li class=\"\" data-start=\"1645\" data-end=\"1670\">\n<p class=\"\" data-start=\"1647\" data-end=\"1670\">Sp\u00e4nning AC\/DC: AC\/DC<\/p>\n<\/li>\n<li class=\"\" data-start=\"1671\" data-end=\"1695\">\n<p class=\"\" data-start=\"1673\" data-end=\"1695\">Max Sp\u00e4nning: 27,6 V<\/p>\n<\/li>\n<li class=\"\" data-start=\"1696\" data-end=\"1720\">\n<p class=\"\" data-start=\"1698\" data-end=\"1720\">Min Sp\u00e4nning: 10,8 V<\/p>\n<\/li>\n<li class=\"\" data-start=\"1721\" data-end=\"1745\">\n<p class=\"\" data-start=\"1723\" data-end=\"1745\">Dubbel vridfall: Nej<\/p>\n<\/li>\n<li class=\"\" data-start=\"1746\" data-end=\"1773\">\n<p class=\"\" data-start=\"1748\" data-end=\"1773\">R\u00e4ttv\u00e4nd\/Omv\u00e4nd: Omv\u00e4nd<\/p>\n<\/li>\n<li class=\"\" data-start=\"1774\" data-end=\"1798\">\n<p class=\"\" data-start=\"1776\" data-end=\"1798\">Brandtestad: 120 min<\/p>\n<\/li>\n<li class=\"\" data-start=\"1799\" data-end=\"1822\">\n<p class=\"\" data-start=\"1801\" data-end=\"1822\">Kabell\u00e4ngd: 5 meter<\/p>\n<\/li>\n<li class=\"\" data-start=\"1823\" data-end=\"1847\">\n<p class=\"\" data-start=\"1825\" data-end=\"1847\">H\u00f6jd produkt: 140 mm<\/p>\n<\/li>\n<li class=\"\" data-start=\"1848\" data-end=\"1874\">\n<p class=\"\" data-start=\"1850\" data-end=\"1874\">Bredd produkt: 26,5 mm<\/p>\n<\/li>\n<li class=\"\" data-start=\"1875\" data-end=\"1898\">\n<p class=\"\" data-start=\"1877\" data-end=\"1898\">Djup produkt: 35 mm<\/p>\n<\/li>\n<\/ul>\n<p class=\"\" data-start=\"1900\" data-end=\"2240\"><strong data-start=\"1900\" data-end=\"1922\">Anv\u00e4ndningsomr\u00e5den<\/strong><br data-start=\"1922\" data-end=\"1925\" \/>Elslutbleck 961M \u00e4r idealiskt f\u00f6r d\u00f6rrar som kr\u00e4ver b\u00e5de h\u00f6g s\u00e4kerhet och brandmotst\u00e5nd, inklusive skalskydd, interna l\u00e5sningar och brandcellsdelande d\u00f6rrar i kommersiella byggnader, kontor och flerfamiljshus.<\/p>\n<p class=\"\" data-start=\"1900\" data-end=\"2240\">Det passar \u00e4ven i applikationer som kr\u00e4ver h\u00f6g h\u00e5llbarhet och f\u00f6rm\u00e5ga att \u00f6ppnas \u00e4ven vid h\u00f6ga listtryck.<\/p>\n<\/div>","protected":false},"excerpt":{"rendered":"<h5><a href=\"https:\/\/elslutblecksguiden.se\/\" target=\"_blank\" rel=\"noopener\">Guide for ASSA Electric locks, motor locks, Electric strike plates and replacement guide<\/a><\/h5>","protected":false},"featured_media":89691,"template":"","meta":{"_acf_changed":false},"product_brand":[],"product_cat":[2321],"product_tag":[3420,3425,2317],"class_list":{"0":"post-61853","1":"product","2":"type-product","3":"status-publish","4":"has-post-thumbnail","6":"product_cat-elslutbleck","7":"product_tag-12-24v","8":"product_tag-omvand","9":"product_tag-rg-assa-abloy","10":"product_shipping_class-tunga-paket","11":"pa_brands-abloy","12":"tm-no-options","14":"first","15":"outofstock","16":"sale","17":"taxable","18":"shipping-taxable","19":"product-type-simple"},"acf":[],"_links":{"self":[{"href":"https:\/\/stonehouse.se\/en\/wp-json\/wp\/v2\/product\/61853","targetHints":{"allow":["GET"]}}],"collection":[{"href":"https:\/\/stonehouse.se\/en\/wp-json\/wp\/v2\/product"}],"about":[{"href":"https:\/\/stonehouse.se\/en\/wp-json\/wp\/v2\/types\/product"}],"wp:featuredmedia":[{"embeddable":true,"href":"https:\/\/stonehouse.se\/en\/wp-json\/wp\/v2\/media\/89691"}],"wp:attachment":[{"href":"https:\/\/stonehouse.se\/en\/wp-json\/wp\/v2\/media?parent=61853"}],"wp:term":[{"taxonomy":"product_brand","embeddable":true,"href":"https:\/\/stonehouse.se\/en\/wp-json\/wp\/v2\/product_brand?post=61853"},{"taxonomy":"product_cat","embeddable":true,"href":"https:\/\/stonehouse.se\/en\/wp-json\/wp\/v2\/product_cat?post=61853"},{"taxonomy":"product_tag","embeddable":true,"href":"https:\/\/stonehouse.se\/en\/wp-json\/wp\/v2\/product_tag?post=61853"}],"curies":[{"name":"wp","href":"https:\/\/api.w.org\/{rel}","templated":true}]}}