
{"id":61857,"date":"2023-09-27T18:13:35","date_gmt":"2023-09-27T16:13:35","guid":{"rendered":"https:\/\/stonehouse.se\/?post_type=product&#038;p=61857"},"modified":"2026-04-08T16:03:28","modified_gmt":"2026-04-08T14:03:28","slug":"elslutbleck-961c-omvand-12-24v-hi-okolvkontakt-5m-kabel","status":"publish","type":"product","link":"https:\/\/stonehouse.se\/en\/product\/elslutbleck-961c-omvand-12-24v-hi-okolvkontakt-5m-kabel\/","title":{"rendered":"Elslutbleck 961C Omv\u00e4nd 12-24V Hi-OKolvkontakt 5m Kabel"},"content":{"rendered":"<h1>Elslutbleck 961C Omv\u00e4nd 12-24V Hi-OKolvkontakt 5m Kabel<\/h1>\n<p>Elslutbleck 961C Omv\u00e4nd 12-24V Hi-O Kolvkontakt 5m Kabel fr\u00e5n ASSA ABLOY \u00e4r ett elslutbleck med h\u00f6g bryth\u00e5llfasthet p\u00e5 1500 kg och en omv\u00e4nd funktion.Det \u00e4r kompatibelt med Hi-O Can bus teknik och erbjuder p\u00e5litlig s\u00e4kerhet f\u00f6r skalskydd och intern l\u00e5sning i handel, kontor och industri.<\/p>\n<p class=\"\" data-start=\"451\" data-end=\"819\">ASSA ABLOY 961C Omv\u00e4nd 12-24V Hi-O Kolvkontakt \u00e4r ett h\u00f6gkvalitativt elslutbleck designat f\u00f6r d\u00f6rrar med h\u00f6ga krav p\u00e5 b\u00e5de listtryck och s\u00e4kerhet.<\/p>\n<p class=\"\" data-start=\"451\" data-end=\"819\">Med en imponerande bryth\u00e5llfasthet p\u00e5 1500 kg (15 kN) och en brandklassning upp till E\/EI 120, \u00e4r detta elslutbleck ett perfekt val f\u00f6r applikationer d\u00e4r b\u00e5de s\u00e4kerhet och brandmotst\u00e5nd \u00e4r kritiska.<\/p>\n<p class=\"\" data-start=\"821\" data-end=\"1174\">Den omv\u00e4nda funktionen inneb\u00e4r att d\u00f6rren \u00e4r l\u00e5st vid sp\u00e4nningsbortfall, vilket \u00f6kar s\u00e4kerheten i n\u00f6dsituationer.<\/p>\n<p class=\"\" data-start=\"821\" data-end=\"1174\">L\u00e5set \u00e4r kompatibelt med Hi-O Can bus teknik, vilket g\u00f6r det till ett utm\u00e4rkt val f\u00f6r integrerade s\u00e4kerhetssystem.<\/p>\n<p class=\"\" data-start=\"821\" data-end=\"1174\">Det kan anv\u00e4ndas i kombination med f\u00f6rreglade enkelfall\u00e5s eller dubbelfall\u00e5s och passar alla monteringsstolpar i 900-serien.<\/p>\n<p class=\"\" data-start=\"1176\" data-end=\"1432\">Elslutblecket 961C \u00e4r \u00e4ven utrustat med ett l\u00e5skolvskontakt och ankarkontakt f\u00f6r \u00f6kad funktionalitet.<\/p>\n<p class=\"\" data-start=\"1176\" data-end=\"1432\">Det har en h\u00f6g skak- och slags\u00e4kerhet, vilket g\u00f6r det extremt h\u00e5llbart \u00e4ven under p\u00e5frestningar. Anslutningskabel p\u00e5 5 meter ing\u00e5r f\u00f6r enkel installation.<\/p>\n<p class=\"\" data-start=\"1434\" data-end=\"1456\"><strong data-start=\"1434\" data-end=\"1454\">Specifikationer:<\/strong><\/p>\n<ul data-start=\"1457\" data-end=\"1868\">\n<li class=\"\" data-start=\"1457\" data-end=\"1493\">\n<p class=\"\" data-start=\"1459\" data-end=\"1493\">Bryth\u00e5llfasthet: 1500 kg (15 kN)<\/p>\n<\/li>\n<li class=\"\" data-start=\"1494\" data-end=\"1526\">\n<p class=\"\" data-start=\"1496\" data-end=\"1526\">D\u00f6rrh\u00e4ngning: H\u00f6ger, v\u00e4nster<\/p>\n<\/li>\n<li class=\"\" data-start=\"1527\" data-end=\"1548\">\n<p class=\"\" data-start=\"1529\" data-end=\"1548\">Listtryck: 300 kg<\/p>\n<\/li>\n<li class=\"\" data-start=\"1549\" data-end=\"1586\">\n<p class=\"\" data-start=\"1551\" data-end=\"1586\">L\u00e5styp: Enkelfall\u00e5s, Dubbelfall\u00e5s<\/p>\n<\/li>\n<li class=\"\" data-start=\"1587\" data-end=\"1612\">\n<p class=\"\" data-start=\"1589\" data-end=\"1612\">Driftsp\u00e4nning: 12-24V<\/p>\n<\/li>\n<li class=\"\" data-start=\"1613\" data-end=\"1645\">\n<p class=\"\" data-start=\"1615\" data-end=\"1645\">F\u00e4rg\/Ytbehandling: F\u00f6rzinkad<\/p>\n<\/li>\n<li class=\"\" data-start=\"1646\" data-end=\"1665\">\n<p class=\"\" data-start=\"1648\" data-end=\"1665\">Kolvkontakt: Ja<\/p>\n<\/li>\n<li class=\"\" data-start=\"1666\" data-end=\"1691\">\n<p class=\"\" data-start=\"1668\" data-end=\"1691\">Sp\u00e4nning AC\/DC: AC\/DC<\/p>\n<\/li>\n<li class=\"\" data-start=\"1692\" data-end=\"1716\">\n<p class=\"\" data-start=\"1694\" data-end=\"1716\">Max Sp\u00e4nning: 27,6 V<\/p>\n<\/li>\n<li class=\"\" data-start=\"1717\" data-end=\"1741\">\n<p class=\"\" data-start=\"1719\" data-end=\"1741\">Min Sp\u00e4nning: 10,8 V<\/p>\n<\/li>\n<li class=\"\" data-start=\"1742\" data-end=\"1766\">\n<p class=\"\" data-start=\"1744\" data-end=\"1766\">Dubbel vridfall: Nej<\/p>\n<\/li>\n<li class=\"\" data-start=\"1767\" data-end=\"1794\">\n<p class=\"\" data-start=\"1769\" data-end=\"1794\">R\u00e4ttv\u00e4nd\/Omv\u00e4nd: Omv\u00e4nd<\/p>\n<\/li>\n<li class=\"\" data-start=\"1795\" data-end=\"1819\">\n<p class=\"\" data-start=\"1797\" data-end=\"1819\">Brandtestad: 120 min<\/p>\n<\/li>\n<li class=\"\" data-start=\"1820\" data-end=\"1843\">\n<p class=\"\" data-start=\"1822\" data-end=\"1843\">Kabell\u00e4ngd: 5 meter<\/p>\n<\/li>\n<li class=\"\" data-start=\"1844\" data-end=\"1868\">\n<p class=\"\" data-start=\"1846\" data-end=\"1868\">H\u00f6jd produkt: 140 mm<\/p>\n<\/li>\n<\/ul>\n<p class=\"\" data-start=\"1870\" data-end=\"2153\"><strong data-start=\"1870\" data-end=\"1892\">Anv\u00e4ndningsomr\u00e5den<\/strong><br data-start=\"1892\" data-end=\"1895\" \/>Elslutbleck 961C \u00e4r idealiskt f\u00f6r anv\u00e4ndning i s\u00e4kerhetskritiska milj\u00f6er som skalskydd, interna l\u00e5sningar, och brandcellsdelande d\u00f6rrar.<\/p>\n<p class=\"\" data-start=\"1870\" data-end=\"2153\">Perfekt f\u00f6r kommersiella byggnader, kontor, industri och flerfamiljshus d\u00e4r b\u00e5de brandmotst\u00e5nd och s\u00e4kerhet \u00e4r avg\u00f6rande.<\/p>","protected":false},"excerpt":{"rendered":"<h5><a href=\"https:\/\/elslutblecksguiden.se\/\" target=\"_blank\" rel=\"noopener\">Guide for ASSA Electric locks, motor locks, Electric strike plates and replacement guide<\/a><\/h5>","protected":false},"featured_media":89688,"template":"","meta":{"_acf_changed":false},"product_brand":[],"product_cat":[2321],"product_tag":[3420,3425,2317],"class_list":{"0":"post-61857","1":"product","2":"type-product","3":"status-publish","4":"has-post-thumbnail","6":"product_cat-elslutbleck","7":"product_tag-12-24v","8":"product_tag-omvand","9":"product_tag-rg-assa-abloy","10":"product_shipping_class-tunga-paket","11":"pa_brands-abloy","12":"tm-no-options","14":"first","15":"onbackorder","16":"sale","17":"taxable","18":"shipping-taxable","19":"product-type-simple"},"acf":[],"_links":{"self":[{"href":"https:\/\/stonehouse.se\/en\/wp-json\/wp\/v2\/product\/61857","targetHints":{"allow":["GET"]}}],"collection":[{"href":"https:\/\/stonehouse.se\/en\/wp-json\/wp\/v2\/product"}],"about":[{"href":"https:\/\/stonehouse.se\/en\/wp-json\/wp\/v2\/types\/product"}],"wp:featuredmedia":[{"embeddable":true,"href":"https:\/\/stonehouse.se\/en\/wp-json\/wp\/v2\/media\/89688"}],"wp:attachment":[{"href":"https:\/\/stonehouse.se\/en\/wp-json\/wp\/v2\/media?parent=61857"}],"wp:term":[{"taxonomy":"product_brand","embeddable":true,"href":"https:\/\/stonehouse.se\/en\/wp-json\/wp\/v2\/product_brand?post=61857"},{"taxonomy":"product_cat","embeddable":true,"href":"https:\/\/stonehouse.se\/en\/wp-json\/wp\/v2\/product_cat?post=61857"},{"taxonomy":"product_tag","embeddable":true,"href":"https:\/\/stonehouse.se\/en\/wp-json\/wp\/v2\/product_tag?post=61857"}],"curies":[{"name":"wp","href":"https:\/\/api.w.org\/{rel}","templated":true}]}}