
{"id":61869,"date":"2023-09-27T18:13:44","date_gmt":"2023-09-27T16:13:44","guid":{"rendered":"https:\/\/stonehouse.se\/?post_type=product&#038;p=61869"},"modified":"2026-04-08T15:56:41","modified_gmt":"2026-04-08T13:56:41","slug":"elslutbleck-910-rattvand-12-24v","status":"publish","type":"product","link":"https:\/\/stonehouse.se\/en\/product\/elslutbleck-910-rattvand-12-24v\/","title":{"rendered":"Elslutbleck 910 R\u00e4ttv\u00e4nd 12-24V"},"content":{"rendered":"<h1>Elslutbleck 910 R\u00e4ttv\u00e4nd 12-24V<\/h1>\n<p class=\"\" data-start=\"428\" data-end=\"779\">ASSA Elslutbleck 910 R\u00e4ttv\u00e4nd 12-24V \u00e4r en del av 900-serien och \u00e4r designat f\u00f6r att uppfylla s\u00e4kerhetskrav i d\u00f6rrar som anv\u00e4nds inom kommersiella och industriella milj\u00f6er.<\/p>\n<p class=\"\" data-start=\"428\" data-end=\"779\">Med en bryth\u00e5llfasthet p\u00e5 800 kg (8 kN) och h\u00f6g skak- och slags\u00e4kerhet, \u00e4r detta elslutbleck perfekt f\u00f6r d\u00f6rrar med h\u00f6g belastning och frekvent anv\u00e4ndning.<\/p>\n<p class=\"\" data-start=\"781\" data-end=\"1152\">L\u00e5set har en r\u00e4ttv\u00e4nd funktion, vilket betyder att det \u00e4r l\u00e5st \u00e4ven vid str\u00f6mbortfall, vilket g\u00f6r det till en p\u00e5litlig s\u00e4kerhetsl\u00f6sning f\u00f6r olika applikationer.<\/p>\n<p class=\"\" data-start=\"781\" data-end=\"1152\">L\u00e5shuset \u00e4r tillverkat av zinklegering och vridfallet \u00e4r i brons, vilket ger \u00f6kad h\u00e5llbarhet och l\u00e5ng livsl\u00e4ngd.<\/p>\n<p class=\"\" data-start=\"781\" data-end=\"1152\">Den f\u00f6rb\u00e4ttrade listtrycksfunktionen g\u00f6r att det \u00e4r m\u00f6jligt att \u00f6ppna d\u00f6rren \u00e4ven vid h\u00f6gt tryck.<\/p>\n<p class=\"\" data-start=\"1154\" data-end=\"1336\">Elslutblecket \u00e4r \u00e4ven utrustat med ett inbyggt transientskydd f\u00f6r att skydda mot elektriska st\u00f6rningar, vilket g\u00f6r det extra p\u00e5litligt f\u00f6r installationer d\u00e4r stabilitet \u00e4r avg\u00f6rande.<\/p>\n<p class=\"\" data-start=\"1338\" data-end=\"1360\"><strong data-start=\"1338\" data-end=\"1358\">Specifikationer:<\/strong><\/p>\n<ul data-start=\"1361\" data-end=\"1772\">\n<li class=\"\" data-start=\"1361\" data-end=\"1395\">\n<p class=\"\" data-start=\"1363\" data-end=\"1395\">Bryth\u00e5llfasthet: 800 kg (8 kN)<\/p>\n<\/li>\n<li class=\"\" data-start=\"1396\" data-end=\"1428\">\n<p class=\"\" data-start=\"1398\" data-end=\"1428\">D\u00f6rrh\u00e4ngning: H\u00f6ger, v\u00e4nster<\/p>\n<\/li>\n<li class=\"\" data-start=\"1429\" data-end=\"1449\">\n<p class=\"\" data-start=\"1431\" data-end=\"1449\">Listtryck: 12 kg<\/p>\n<\/li>\n<li class=\"\" data-start=\"1450\" data-end=\"1487\">\n<p class=\"\" data-start=\"1452\" data-end=\"1487\">L\u00e5styp: Enkelfall\u00e5s, Dubbelfall\u00e5s<\/p>\n<\/li>\n<li class=\"\" data-start=\"1488\" data-end=\"1513\">\n<p class=\"\" data-start=\"1490\" data-end=\"1513\">Driftsp\u00e4nning: 12-24V<\/p>\n<\/li>\n<li class=\"\" data-start=\"1514\" data-end=\"1546\">\n<p class=\"\" data-start=\"1516\" data-end=\"1546\">F\u00e4rg\/Ytbehandling: F\u00f6rzinkad<\/p>\n<\/li>\n<li class=\"\" data-start=\"1547\" data-end=\"1567\">\n<p class=\"\" data-start=\"1549\" data-end=\"1567\">Kolvkontakt: Nej<\/p>\n<\/li>\n<li class=\"\" data-start=\"1568\" data-end=\"1593\">\n<p class=\"\" data-start=\"1570\" data-end=\"1593\">Sp\u00e4nning AC\/DC: AC\/DC<\/p>\n<\/li>\n<li class=\"\" data-start=\"1594\" data-end=\"1618\">\n<p class=\"\" data-start=\"1596\" data-end=\"1618\">Max Sp\u00e4nning: 27,6 V<\/p>\n<\/li>\n<li class=\"\" data-start=\"1619\" data-end=\"1643\">\n<p class=\"\" data-start=\"1621\" data-end=\"1643\">Min Sp\u00e4nning: 10,8 V<\/p>\n<\/li>\n<li class=\"\" data-start=\"1644\" data-end=\"1668\">\n<p class=\"\" data-start=\"1646\" data-end=\"1668\">Dubbel vridfall: Nej<\/p>\n<\/li>\n<li class=\"\" data-start=\"1669\" data-end=\"1698\">\n<p class=\"\" data-start=\"1671\" data-end=\"1698\">R\u00e4ttv\u00e4nd\/Omv\u00e4nd: R\u00e4ttv\u00e4nd<\/p>\n<\/li>\n<li class=\"\" data-start=\"1699\" data-end=\"1723\">\n<p class=\"\" data-start=\"1701\" data-end=\"1723\">Bredd produkt: 27 mm<\/p>\n<\/li>\n<li class=\"\" data-start=\"1724\" data-end=\"1747\">\n<p class=\"\" data-start=\"1726\" data-end=\"1747\">Djup produkt: 40 mm<\/p>\n<\/li>\n<li class=\"\" data-start=\"1748\" data-end=\"1772\">\n<p class=\"\" data-start=\"1750\" data-end=\"1772\">H\u00f6jd produkt: 140 mm<\/p>\n<\/li>\n<\/ul>\n<p class=\"\" data-start=\"1774\" data-end=\"1993\"><strong data-start=\"1774\" data-end=\"1796\">Anv\u00e4ndningsomr\u00e5den<\/strong><br data-start=\"1796\" data-end=\"1799\" \/>Elslutbleck 910 R\u00e4ttv\u00e4nd 12-24V \u00e4r perfekt f\u00f6r d\u00f6rrar som anv\u00e4nds i s\u00e4kerhetskritiska milj\u00f6er, s\u00e5som skalskydd, interna l\u00e5sningar, entr\u00e9er och allm\u00e4nna utrymmen inom kontor, handel och industri.<\/p>","protected":false},"excerpt":{"rendered":"<h5><a href=\"https:\/\/elslutblecksguiden.se\/\" target=\"_blank\" rel=\"noopener\">Guide for ASSA Electric locks, motor locks, Electric strike plates and replacement guide<\/a><\/h5>","protected":false},"featured_media":81656,"template":"","meta":{"_acf_changed":false},"product_brand":[],"product_cat":[2321],"product_tag":[3420,3424,2317],"class_list":{"0":"post-61869","1":"product","2":"type-product","3":"status-publish","4":"has-post-thumbnail","6":"product_cat-elslutbleck","7":"product_tag-12-24v","8":"product_tag-rattvand","9":"product_tag-rg-assa-abloy","10":"product_shipping_class-tunga-paket","11":"pa_brands-abloy","12":"tm-no-options","14":"first","15":"outofstock","16":"sale","17":"taxable","18":"shipping-taxable","19":"product-type-simple"},"acf":[],"_links":{"self":[{"href":"https:\/\/stonehouse.se\/en\/wp-json\/wp\/v2\/product\/61869","targetHints":{"allow":["GET"]}}],"collection":[{"href":"https:\/\/stonehouse.se\/en\/wp-json\/wp\/v2\/product"}],"about":[{"href":"https:\/\/stonehouse.se\/en\/wp-json\/wp\/v2\/types\/product"}],"wp:featuredmedia":[{"embeddable":true,"href":"https:\/\/stonehouse.se\/en\/wp-json\/wp\/v2\/media\/81656"}],"wp:attachment":[{"href":"https:\/\/stonehouse.se\/en\/wp-json\/wp\/v2\/media?parent=61869"}],"wp:term":[{"taxonomy":"product_brand","embeddable":true,"href":"https:\/\/stonehouse.se\/en\/wp-json\/wp\/v2\/product_brand?post=61869"},{"taxonomy":"product_cat","embeddable":true,"href":"https:\/\/stonehouse.se\/en\/wp-json\/wp\/v2\/product_cat?post=61869"},{"taxonomy":"product_tag","embeddable":true,"href":"https:\/\/stonehouse.se\/en\/wp-json\/wp\/v2\/product_tag?post=61869"}],"curies":[{"name":"wp","href":"https:\/\/api.w.org\/{rel}","templated":true}]}}