
{"id":61878,"date":"2023-09-27T18:13:49","date_gmt":"2023-09-27T16:13:49","guid":{"rendered":"https:\/\/stonehouse.se\/?post_type=product&#038;p=61878"},"modified":"2026-04-08T15:57:50","modified_gmt":"2026-04-08T13:57:50","slug":"elslutbleck-8331-omvand-24v-kolvkontakt","status":"publish","type":"product","link":"https:\/\/stonehouse.se\/en\/product\/elslutbleck-8331-omvand-24v-kolvkontakt\/","title":{"rendered":"Elslutbleck 8331 Omv\u00e4nd 24V Kolvkontakt"},"content":{"rendered":"<h1>Elslutbleck 8331 Omv\u00e4nd 24V Kolvkontakt<\/h1>\n<p class=\"\" data-start=\"449\" data-end=\"801\">ASSA ABLOY extrakraftiga elslutbleck 8331 Omv\u00e4nd 24V Kolvkontakt \u00e4r designat f\u00f6r att m\u00f6ta de h\u00f6gsta s\u00e4kerhetskraven, s\u00e4rskilt i d\u00f6rrar med h\u00f6gfrekvent anv\u00e4ndning.<\/p>\n<p class=\"\" data-start=\"449\" data-end=\"801\">Det \u00e4r s\u00e4rskilt l\u00e4mpligt f\u00f6r anv\u00e4ndning som dagl\u00e5sning i skalskydd, entr\u00e9er, grindar och andra d\u00f6rrar som uts\u00e4tts f\u00f6r h\u00f6g belastning inom handel, kontor och industri.<\/p>\n<p class=\"\" data-start=\"803\" data-end=\"1152\">Elslutblecket har en omv\u00e4nd funktion, vilket inneb\u00e4r att det \u00e4r ol\u00e5st vid sp\u00e4nningsbortfall, vilket g\u00f6r det optimalt f\u00f6r anv\u00e4ndning i utrymningsd\u00f6rrar och luftslussar med tryckskillnader.<\/p>\n<p class=\"\" data-start=\"803\" data-end=\"1152\">Dess bryth\u00e5llfasthet p\u00e5 750 kg (7,5 kN) och f\u00f6rm\u00e5ga att hantera ett listtryck p\u00e5 500 kg g\u00f6r det till en s\u00e4ker och p\u00e5litlig l\u00f6sning \u00e4ven under sv\u00e5ra f\u00f6rh\u00e5llanden.<\/p>\n<p class=\"\" data-start=\"1154\" data-end=\"1401\">Med en slitstark konstruktion som klarar miljontals \u00f6ppningscykler, och vridfall samt l\u00e5shus i st\u00e5l, erbjuder detta elslutbleck l\u00e5ng h\u00e5llbarhet och p\u00e5litlig funktion.<\/p>\n<p class=\"\" data-start=\"1154\" data-end=\"1401\">Dess l\u00e5skolvskontakt och ankarkontakt s\u00e4kerst\u00e4ller enkel och s\u00e4ker installation.<\/p>\n<p class=\"\" data-start=\"1403\" data-end=\"1425\"><strong data-start=\"1403\" data-end=\"1423\">Specifikationer:<\/strong><\/p>\n<ul data-start=\"1426\" data-end=\"1755\">\n<li class=\"\" data-start=\"1426\" data-end=\"1462\">\n<p class=\"\" data-start=\"1428\" data-end=\"1462\">Bryth\u00e5llfasthet: 750 kg (7,5 kN)<\/p>\n<\/li>\n<li class=\"\" data-start=\"1463\" data-end=\"1495\">\n<p class=\"\" data-start=\"1465\" data-end=\"1495\">D\u00f6rrh\u00e4ngning: H\u00f6ger, v\u00e4nster<\/p>\n<\/li>\n<li class=\"\" data-start=\"1496\" data-end=\"1517\">\n<p class=\"\" data-start=\"1498\" data-end=\"1517\">Listtryck: 500 kg<\/p>\n<\/li>\n<li class=\"\" data-start=\"1518\" data-end=\"1555\">\n<p class=\"\" data-start=\"1520\" data-end=\"1555\">L\u00e5styp: Enkelfall\u00e5s, Dubbelfall\u00e5s<\/p>\n<\/li>\n<li class=\"\" data-start=\"1556\" data-end=\"1578\">\n<p class=\"\" data-start=\"1558\" data-end=\"1578\">Driftsp\u00e4nning: 24V<\/p>\n<\/li>\n<li class=\"\" data-start=\"1579\" data-end=\"1609\">\n<p class=\"\" data-start=\"1581\" data-end=\"1609\">F\u00e4rg\/Ytbehandling: Rostfri<\/p>\n<\/li>\n<li class=\"\" data-start=\"1610\" data-end=\"1629\">\n<p class=\"\" data-start=\"1612\" data-end=\"1629\">Kolvkontakt: Ja<\/p>\n<\/li>\n<li class=\"\" data-start=\"1630\" data-end=\"1652\">\n<p class=\"\" data-start=\"1632\" data-end=\"1652\">Sp\u00e4nning AC\/DC: DC<\/p>\n<\/li>\n<li class=\"\" data-start=\"1653\" data-end=\"1677\">\n<p class=\"\" data-start=\"1655\" data-end=\"1677\">Max Sp\u00e4nning: 26,4 V<\/p>\n<\/li>\n<li class=\"\" data-start=\"1678\" data-end=\"1702\">\n<p class=\"\" data-start=\"1680\" data-end=\"1702\">Min Sp\u00e4nning: 21,6 V<\/p>\n<\/li>\n<li class=\"\" data-start=\"1703\" data-end=\"1727\">\n<p class=\"\" data-start=\"1705\" data-end=\"1727\">Dubbel vridfall: Nej<\/p>\n<\/li>\n<li class=\"\" data-start=\"1728\" data-end=\"1755\">\n<p class=\"\" data-start=\"1730\" data-end=\"1755\">R\u00e4ttv\u00e4nd\/Omv\u00e4nd: Omv\u00e4nd<\/p>\n<\/li>\n<\/ul>\n<p class=\"\" data-start=\"1757\" data-end=\"2047\"><strong data-start=\"1757\" data-end=\"1779\">Anv\u00e4ndningsomr\u00e5den<\/strong><br data-start=\"1779\" data-end=\"1782\" \/>Elslutbleck 8331 \u00e4r utm\u00e4rkt f\u00f6r anv\u00e4ndning i utrymningsd\u00f6rrar, luftslussar och andra s\u00e4kerhetskritiska d\u00f6rrar d\u00e4r det \u00e4r viktigt att l\u00e5set \u00e4r ol\u00e5st vid str\u00f6mbortfall.<\/p>\n<p class=\"\" data-start=\"1757\" data-end=\"2047\">Perfekt f\u00f6r skalskydd och s\u00e4kerhet inom h\u00f6gfrekventa d\u00f6rrar i industri, kontor och handelsmilj\u00f6er.<\/p>","protected":false},"excerpt":{"rendered":"<h5><a href=\"https:\/\/elslutblecksguiden.se\/\" target=\"_blank\" rel=\"noopener\">Guide f\u00f6r ASSA Ell\u00e5s, motorl\u00e5s, Elslutbleck och utbytesguide<\/a><\/h5>","protected":false},"featured_media":81697,"template":"","meta":{"_acf_changed":false},"product_brand":[],"product_cat":[2321],"product_tag":[3421,3425,2317],"class_list":{"0":"post-61878","1":"product","2":"type-product","3":"status-publish","4":"has-post-thumbnail","6":"product_cat-elslutbleck","7":"product_tag-24v","8":"product_tag-omvand","9":"product_tag-rg-assa-abloy","10":"product_shipping_class-tunga-paket","11":"pa_brands-abloy","12":"tm-no-options","14":"first","15":"onbackorder","16":"sale","17":"taxable","18":"shipping-taxable","19":"product-type-simple"},"acf":[],"_links":{"self":[{"href":"https:\/\/stonehouse.se\/en\/wp-json\/wp\/v2\/product\/61878","targetHints":{"allow":["GET"]}}],"collection":[{"href":"https:\/\/stonehouse.se\/en\/wp-json\/wp\/v2\/product"}],"about":[{"href":"https:\/\/stonehouse.se\/en\/wp-json\/wp\/v2\/types\/product"}],"wp:featuredmedia":[{"embeddable":true,"href":"https:\/\/stonehouse.se\/en\/wp-json\/wp\/v2\/media\/81697"}],"wp:attachment":[{"href":"https:\/\/stonehouse.se\/en\/wp-json\/wp\/v2\/media?parent=61878"}],"wp:term":[{"taxonomy":"product_brand","embeddable":true,"href":"https:\/\/stonehouse.se\/en\/wp-json\/wp\/v2\/product_brand?post=61878"},{"taxonomy":"product_cat","embeddable":true,"href":"https:\/\/stonehouse.se\/en\/wp-json\/wp\/v2\/product_cat?post=61878"},{"taxonomy":"product_tag","embeddable":true,"href":"https:\/\/stonehouse.se\/en\/wp-json\/wp\/v2\/product_tag?post=61878"}],"curies":[{"name":"wp","href":"https:\/\/api.w.org\/{rel}","templated":true}]}}