
{"id":61882,"date":"2023-09-27T18:13:56","date_gmt":"2023-09-27T16:13:56","guid":{"rendered":"https:\/\/stonehouse.se\/?post_type=product&#038;p=61882"},"modified":"2026-04-08T15:56:29","modified_gmt":"2026-04-08T13:56:29","slug":"elslutbleck-575-omstallbar-12-24v-kolvkontakt","status":"publish","type":"product","link":"https:\/\/stonehouse.se\/en\/product\/elslutbleck-575-omstallbar-12-24v-kolvkontakt\/","title":{"rendered":"Elslutbleck 575 Omst\u00e4llbar 12-24V Kolvkontakt"},"content":{"rendered":"<h1>Elslutbleck 575 Omst\u00e4llbar 12-24V Kolvkontakt<\/h1>\n<p class=\"\" data-start=\"520\" data-end=\"887\">ASSA ABLOY Standard elslutbleck 575 Omst\u00e4llbar 12-24V Kolvkontakt \u00e4r designat f\u00f6r att ge flexibilitet och s\u00e4kerhet i d\u00f6rrsystem med normalt st\u00e4llda krav.<\/p>\n<p class=\"\" data-start=\"520\" data-end=\"887\">Det \u00e4r enkelt att st\u00e4lla om till r\u00e4ttv\u00e4nd eller omv\u00e4nd funktion, vilket g\u00f6r det anv\u00e4ndbart f\u00f6r olika s\u00e4kerhetsl\u00f6sningar beroende p\u00e5 om l\u00e5set ska vara l\u00e5st eller ol\u00e5st vid sp\u00e4nningsbortfall.<\/p>\n<p class=\"\" data-start=\"889\" data-end=\"1243\">L\u00e5set \u00e4r konstruerat f\u00f6r anv\u00e4ndning i brandcellsdelande d\u00f6rrar i kombination med dubbelfall\u00e5s och avsedd stolpe.<\/p>\n<p class=\"\" data-start=\"889\" data-end=\"1243\">Det \u00e4r \u00e4ven utrustat med en kolvkontakt, vridfall i brons och ett l\u00e5shus i zinklegering f\u00f6r h\u00e5llbarhet. Med en bryth\u00e5llfasthet p\u00e5 700 kg (7 kN) och h\u00f6g slag- och skaks\u00e4kerhet, \u00e4r det ett idealiskt val f\u00f6r d\u00f6rrar i h\u00f6gfrekventa applikationer.<\/p>\n<p class=\"\" data-start=\"1245\" data-end=\"1487\">Detta elslutbleck \u00e4r \u00e4ven utrustat med ett inbyggt transientskydd, vilket g\u00f6r det extra skyddat mot sp\u00e4nningstoppar och transienter.<\/p>\n<p class=\"\" data-start=\"1245\" data-end=\"1487\">Det \u00e4r designat f\u00f6r anv\u00e4ndning i kombination med f\u00f6rreglade enkelfall\u00e5s och har en driftssp\u00e4nning p\u00e5 12-24 V.<\/p>\n<p class=\"\" data-start=\"1489\" data-end=\"1511\"><strong data-start=\"1489\" data-end=\"1509\">Specifikationer:<\/strong><\/p>\n<ul data-start=\"1512\" data-end=\"1847\">\n<li class=\"\" data-start=\"1512\" data-end=\"1546\">\n<p class=\"\" data-start=\"1514\" data-end=\"1546\">Bryth\u00e5llfasthet: 700 kg (7 kN)<\/p>\n<\/li>\n<li class=\"\" data-start=\"1547\" data-end=\"1579\">\n<p class=\"\" data-start=\"1549\" data-end=\"1579\">D\u00f6rrh\u00e4ngning: H\u00f6ger, v\u00e4nster<\/p>\n<\/li>\n<li class=\"\" data-start=\"1580\" data-end=\"1617\">\n<p class=\"\" data-start=\"1582\" data-end=\"1617\">L\u00e5styp: Enkelfall\u00e5s, Dubbelfall\u00e5s<\/p>\n<\/li>\n<li class=\"\" data-start=\"1618\" data-end=\"1643\">\n<p class=\"\" data-start=\"1620\" data-end=\"1643\">Driftsp\u00e4nning: 12-24V<\/p>\n<\/li>\n<li class=\"\" data-start=\"1644\" data-end=\"1676\">\n<p class=\"\" data-start=\"1646\" data-end=\"1676\">F\u00e4rg\/Ytbehandling: F\u00f6rzinkad<\/p>\n<\/li>\n<li class=\"\" data-start=\"1677\" data-end=\"1696\">\n<p class=\"\" data-start=\"1679\" data-end=\"1696\">Kolvkontakt: Ja<\/p>\n<\/li>\n<li class=\"\" data-start=\"1697\" data-end=\"1722\">\n<p class=\"\" data-start=\"1699\" data-end=\"1722\">Sp\u00e4nning AC\/DC: AC\/DC<\/p>\n<\/li>\n<li class=\"\" data-start=\"1723\" data-end=\"1747\">\n<p class=\"\" data-start=\"1725\" data-end=\"1747\">Max Sp\u00e4nning: 26,4 V<\/p>\n<\/li>\n<li class=\"\" data-start=\"1748\" data-end=\"1772\">\n<p class=\"\" data-start=\"1750\" data-end=\"1772\">Min Sp\u00e4nning: 10,8 V<\/p>\n<\/li>\n<li class=\"\" data-start=\"1773\" data-end=\"1797\">\n<p class=\"\" data-start=\"1775\" data-end=\"1797\">Dubbel vridfall: Nej<\/p>\n<\/li>\n<li class=\"\" data-start=\"1798\" data-end=\"1847\">\n<p class=\"\" data-start=\"1800\" data-end=\"1847\">R\u00e4ttv\u00e4nd\/Omv\u00e4nd: Omst\u00e4llbar (R\u00e4ttv\u00e4nd\/Omv\u00e4nd)<\/p>\n<\/li>\n<\/ul>\n<p class=\"\" data-start=\"1849\" data-end=\"2174\"><strong data-start=\"1849\" data-end=\"1871\">Anv\u00e4ndningsomr\u00e5den<\/strong><br data-start=\"1871\" data-end=\"1874\" \/>Detta elslutbleck \u00e4r utm\u00e4rkt f\u00f6r anv\u00e4ndning i skalskydd, entr\u00e9er, grindar och andra h\u00f6gfrekventa d\u00f6rrar inom handel, kontor, industri och flerfamiljshus.<\/p>\n<p class=\"\" data-start=\"1849\" data-end=\"2174\">Det \u00e4r s\u00e4rskilt anv\u00e4ndbart i milj\u00f6er d\u00e4r flexibilitet och h\u00e5llbarhet kr\u00e4vs, och d\u00e4r det \u00e4r viktigt att kunna justera funktionen beroende p\u00e5 behov.<\/p>","protected":false},"excerpt":{"rendered":"<h5><a href=\"https:\/\/elslutblecksguiden.se\/\" target=\"_blank\" rel=\"noopener\">Guide f\u00f6r ASSA Ell\u00e5s, motorl\u00e5s, Elslutbleck och utbytesguide<\/a><\/h5>","protected":false},"featured_media":82040,"template":"","meta":{"_acf_changed":false},"product_brand":[],"product_cat":[2321],"product_tag":[3420,3426,2317],"class_list":{"0":"post-61882","1":"product","2":"type-product","3":"status-publish","4":"has-post-thumbnail","6":"product_cat-elslutbleck","7":"product_tag-12-24v","8":"product_tag-omstallbar-rattvand-omvand","9":"product_tag-rg-assa-abloy","10":"product_shipping_class-tunga-paket","11":"pa_brands-abloy","12":"tm-no-options","14":"first","15":"instock","16":"sale","17":"taxable","18":"shipping-taxable","19":"product-type-simple"},"acf":[],"_links":{"self":[{"href":"https:\/\/stonehouse.se\/en\/wp-json\/wp\/v2\/product\/61882","targetHints":{"allow":["GET"]}}],"collection":[{"href":"https:\/\/stonehouse.se\/en\/wp-json\/wp\/v2\/product"}],"about":[{"href":"https:\/\/stonehouse.se\/en\/wp-json\/wp\/v2\/types\/product"}],"wp:featuredmedia":[{"embeddable":true,"href":"https:\/\/stonehouse.se\/en\/wp-json\/wp\/v2\/media\/82040"}],"wp:attachment":[{"href":"https:\/\/stonehouse.se\/en\/wp-json\/wp\/v2\/media?parent=61882"}],"wp:term":[{"taxonomy":"product_brand","embeddable":true,"href":"https:\/\/stonehouse.se\/en\/wp-json\/wp\/v2\/product_brand?post=61882"},{"taxonomy":"product_cat","embeddable":true,"href":"https:\/\/stonehouse.se\/en\/wp-json\/wp\/v2\/product_cat?post=61882"},{"taxonomy":"product_tag","embeddable":true,"href":"https:\/\/stonehouse.se\/en\/wp-json\/wp\/v2\/product_tag?post=61882"}],"curies":[{"name":"wp","href":"https:\/\/api.w.org\/{rel}","templated":true}]}}