
{"id":61885,"date":"2023-09-27T18:13:58","date_gmt":"2023-09-27T16:13:58","guid":{"rendered":"https:\/\/stonehouse.se\/?post_type=product&#038;p=61885"},"modified":"2026-04-08T16:03:02","modified_gmt":"2026-04-08T14:03:02","slug":"elslutbleck-5331-omvand-24v-kolvkontakt","status":"publish","type":"product","link":"https:\/\/stonehouse.se\/en\/product\/elslutbleck-5331-omvand-24v-kolvkontakt\/","title":{"rendered":"Elslutbleck 5331 Omv\u00e4nd 24V Kolvkontakt"},"content":{"rendered":"<h1>Elslutbleck 5331 Omv\u00e4nd 24V Kolvkontakt<\/h1>\n<p class=\"\" data-start=\"433\" data-end=\"735\">ASSA ABLOY elslutbleck 5331 Omv\u00e4nd 24V Kolvkontakt \u00e4r byggt f\u00f6r att m\u00f6ta h\u00f6ga krav p\u00e5 slitstyrka och l\u00e5ng h\u00e5llbarhet.<\/p>\n<p class=\"\" data-start=\"433\" data-end=\"735\">Med en bryth\u00e5llfasthet p\u00e5 750 kg (7,05 kN) och f\u00f6rm\u00e5ga att klara miljontals \u00f6ppningscykler, \u00e4r detta elslutbleck idealiskt f\u00f6r anv\u00e4ndning i h\u00f6gfrekventa d\u00f6rrar.<\/p>\n<p class=\"\" data-start=\"737\" data-end=\"1019\">Den omv\u00e4nda funktionen g\u00f6r att elslutblecket \u00e4r ol\u00e5st vid sp\u00e4nningsbortfall, vilket \u00e4r en s\u00e4kerhetsfunktion som kan vara avg\u00f6rande i vissa milj\u00f6er.<\/p>\n<p class=\"\" data-start=\"737\" data-end=\"1019\">L\u00e5skolvskontakten och en strykt\u00e5lig konstruktion med vridfall och l\u00e5shus i st\u00e5l s\u00e4kerst\u00e4ller b\u00e5de l\u00e5ngvarig funktion och h\u00f6g s\u00e4kerhet.<\/p>\n<p class=\"\" data-start=\"1021\" data-end=\"1221\">Det garanterar \u00f6ppning \u00e4ven vid listtryck p\u00e5 upp till 500 kg och d\u00f6rrigenh\u00e5llande kraft i ol\u00e5st l\u00e4ge p\u00e5 4 kg.<\/p>\n<p class=\"\" data-start=\"1021\" data-end=\"1221\">Elslutblecket \u00e4r \u00e4ven m\u00f6jligt att erh\u00e5lla med mikrobrytare f\u00f6r ytterligare funktionalitet.<\/p>\n<p class=\"\" data-start=\"1223\" data-end=\"1245\"><strong data-start=\"1223\" data-end=\"1243\">Specifikationer:<\/strong><\/p>\n<ul data-start=\"1246\" data-end=\"1576\">\n<li class=\"\" data-start=\"1246\" data-end=\"1283\">\n<p class=\"\" data-start=\"1248\" data-end=\"1283\">Bryth\u00e5llfasthet: 750 kg (7,05 kN)<\/p>\n<\/li>\n<li class=\"\" data-start=\"1284\" data-end=\"1316\">\n<p class=\"\" data-start=\"1286\" data-end=\"1316\">D\u00f6rrh\u00e4ngning: H\u00f6ger, v\u00e4nster<\/p>\n<\/li>\n<li class=\"\" data-start=\"1317\" data-end=\"1338\">\n<p class=\"\" data-start=\"1319\" data-end=\"1338\">Listtryck: 500 kg<\/p>\n<\/li>\n<li class=\"\" data-start=\"1339\" data-end=\"1376\">\n<p class=\"\" data-start=\"1341\" data-end=\"1376\">L\u00e5styp: Enkelfall\u00e5s, Dubbelfall\u00e5s<\/p>\n<\/li>\n<li class=\"\" data-start=\"1377\" data-end=\"1399\">\n<p class=\"\" data-start=\"1379\" data-end=\"1399\">Driftsp\u00e4nning: 24V<\/p>\n<\/li>\n<li class=\"\" data-start=\"1400\" data-end=\"1430\">\n<p class=\"\" data-start=\"1402\" data-end=\"1430\">F\u00e4rg\/Ytbehandling: Rostfri<\/p>\n<\/li>\n<li class=\"\" data-start=\"1431\" data-end=\"1450\">\n<p class=\"\" data-start=\"1433\" data-end=\"1450\">Kolvkontakt: Ja<\/p>\n<\/li>\n<li class=\"\" data-start=\"1451\" data-end=\"1473\">\n<p class=\"\" data-start=\"1453\" data-end=\"1473\">Sp\u00e4nning AC\/DC: DC<\/p>\n<\/li>\n<li class=\"\" data-start=\"1474\" data-end=\"1498\">\n<p class=\"\" data-start=\"1476\" data-end=\"1498\">Max Sp\u00e4nning: 26,4 V<\/p>\n<\/li>\n<li class=\"\" data-start=\"1499\" data-end=\"1523\">\n<p class=\"\" data-start=\"1501\" data-end=\"1523\">Min Sp\u00e4nning: 21,6 V<\/p>\n<\/li>\n<li class=\"\" data-start=\"1524\" data-end=\"1548\">\n<p class=\"\" data-start=\"1526\" data-end=\"1548\">Dubbel vridfall: Nej<\/p>\n<\/li>\n<li class=\"\" data-start=\"1549\" data-end=\"1576\">\n<p class=\"\" data-start=\"1551\" data-end=\"1576\">R\u00e4ttv\u00e4nd\/Omv\u00e4nd: Omv\u00e4nd<\/p>\n<\/li>\n<\/ul>\n<p class=\"\" data-start=\"1578\" data-end=\"1792\"><strong data-start=\"1578\" data-end=\"1600\">Anv\u00e4ndningsomr\u00e5den<\/strong><br data-start=\"1600\" data-end=\"1603\" \/>Detta elslutbleck \u00e4r perfekt f\u00f6r anv\u00e4ndning i h\u00f6gfrekventa d\u00f6rrar inom handel, kontor, industri och andra applikationer d\u00e4r h\u00f6g slitstyrka och s\u00e4kerhet kr\u00e4vs, s\u00e5som i skalskydd och entr\u00e9er.<\/p>","protected":false},"excerpt":{"rendered":"<h5><a href=\"https:\/\/elslutblecksguiden.se\/\" target=\"_blank\" rel=\"noopener\">Guide f\u00f6r ASSA Ell\u00e5s, motorl\u00e5s, Elslutbleck och utbytesguide<\/a><\/h5>","protected":false},"featured_media":82027,"template":"","meta":{"_acf_changed":false},"product_brand":[],"product_cat":[2321],"product_tag":[3421,3425,2317],"class_list":{"0":"post-61885","1":"product","2":"type-product","3":"status-publish","4":"has-post-thumbnail","6":"product_cat-elslutbleck","7":"product_tag-24v","8":"product_tag-omvand","9":"product_tag-rg-assa-abloy","10":"product_shipping_class-tunga-paket","11":"pa_brands-abloy","12":"tm-no-options","14":"first","15":"onbackorder","16":"sale","17":"taxable","18":"shipping-taxable","19":"product-type-simple"},"acf":[],"_links":{"self":[{"href":"https:\/\/stonehouse.se\/en\/wp-json\/wp\/v2\/product\/61885","targetHints":{"allow":["GET"]}}],"collection":[{"href":"https:\/\/stonehouse.se\/en\/wp-json\/wp\/v2\/product"}],"about":[{"href":"https:\/\/stonehouse.se\/en\/wp-json\/wp\/v2\/types\/product"}],"wp:featuredmedia":[{"embeddable":true,"href":"https:\/\/stonehouse.se\/en\/wp-json\/wp\/v2\/media\/82027"}],"wp:attachment":[{"href":"https:\/\/stonehouse.se\/en\/wp-json\/wp\/v2\/media?parent=61885"}],"wp:term":[{"taxonomy":"product_brand","embeddable":true,"href":"https:\/\/stonehouse.se\/en\/wp-json\/wp\/v2\/product_brand?post=61885"},{"taxonomy":"product_cat","embeddable":true,"href":"https:\/\/stonehouse.se\/en\/wp-json\/wp\/v2\/product_cat?post=61885"},{"taxonomy":"product_tag","embeddable":true,"href":"https:\/\/stonehouse.se\/en\/wp-json\/wp\/v2\/product_tag?post=61885"}],"curies":[{"name":"wp","href":"https:\/\/api.w.org\/{rel}","templated":true}]}}