
{"id":62303,"date":"2023-09-27T18:04:31","date_gmt":"2023-09-27T16:04:31","guid":{"rendered":"https:\/\/stonehouse.se\/?post_type=product&#038;p=62303"},"modified":"2026-04-08T15:58:02","modified_gmt":"2026-04-08T13:58:02","slug":"monteringsstolpe-510","status":"publish","type":"product","link":"https:\/\/stonehouse.se\/en\/product\/monteringsstolpe-510\/","title":{"rendered":"Monteringsstolpe 510"},"content":{"rendered":"<div>\n<div>\n<div>\n<div><b>Beskrivning:\u00a0<br \/><\/b>Monteringsstolpe i st\u00e5l, f\u00f6r enkla elslutbleck i Solid-serien. Anv\u00e4nds f\u00f6r att anpassa inf\u00e4stning och egenskaper till den aktuella applikationen och d\u00f6rrmilj\u00f6n.\u00a0<\/div>\n<div><\/div>\n<div>\n<p><b>Egenskaper:\u00a0<\/b><\/p>\n<ul>\n<li>F\u00f6r tr\u00e4-, st\u00e5l- eller aluminiumkarmar.\u00a0<\/li>\n<li>F\u00f6rreglande enkelfall\u00e5s.\u00a0\u00a0<\/li>\n<li>Pl\u00f6sm\u00e5tt: 15 mm.<\/li>\n<\/ul>\n<\/div>\n<\/div>\n<div><b>Passar till:\u00a0<\/b><br \/>ASSA ABLOY elslutbleck enkla serien: 14, 114, 514, 5114<\/div>\n<\/div>\n<\/div>\n<div>\n<\/p>\n<\/div>","protected":false},"excerpt":{"rendered":"<p>H\u00e4r kan se vilka stolpar och modeller som passar ihop fr\u00e5n Assa sortimentet av Elslutbleck.<\/p>\n<h5><a href=\"https:\/\/elslutblecksguiden.se\/\" target=\"_blank\" rel=\"noopener\">Guide f\u00f6r ASSA Ell\u00e5s, motorl\u00e5s, Elslutbleck och utbytesguide<\/a><\/h5>","protected":false},"featured_media":89655,"template":"","meta":{"_acf_changed":false},"product_brand":[],"product_cat":[2322],"product_tag":[2317],"class_list":{"0":"post-62303","1":"product","2":"type-product","3":"status-publish","4":"has-post-thumbnail","6":"product_cat-elslutbleck-monteringsstolpar","7":"product_tag-rg-assa-abloy","8":"product_shipping_class-tunga-paket","9":"pa_brands-abloy","10":"tm-no-options","12":"first","13":"instock","14":"sale","15":"taxable","16":"shipping-taxable","17":"product-type-simple"},"acf":[],"_links":{"self":[{"href":"https:\/\/stonehouse.se\/en\/wp-json\/wp\/v2\/product\/62303","targetHints":{"allow":["GET"]}}],"collection":[{"href":"https:\/\/stonehouse.se\/en\/wp-json\/wp\/v2\/product"}],"about":[{"href":"https:\/\/stonehouse.se\/en\/wp-json\/wp\/v2\/types\/product"}],"wp:featuredmedia":[{"embeddable":true,"href":"https:\/\/stonehouse.se\/en\/wp-json\/wp\/v2\/media\/89655"}],"wp:attachment":[{"href":"https:\/\/stonehouse.se\/en\/wp-json\/wp\/v2\/media?parent=62303"}],"wp:term":[{"taxonomy":"product_brand","embeddable":true,"href":"https:\/\/stonehouse.se\/en\/wp-json\/wp\/v2\/product_brand?post=62303"},{"taxonomy":"product_cat","embeddable":true,"href":"https:\/\/stonehouse.se\/en\/wp-json\/wp\/v2\/product_cat?post=62303"},{"taxonomy":"product_tag","embeddable":true,"href":"https:\/\/stonehouse.se\/en\/wp-json\/wp\/v2\/product_tag?post=62303"}],"curies":[{"name":"wp","href":"https:\/\/api.w.org\/{rel}","templated":true}]}}