
{"id":62433,"date":"2023-09-28T11:53:06","date_gmt":"2023-09-28T09:53:06","guid":{"rendered":"https:\/\/stonehouse.se\/produkt\/kantregel-21-automatisk\/"},"modified":"2026-04-08T15:55:33","modified_gmt":"2026-04-08T13:55:33","slug":"kantregel-21-automatisk","status":"publish","type":"product","link":"https:\/\/stonehouse.se\/en\/product\/kantregel-21-automatisk\/","title":{"rendered":"Kantregel 21 Automatisk"},"content":{"rendered":"<h1>Kantregel 21 Automatisk<\/h1>\n<p class=\"\" data-start=\"628\" data-end=\"1079\">Kantregel 21 Automatisk fr\u00e5n STEP \u00e4r en automatisk kantregel avsedd f\u00f6r det passiva d\u00f6rrbladet i pard\u00f6rrar av tr\u00e4, st\u00e5l eller aluminium.<\/p>\n<p class=\"\" data-start=\"628\" data-end=\"1079\">Regelen aktiveras automatiskt n\u00e4r den aktiva d\u00f6rren trycker in fallkolvarna p\u00e5 kantreglarna, vilket ger en s\u00e4ker och effektiv d\u00f6rrst\u00e4ngning.<\/p>\n<p class=\"\" data-start=\"628\" data-end=\"1079\">F\u00f6r att uppn\u00e5 korrekt funktion \u00e4r det viktigt att d\u00f6rrarna st\u00e4ngs i r\u00e4tt ordning, vilket kan uppn\u00e5s genom anv\u00e4ndning av d\u00f6rrkoordinering.<\/p>\n<p class=\"\" data-start=\"1081\" data-end=\"1379\">Denna kantregel \u00e4r utrustad med STEPs unika listtrycksteknik, vilket inneb\u00e4r att d\u00f6rren fortfarande kan l\u00e5sa upp \u00e4ven om den uts\u00e4tts f\u00f6r tryck.<\/p>\n<p class=\"\" data-start=\"1081\" data-end=\"1379\">Detta g\u00f6r Kantregel 21 Automatisk till en p\u00e5litlig l\u00f6sning i d\u00f6rrar som ofta uts\u00e4tts f\u00f6r tryck, exempelvis fr\u00e5n grus, sn\u00f6 eller \u00f6vertryck i byggnaden.<\/p>\n<p class=\"\" data-start=\"1381\" data-end=\"1653\">Med en justerbar slagl\u00e4ngd p\u00e5 16-25 mm, kan regeln enkelt anpassas till d\u00f6rrens specifika behov. Styrhylsa, slutbleck, glidbleck och skruv ing\u00e5r i paketet, vilket underl\u00e4ttar installationen och g\u00f6r produkten enkel att anv\u00e4nda direkt fr\u00e5n f\u00f6rpackningen.<\/p>\n<p class=\"\" data-start=\"1655\" data-end=\"1980\">Kantregel 21 Automatisk \u00e4r v\u00e4ndbar f\u00f6r att passa b\u00e5de h\u00f6ger- och v\u00e4nsterh\u00e4ngda d\u00f6rrar, vilket ger ytterligare flexibilitet vid installationen.<\/p>\n<p class=\"\" data-start=\"1655\" data-end=\"1980\">Den \u00e4r ocks\u00e5 designad f\u00f6r att anv\u00e4ndas i d\u00f6rrar av st\u00e5l och brandklassade d\u00f6rrar, vilket g\u00f6r den till ett h\u00e5llbart val i b\u00e5de bostads- och kommersiella byggnader.<\/p>\n<p class=\"\" data-start=\"1982\" data-end=\"2012\">Key Features and Benefits:<\/p>\n<ul data-start=\"2013\" data-end=\"2657\">\n<li class=\"\" data-start=\"2013\" data-end=\"2116\">\n<p class=\"\" data-start=\"2015\" data-end=\"2116\">Automatisk funktion: Regelen aktiveras automatiskt n\u00e4r den aktiva d\u00f6rren trycker in fallkolvarna.<\/p>\n<\/li>\n<li class=\"\" data-start=\"2117\" data-end=\"2203\">\n<p class=\"\" data-start=\"2119\" data-end=\"2203\">Listtrycksteknik: D\u00f6rren l\u00e5ses upp \u00e4ven vid tryck, vilket f\u00f6rhindrar driftstopp.<\/p>\n<\/li>\n<li class=\"\" data-start=\"2204\" data-end=\"2287\">\n<p class=\"\" data-start=\"2206\" data-end=\"2287\">Just\u00e9rbar slagl\u00e4ngd: Kan justeras mellan 16-25 mm f\u00f6r att passa olika d\u00f6rrar.<\/p>\n<\/li>\n<li class=\"\" data-start=\"2288\" data-end=\"2389\">\n<p class=\"\" data-start=\"2290\" data-end=\"2389\">Brandklassat material: Tillverkad av st\u00e5l, vilket g\u00f6r den l\u00e4mplig f\u00f6r brandcellsdelande d\u00f6rrar.<\/p>\n<\/li>\n<li class=\"\" data-start=\"2390\" data-end=\"2475\">\n<p class=\"\" data-start=\"2392\" data-end=\"2475\">V\u00e4ndbar: Passar b\u00e5de h\u00f6ger- och v\u00e4nsterh\u00e4ngda d\u00f6rrar f\u00f6r flexibel installation.<\/p>\n<\/li>\n<li class=\"\" data-start=\"2476\" data-end=\"2582\">\n<p class=\"\" data-start=\"2478\" data-end=\"2582\">Komplett installationspaket: Styrhylsa, slutbleck, glidbleck och skruv ing\u00e5r f\u00f6r enkel installation.<\/p>\n<\/li>\n<li class=\"\" data-start=\"2583\" data-end=\"2657\">\n<p class=\"\" data-start=\"2585\" data-end=\"2657\">Passar flera d\u00f6rrtyper: L\u00e4mplig f\u00f6r tr\u00e4, st\u00e5l eller aluminiumd\u00f6rrar.<\/p>\n<\/li>\n<\/ul>\n<p class=\"\" data-start=\"2659\" data-end=\"2906\">Compatibility: Kantregel 21 Automatisk \u00e4r kompatibel med passiva d\u00f6rrblad i pard\u00f6rrar av tr\u00e4, st\u00e5l eller aluminium. Den anv\u00e4nds tillsammans med enkelfall\u00e5s eller dubbelfall\u00e5s och passar b\u00e5de h\u00f6ger- och v\u00e4nsterh\u00e4ngda d\u00f6rrar.<\/p>\n<p class=\"\" data-start=\"2908\" data-end=\"2937\">Technical Specifications:<\/p>\n<ul data-start=\"2938\" data-end=\"3287\">\n<li class=\"\" data-start=\"2938\" data-end=\"2958\">\n<p class=\"\" data-start=\"2940\" data-end=\"2958\">Material: St\u00e5l<\/p>\n<\/li>\n<li class=\"\" data-start=\"2959\" data-end=\"2982\">\n<p class=\"\" data-start=\"2961\" data-end=\"2982\">Regelkolv: \u00d816 mm<\/p>\n<\/li>\n<li class=\"\" data-start=\"2983\" data-end=\"3019\">\n<p class=\"\" data-start=\"2985\" data-end=\"3019\">Slagl\u00e4ngd: Justerbar, 16-25 mm<\/p>\n<\/li>\n<li class=\"\" data-start=\"3020\" data-end=\"3098\">\n<p class=\"\" data-start=\"3022\" data-end=\"3098\">D\u00f6rrh\u00e4ngning\/Montages\u00e4tt: H\u00f6ger ner, H\u00f6ger upp, V\u00e4nster ner, V\u00e4nster upp<\/p>\n<\/li>\n<li class=\"\" data-start=\"3099\" data-end=\"3122\">\n<p class=\"\" data-start=\"3101\" data-end=\"3122\">Mikrobrytare: Nej<\/p>\n<\/li>\n<li class=\"\" data-start=\"3123\" data-end=\"3149\">\n<p class=\"\" data-start=\"3125\" data-end=\"3149\">Bredd produkt: 25 mm<\/p>\n<\/li>\n<li class=\"\" data-start=\"3150\" data-end=\"3175\">\n<p class=\"\" data-start=\"3152\" data-end=\"3175\">Djup produkt: 40 mm<\/p>\n<\/li>\n<li class=\"\" data-start=\"3176\" data-end=\"3202\">\n<p class=\"\" data-start=\"3178\" data-end=\"3202\">H\u00f6jd produkt: 228 mm<\/p>\n<\/li>\n<li class=\"\" data-start=\"3203\" data-end=\"3237\">\n<p class=\"\" data-start=\"3205\" data-end=\"3237\">F\u00e4rg\/Ytbehandling: F\u00f6rzinkad<\/p>\n<\/li>\n<li class=\"\" data-start=\"3238\" data-end=\"3255\">\n<p class=\"\" data-start=\"3240\" data-end=\"3255\">V\u00e4ndbar: Ja<\/p>\n<\/li>\n<li class=\"\" data-start=\"3256\" data-end=\"3287\">\n<p class=\"\" data-start=\"3258\" data-end=\"3287\">Driftsp\u00e4nning: 12-24 V DC<\/p>\n<\/li>\n<\/ul>","protected":false},"excerpt":{"rendered":"<p>Kantregel 21 Automatisk fr\u00e5n STEP, f\u00f6r passiva d\u00f6rrblad i tr\u00e4, st\u00e5l eller aluminium.Automatisk aktivering, justerbar slagl\u00e4ngd och listtrycksteknik f\u00f6r d\u00f6rrar med normala s\u00e4kerhetskrav.<\/p>","protected":false},"featured_media":81608,"template":"","meta":{"_acf_changed":false},"product_brand":[],"product_cat":[2629],"product_tag":[],"class_list":{"0":"post-62433","1":"product","2":"type-product","3":"status-publish","4":"has-post-thumbnail","6":"product_cat-step-monteringsstolpar","7":"product_shipping_class-tunga-paket","8":"pa_brands-step","9":"tm-no-options","11":"first","12":"instock","13":"sale","14":"taxable","15":"shipping-taxable","16":"product-type-simple"},"acf":[],"_links":{"self":[{"href":"https:\/\/stonehouse.se\/en\/wp-json\/wp\/v2\/product\/62433","targetHints":{"allow":["GET"]}}],"collection":[{"href":"https:\/\/stonehouse.se\/en\/wp-json\/wp\/v2\/product"}],"about":[{"href":"https:\/\/stonehouse.se\/en\/wp-json\/wp\/v2\/types\/product"}],"wp:featuredmedia":[{"embeddable":true,"href":"https:\/\/stonehouse.se\/en\/wp-json\/wp\/v2\/media\/81608"}],"wp:attachment":[{"href":"https:\/\/stonehouse.se\/en\/wp-json\/wp\/v2\/media?parent=62433"}],"wp:term":[{"taxonomy":"product_brand","embeddable":true,"href":"https:\/\/stonehouse.se\/en\/wp-json\/wp\/v2\/product_brand?post=62433"},{"taxonomy":"product_cat","embeddable":true,"href":"https:\/\/stonehouse.se\/en\/wp-json\/wp\/v2\/product_cat?post=62433"},{"taxonomy":"product_tag","embeddable":true,"href":"https:\/\/stonehouse.se\/en\/wp-json\/wp\/v2\/product_tag?post=62433"}],"curies":[{"name":"wp","href":"https:\/\/api.w.org\/{rel}","templated":true}]}}