
{"id":62509,"date":"2023-10-05T11:38:23","date_gmt":"2023-10-05T09:38:23","guid":{"rendered":"https:\/\/stonehouse.se\/?post_type=product&#038;p=62509"},"modified":"2026-04-08T16:46:25","modified_gmt":"2026-04-08T14:46:25","slug":"rokdetektor-optisk-dp721i","status":"publish","type":"product","link":"https:\/\/stonehouse.se\/en\/product\/rokdetektor-optisk-dp721i\/","title":{"rendered":"R\u00d6KDETEKTOR OPTISK DP721I"},"content":{"rendered":"<p>DP721I \u00e4r en tv\u00e5-tr\u00e5ds optisk r\u00f6kdetektor med utbytbar r\u00f6kkammare avsedd f\u00f6r anslutning till konventionella centralapparater.<\/p>\n<p>Detektorn uppfyller kraven enligt EN54.<\/p>\n<p>DP721I arbetar efter principen med reflekterat ljus och den patenterade m\u00e4tkammaren ger en s\u00e4ker detektering \u00e4ven i ett tidigt stadium av ett brandf\u00f6rlopp.<\/p>\n<p>En g\u00e5ng per dygn sker en fullst\u00e4ndig egentest av elektronik och m\u00e4tkammaren.<\/p>\n<p>Vid fel t\u00e4nds en gul lysdiod p\u00e5 detektorn och det beh\u00f6vs ej n\u00e5gon speciell testutrustning.<\/p>\n<p>F\u00f6r\u00e4ndringar av detektorns k\u00e4nslighet f\u00f6rorsakad av till exempel nedsmutsning kompenseras automatiskt.<\/p>\n<p>P\u00e5 s\u00e5 s\u00e4tt bibeh\u00e5lles den k\u00e4nslighet som ursprungligen kalibrerats enligt specifikationen i EN54 och risken f\u00f6r obefogade larm minimeras.<\/p>\n<p>Tack vare att m\u00e4tkammaren \u00e4r l\u00e4tt utbytbar kan service och underh\u00e5ll effektiviseras.<\/p>\n<p>Detektorns status och behov av reng\u00f6ring kan kontrolleras med hj\u00e4lp av den inbyggda testfunktionen.<\/p>\n<p>Egenskaper: Automatisk egendiagnostik.<\/p>\n<p>Test p\u00e5 plats utan extra m\u00e4tutrustning.<\/p>\n<p>Optisk sensor med kammare som kan bytas p\u00e5 plats och l\u00e4mnas f\u00f6r \u00e5tervinning (milj\u00f6v\u00e4nlig).<\/p>\n<p>Separata lysdioder f\u00f6r brand och fel.<\/p>\n<p>Kan matas med 12-24 VDC.<\/p>\n<p>Inte polaritetsk\u00e4nslig.<\/p>\n<p>H\u00f6g immunitet mot falsklarm.<\/p>\n<p>Utg\u00e5ng f\u00f6r dold detektorindikering.<\/p>\n<p>Godk\u00e4nd enligt EN 54 och CPR-certifierad.<\/p>\n<p>Tekniska data: Sp\u00e4nningsmatning: 8,5-33 VDC.<\/p>\n<p>Str\u00f6mf\u00f6rbrukning: 100 \u00b5A vid 24 VDC, &lt;60 mA vid larm.<\/p>\n<p>M\u00e5tt (\u00d8xH): 100&#215;50 mm.<\/p>\n<p>Vikt: 112 g.<\/p>\n<p>F\u00e4rg: Vit (RAL 9001).<\/p>\n<p>Standard: EN54-7.<\/p>","protected":false},"excerpt":{"rendered":"<p>DP721I \u00e4r en tv\u00e5-tr\u00e5ds optisk r\u00f6kdetektor med utbytbar r\u00f6kkammare avsedd f\u00f6r anslutning till konventionella centralapparater. Detektorn uppfyller kraven enligt EN54.<\/p>","protected":false},"featured_media":81602,"template":"","meta":{"_acf_changed":false},"product_brand":[],"product_cat":[581,2694],"product_tag":[],"class_list":{"0":"post-62509","1":"product","2":"type-product","3":"status-publish","4":"has-post-thumbnail","6":"product_cat-rokdetektorer-kolmonoxid","7":"product_cat-rokdetektorer","8":"product_shipping_class-postnord-varubrev","9":"pa_brands-aritech","10":"tm-no-options","12":"first","13":"onbackorder","14":"sale","15":"taxable","16":"shipping-taxable","17":"product-type-simple"},"acf":[],"_links":{"self":[{"href":"https:\/\/stonehouse.se\/en\/wp-json\/wp\/v2\/product\/62509","targetHints":{"allow":["GET"]}}],"collection":[{"href":"https:\/\/stonehouse.se\/en\/wp-json\/wp\/v2\/product"}],"about":[{"href":"https:\/\/stonehouse.se\/en\/wp-json\/wp\/v2\/types\/product"}],"wp:featuredmedia":[{"embeddable":true,"href":"https:\/\/stonehouse.se\/en\/wp-json\/wp\/v2\/media\/81602"}],"wp:attachment":[{"href":"https:\/\/stonehouse.se\/en\/wp-json\/wp\/v2\/media?parent=62509"}],"wp:term":[{"taxonomy":"product_brand","embeddable":true,"href":"https:\/\/stonehouse.se\/en\/wp-json\/wp\/v2\/product_brand?post=62509"},{"taxonomy":"product_cat","embeddable":true,"href":"https:\/\/stonehouse.se\/en\/wp-json\/wp\/v2\/product_cat?post=62509"},{"taxonomy":"product_tag","embeddable":true,"href":"https:\/\/stonehouse.se\/en\/wp-json\/wp\/v2\/product_tag?post=62509"}],"curies":[{"name":"wp","href":"https:\/\/api.w.org\/{rel}","templated":true}]}}