
{"id":62511,"date":"2023-10-05T11:38:27","date_gmt":"2023-10-05T09:38:27","guid":{"rendered":"https:\/\/stonehouse.se\/?post_type=product&#038;p=62511"},"modified":"2026-04-08T16:42:52","modified_gmt":"2026-04-08T14:42:52","slug":"detektorsockel-db702","status":"publish","type":"product","link":"https:\/\/stonehouse.se\/en\/product\/detektorsockel-db702\/","title":{"rendered":"DETEKTORSOCKEL DB702"},"content":{"rendered":"<p>Sockel f\u00f6r detektorer med parallellindikerings- och\u00a0rel\u00e4utg\u00e5ngar.<\/p>\n<p>DB702 \u00e4r en sockel f\u00f6r konventionella detektorer Aritechs 700-serie.<\/p>\n<p>Sockeln \u00e4r f\u00f6rsedd med en bygel som m\u00f6jligg\u00f6r provning av ledningsn\u00e4tet under installationen (NC).<\/p>\n<p>Vid montage av detektor i sockeln \u00e4ndrar kontakten funktion (NO) till standard\u00f6vervakning.<\/p>\n<p>Sockeln \u00e4r f\u00f6rsedd med en l\u00e5smekanism f\u00f6r skydd mot obeh\u00f6rigt demontage av detektorn.<\/p>","protected":false},"excerpt":{"rendered":"<p>Sockel f\u00f6r detektorer med parallellindikerings- och\u00a0rel\u00e4utg\u00e5ngar. DB702 \u00e4r en sockel f\u00f6r konventionella detektorer Aritechs 700-serie. Sockeln \u00e4r f\u00f6rsedd med en<\/p>","protected":false},"featured_media":81986,"template":"","meta":{"_acf_changed":false},"product_brand":[],"product_cat":[581,2694],"product_tag":[],"class_list":{"0":"post-62511","1":"product","2":"type-product","3":"status-publish","4":"has-post-thumbnail","6":"product_cat-rokdetektorer-kolmonoxid","7":"product_cat-rokdetektorer","8":"product_shipping_class-postnord-varubrev","9":"pa_brands-aritech","10":"tm-no-options","12":"first","13":"instock","14":"sale","15":"taxable","16":"shipping-taxable","17":"product-type-simple"},"acf":[],"_links":{"self":[{"href":"https:\/\/stonehouse.se\/en\/wp-json\/wp\/v2\/product\/62511","targetHints":{"allow":["GET"]}}],"collection":[{"href":"https:\/\/stonehouse.se\/en\/wp-json\/wp\/v2\/product"}],"about":[{"href":"https:\/\/stonehouse.se\/en\/wp-json\/wp\/v2\/types\/product"}],"wp:featuredmedia":[{"embeddable":true,"href":"https:\/\/stonehouse.se\/en\/wp-json\/wp\/v2\/media\/81986"}],"wp:attachment":[{"href":"https:\/\/stonehouse.se\/en\/wp-json\/wp\/v2\/media?parent=62511"}],"wp:term":[{"taxonomy":"product_brand","embeddable":true,"href":"https:\/\/stonehouse.se\/en\/wp-json\/wp\/v2\/product_brand?post=62511"},{"taxonomy":"product_cat","embeddable":true,"href":"https:\/\/stonehouse.se\/en\/wp-json\/wp\/v2\/product_cat?post=62511"},{"taxonomy":"product_tag","embeddable":true,"href":"https:\/\/stonehouse.se\/en\/wp-json\/wp\/v2\/product_tag?post=62511"}],"curies":[{"name":"wp","href":"https:\/\/api.w.org\/{rel}","templated":true}]}}