
{"id":62912,"date":"2023-10-17T14:24:19","date_gmt":"2023-10-17T12:24:19","guid":{"rendered":"https:\/\/stonehouse.se\/produkt\/produkt-4\/"},"modified":"2026-04-07T12:54:51","modified_gmt":"2026-04-07T10:54:51","slug":"produkt-4","status":"publish","type":"product","link":"https:\/\/stonehouse.se\/en\/product\/produkt-4\/","title":{"rendered":"Str\u00f6mst Trapp\/1-pol RS UTV RV &#8211; Endast Str\u00f6mst\u00e4llare"},"content":{"rendered":"<p>Tryckvippstr\u00f6mst\u00e4llare med sockel, ram och vippa av halogenfri termoplast.<\/p>\n<p>F\u00e4stskruvavst\u00e5nd 38 mm.<\/p>\n<p>Tryckfastsatt ram och vippa \u00e4r standard.<\/p>\n<p>Str\u00f6mst\u00e4llaren \u00e4r f\u00f6rsedd med hel bottenplatta och har fler alternativa f\u00e4sth\u00e5l f\u00f6r fasts\u00e4ttning.<\/p>\n<p>Skruvanslutning av ledarna med hiss\u00adkl\u00e4mmor.<\/p>","protected":false},"excerpt":{"rendered":"<p>Tryckvippstr\u00f6mst\u00e4llare med sockel, ram och vippa av halogenfri termoplast. F\u00e4stskruvavst\u00e5nd 38 mm. Tryckfastsatt ram och vippa \u00e4r standard. Str\u00f6mst\u00e4llaren \u00e4r<\/p>","protected":false},"featured_media":81675,"template":"","meta":{"_acf_changed":false},"product_brand":[],"product_cat":[2599],"product_tag":[2625],"class_list":{"0":"post-62912","1":"product","2":"type-product","3":"status-publish","4":"has-post-thumbnail","6":"product_cat-oppnaknappar","7":"product_tag-stromstallare-utan-logo","8":"product_shipping_class-postnord-varubrev","9":"pa_brands-elko","10":"tm-no-options","12":"first","13":"instock","14":"sale","15":"featured","16":"taxable","17":"shipping-taxable","18":"product-type-simple"},"acf":[],"_links":{"self":[{"href":"https:\/\/stonehouse.se\/en\/wp-json\/wp\/v2\/product\/62912","targetHints":{"allow":["GET"]}}],"collection":[{"href":"https:\/\/stonehouse.se\/en\/wp-json\/wp\/v2\/product"}],"about":[{"href":"https:\/\/stonehouse.se\/en\/wp-json\/wp\/v2\/types\/product"}],"wp:featuredmedia":[{"embeddable":true,"href":"https:\/\/stonehouse.se\/en\/wp-json\/wp\/v2\/media\/81675"}],"wp:attachment":[{"href":"https:\/\/stonehouse.se\/en\/wp-json\/wp\/v2\/media?parent=62912"}],"wp:term":[{"taxonomy":"product_brand","embeddable":true,"href":"https:\/\/stonehouse.se\/en\/wp-json\/wp\/v2\/product_brand?post=62912"},{"taxonomy":"product_cat","embeddable":true,"href":"https:\/\/stonehouse.se\/en\/wp-json\/wp\/v2\/product_cat?post=62912"},{"taxonomy":"product_tag","embeddable":true,"href":"https:\/\/stonehouse.se\/en\/wp-json\/wp\/v2\/product_tag?post=62912"}],"curies":[{"name":"wp","href":"https:\/\/api.w.org\/{rel}","templated":true}]}}