
{"id":62914,"date":"2023-10-17T14:18:37","date_gmt":"2023-10-17T12:18:37","guid":{"rendered":"https:\/\/stonehouse.se\/produkt\/produkt-5\/"},"modified":"2026-04-07T12:54:03","modified_gmt":"2026-04-07T10:54:03","slug":"produkt-5","status":"publish","type":"product","link":"https:\/\/stonehouse.se\/en\/product\/produkt-5\/","title":{"rendered":"Exxact Str\u00f6mst\u00e4llare &#8211; Ej graverad"},"content":{"rendered":"<p>Exxact Str\u00f6mst\u00e4llare trapp med fyrkantig vippa, snabbansl, f\u00f6r inf IP20-montage i apparatdosa c\/c 60mm.<\/p>\n<p>F\u00f6r utanp\u00e5liggande montage anv\u00e4nds dosa 21mm.<\/p>\n<p>Str\u00f6mst\u00e4llaren har inga neutrala kl\u00e4mmor.<\/p>\n<p>Leveransform: bulkf\u00f6rpackning om 50 st.<\/p>\n<p>White<\/p>","protected":false},"excerpt":{"rendered":"<p>Exxact Str\u00f6mst\u00e4llare trapp med fyrkantig vippa, snabbansl, f\u00f6r inf IP20-montage i apparatdosa c\/c 60mm. F\u00f6r utanp\u00e5liggande montage anv\u00e4nds dosa 21mm.<\/p>","protected":false},"featured_media":81677,"template":"","meta":{"_acf_changed":false},"product_brand":[],"product_cat":[2599],"product_tag":[2625],"class_list":{"0":"post-62914","1":"product","2":"type-product","3":"status-publish","4":"has-post-thumbnail","6":"product_cat-oppnaknappar","7":"product_tag-stromstallare-utan-logo","8":"product_shipping_class-postnord-varubrev","9":"pa_brands-schneider-electric","10":"tm-no-options","12":"first","13":"instock","14":"sale","15":"featured","16":"taxable","17":"shipping-taxable","18":"product-type-simple"},"acf":[],"_links":{"self":[{"href":"https:\/\/stonehouse.se\/en\/wp-json\/wp\/v2\/product\/62914","targetHints":{"allow":["GET"]}}],"collection":[{"href":"https:\/\/stonehouse.se\/en\/wp-json\/wp\/v2\/product"}],"about":[{"href":"https:\/\/stonehouse.se\/en\/wp-json\/wp\/v2\/types\/product"}],"wp:featuredmedia":[{"embeddable":true,"href":"https:\/\/stonehouse.se\/en\/wp-json\/wp\/v2\/media\/81677"}],"wp:attachment":[{"href":"https:\/\/stonehouse.se\/en\/wp-json\/wp\/v2\/media?parent=62914"}],"wp:term":[{"taxonomy":"product_brand","embeddable":true,"href":"https:\/\/stonehouse.se\/en\/wp-json\/wp\/v2\/product_brand?post=62914"},{"taxonomy":"product_cat","embeddable":true,"href":"https:\/\/stonehouse.se\/en\/wp-json\/wp\/v2\/product_cat?post=62914"},{"taxonomy":"product_tag","embeddable":true,"href":"https:\/\/stonehouse.se\/en\/wp-json\/wp\/v2\/product_tag?post=62914"}],"curies":[{"name":"wp","href":"https:\/\/api.w.org\/{rel}","templated":true}]}}