
{"id":62964,"date":"2023-10-23T14:30:19","date_gmt":"2023-10-23T12:30:19","guid":{"rendered":"https:\/\/stonehouse.se\/produkt\/armbagsbrytare-jck205-plast\/"},"modified":"2026-04-07T12:55:45","modified_gmt":"2026-04-07T10:55:45","slug":"armbagsbrytare-jck205-plast","status":"publish","type":"product","link":"https:\/\/stonehouse.se\/en\/product\/armbagsbrytare-jck205-plast\/","title":{"rendered":"Elbow switch JCK205 Plastic"},"content":{"rendered":"<p>Armb\u00e5gskontakt med konvex tryckplatta.<\/p>\n<p>Aluminiuminf\u00e4rgat lock med taktila rillor f\u00f6r att underl\u00e4tta f\u00f6r synsvaga att veta var de ska trycka f\u00f6r att aktivera d\u00f6rr\u00f6ppning och en kontrasterande m\u00f6rkgr\u00e5 underdel.<\/p>\n<p>1 st NO mikrobrytare i IP 67-klass .<\/p>","protected":false},"excerpt":{"rendered":"<p>Armb\u00e5gskontakt med konvex tryckplatta. Aluminiuminf\u00e4rgat lock med taktila rillor f\u00f6r att underl\u00e4tta f\u00f6r synsvaga att veta var de ska trycka<\/p>","protected":false},"featured_media":81943,"template":"","meta":{"_acf_changed":false},"product_brand":[],"product_cat":[391,3660,892],"product_tag":[2367],"class_list":{"0":"post-62964","1":"product","2":"type-product","3":"status-publish","4":"has-post-thumbnail","6":"product_cat-armbagskontakter-dorrautomatik","7":"product_cat-abs-plast","8":"product_cat-armbagskontakter","9":"product_tag-egen-logo-ej-taggar-kort","10":"product_shipping_class-postnord-varubrev","11":"pa_brands-jc-kontakter","12":"tm-no-options","14":"first","15":"instock","16":"sale","17":"featured","18":"taxable","19":"shipping-taxable","20":"product-type-simple"},"acf":[],"_links":{"self":[{"href":"https:\/\/stonehouse.se\/en\/wp-json\/wp\/v2\/product\/62964","targetHints":{"allow":["GET"]}}],"collection":[{"href":"https:\/\/stonehouse.se\/en\/wp-json\/wp\/v2\/product"}],"about":[{"href":"https:\/\/stonehouse.se\/en\/wp-json\/wp\/v2\/types\/product"}],"wp:featuredmedia":[{"embeddable":true,"href":"https:\/\/stonehouse.se\/en\/wp-json\/wp\/v2\/media\/81943"}],"wp:attachment":[{"href":"https:\/\/stonehouse.se\/en\/wp-json\/wp\/v2\/media?parent=62964"}],"wp:term":[{"taxonomy":"product_brand","embeddable":true,"href":"https:\/\/stonehouse.se\/en\/wp-json\/wp\/v2\/product_brand?post=62964"},{"taxonomy":"product_cat","embeddable":true,"href":"https:\/\/stonehouse.se\/en\/wp-json\/wp\/v2\/product_cat?post=62964"},{"taxonomy":"product_tag","embeddable":true,"href":"https:\/\/stonehouse.se\/en\/wp-json\/wp\/v2\/product_tag?post=62964"}],"curies":[{"name":"wp","href":"https:\/\/api.w.org\/{rel}","templated":true}]}}