
{"id":63914,"date":"2023-09-11T15:28:49","date_gmt":"2023-09-11T13:28:49","guid":{"rendered":"https:\/\/stonehouse.se\/produkt\/larmdosa-5-polig-med-skruv-classic\/"},"modified":"2026-03-04T11:55:25","modified_gmt":"2026-03-04T10:55:25","slug":"larmdosa-5-polig-med-skruv-classic","status":"publish","type":"product","link":"https:\/\/stonehouse.se\/en\/product\/larmdosa-5-polig-med-skruv-classic\/","title":{"rendered":"Kopplingsdosa &#8211; Anslutningsplint 5 polig med skruv  &#8211; Classic"},"content":{"rendered":"<p><span class=\"ui-provider ep bqx bqk bqy bqz bra brb brc brd bre brf brg brh bri brj brk brl brm brn bro brp brq brr brs brt bru brv brw brx bry brz bsa bsb bsc bsd\" dir=\"ltr\">Larmdosa med skruv f\u00f6r larm \u2013 s\u00e4kerhet och teleinstallationer.<\/span><\/p>\n<p><span class=\"ui-provider ep bqx bqk bqy bqz bra brb brc brd bre brf brg brh bri brj brk brl brm brn bro brp brq brr brs brt bru brv brw brx bry brz bsa bsb bsc bsd\" dir=\"ltr\">Om du vill ha din logo p\u00e5 och st\u00f6rre volymer s\u00e5 kontakta oss. \u00a0<\/span><\/p>\n<p><span class=\"ui-provider ep bqx bqk bqy bqz bra brb brc brd bre brf brg brh bri brj brk brl brm brn bro brp brq brr brs brt bru brv brw brx bry brz bsa bsb bsc bsd\" dir=\"ltr\">Dosan \u00e4r f\u00f6rsedd med sabtotage brytare som p\u00e5verkas n\u00e4r locket \u00f6ppnas.\u00a0<\/span><\/p>","protected":false},"excerpt":{"rendered":"<p>Larmbox &#8211; Larmdosa &#8211; Kopplingsdosa 5 polig med skruv<\/p>","protected":false},"featured_media":82209,"template":"","meta":{"_acf_changed":false},"product_brand":[],"product_cat":[468],"product_tag":[2304],"class_list":{"0":"post-63914","1":"product","2":"type-product","3":"status-publish","4":"has-post-thumbnail","6":"product_cat-larmdosor","7":"product_tag-stonehouse-produkt","8":"product_shipping_class-postnord-varubrev","9":"pa_brands-stonehouse-security","10":"tm-no-options","12":"first","13":"instock","14":"sale","15":"featured","16":"taxable","17":"shipping-taxable","18":"product-type-simple"},"acf":[],"_links":{"self":[{"href":"https:\/\/stonehouse.se\/en\/wp-json\/wp\/v2\/product\/63914","targetHints":{"allow":["GET"]}}],"collection":[{"href":"https:\/\/stonehouse.se\/en\/wp-json\/wp\/v2\/product"}],"about":[{"href":"https:\/\/stonehouse.se\/en\/wp-json\/wp\/v2\/types\/product"}],"wp:featuredmedia":[{"embeddable":true,"href":"https:\/\/stonehouse.se\/en\/wp-json\/wp\/v2\/media\/82209"}],"wp:attachment":[{"href":"https:\/\/stonehouse.se\/en\/wp-json\/wp\/v2\/media?parent=63914"}],"wp:term":[{"taxonomy":"product_brand","embeddable":true,"href":"https:\/\/stonehouse.se\/en\/wp-json\/wp\/v2\/product_brand?post=63914"},{"taxonomy":"product_cat","embeddable":true,"href":"https:\/\/stonehouse.se\/en\/wp-json\/wp\/v2\/product_cat?post=63914"},{"taxonomy":"product_tag","embeddable":true,"href":"https:\/\/stonehouse.se\/en\/wp-json\/wp\/v2\/product_tag?post=63914"}],"curies":[{"name":"wp","href":"https:\/\/api.w.org\/{rel}","templated":true}]}}