
{"id":63918,"date":"2024-01-15T11:14:30","date_gmt":"2024-01-15T10:14:30","guid":{"rendered":"https:\/\/stonehouse.se\/?post_type=product&#038;p=63918"},"modified":"2026-04-08T16:41:56","modified_gmt":"2026-04-08T14:41:56","slug":"airborne-dc-dual-e-medium","status":"publish","type":"product","link":"https:\/\/stonehouse.se\/en\/product\/airborne-dc-dual-e-medium\/","title":{"rendered":"AIRBORNE DC DUAL E-MEDIUM"},"content":{"rendered":"<p>Larms\u00e4ndare godk\u00e4nd f\u00f6r \u00f6verf\u00f6ring av inbrottslarm larmklass 3-4 enligt SBF 110:8 samt brandlarm enligt SSF 114:2. Airborne DC Dual anv\u00e4nder dubbla larmv\u00e4gar med mobiln\u00e4tet (2G\/4G) som prim\u00e4r kommunikationskanal och fast IP-f\u00f6rbindelse som backup. Kan anv\u00e4ndas till traditionella telefonuppringare d\u00e4r analoga protokoll som SIA, Robofon eller CID digitaliseras och \u00f6verf\u00f6rs digitalt. Larms\u00e4ndaren har 16 ing\u00e5ngar och 4 utg\u00e5ngar samt m\u00f6jlighet till seriell kommunikation med centralapparat. Levereras monterad i kapsling med inbyggd antenn, sabotagebrytare och nedrivningskontakt exklusive batteri och n\u00e4tadapter.<\/p>","protected":false},"excerpt":{"rendered":"<p>Larms\u00e4ndare godk\u00e4nd f\u00f6r \u00f6verf\u00f6ring av inbrottslarm larmklass 3-4 enligt SBF 110:8 samt brandlarm enligt SSF 114:2. Airborne DC Dual anv\u00e4nder<\/p>","protected":false},"featured_media":81495,"template":"","meta":{"_acf_changed":false},"product_brand":[],"product_cat":[472],"product_tag":[],"class_list":{"0":"post-63918","1":"product","2":"type-product","3":"status-publish","4":"has-post-thumbnail","6":"product_cat-larmoverforing","7":"product_shipping_class-tunga-paket","8":"pa_brands-addsecure","9":"tm-no-options","11":"first","12":"instock","13":"sale","14":"taxable","15":"shipping-taxable","16":"product-type-simple"},"acf":[],"_links":{"self":[{"href":"https:\/\/stonehouse.se\/en\/wp-json\/wp\/v2\/product\/63918","targetHints":{"allow":["GET"]}}],"collection":[{"href":"https:\/\/stonehouse.se\/en\/wp-json\/wp\/v2\/product"}],"about":[{"href":"https:\/\/stonehouse.se\/en\/wp-json\/wp\/v2\/types\/product"}],"wp:featuredmedia":[{"embeddable":true,"href":"https:\/\/stonehouse.se\/en\/wp-json\/wp\/v2\/media\/81495"}],"wp:attachment":[{"href":"https:\/\/stonehouse.se\/en\/wp-json\/wp\/v2\/media?parent=63918"}],"wp:term":[{"taxonomy":"product_brand","embeddable":true,"href":"https:\/\/stonehouse.se\/en\/wp-json\/wp\/v2\/product_brand?post=63918"},{"taxonomy":"product_cat","embeddable":true,"href":"https:\/\/stonehouse.se\/en\/wp-json\/wp\/v2\/product_cat?post=63918"},{"taxonomy":"product_tag","embeddable":true,"href":"https:\/\/stonehouse.se\/en\/wp-json\/wp\/v2\/product_tag?post=63918"}],"curies":[{"name":"wp","href":"https:\/\/api.w.org\/{rel}","templated":true}]}}