
{"id":64365,"date":"2026-04-09T15:52:31","date_gmt":"2026-04-09T13:52:31","guid":{"rendered":"https:\/\/stonehouse.se\/produkt\/evolis-agilia-duplex-retransfer-id-card-printer-dual-sided\/"},"modified":"2026-04-09T15:54:04","modified_gmt":"2026-04-09T13:54:04","slug":"kortskrivare-evolis-agilia-duplex","status":"publish","type":"product","link":"https:\/\/stonehouse.se\/en\/product\/kortskrivare-evolis-agilia-duplex\/","title":{"rendered":"Card printer Evolis Agilia Duplex \u2013 600 DPI Retransfer Prints"},"content":{"rendered":"<p><strong>Upplev tryckperfektion med Evolis Agilia:<\/strong> Evolis Agilia Duplex Retransfer ID-kortsskrivare \u00e4r den perfekta l\u00f6sningen f\u00f6r f\u00f6retag och organisationer som kr\u00e4ver h\u00f6guppl\u00f6sta och professionellt designade ID-kort.<\/p>\n<p>Med en imponerande utskriftsuppl\u00f6sning p\u00e5 600 DPI ger Agilia exceptionell bildkvalitet som verkligen f\u00e5ngar \u00f6gonen.<\/p>\n<p>Oavsett om du beh\u00f6ver ID-kort f\u00f6r anst\u00e4llda, medlemskap eller s\u00e4kerhetsapplikationer, erbjuder denna skrivare enast\u00e5ende prestanda och tillf\u00f6rlitlighet.<\/p>\n<p><strong>Features and Benefits:<\/strong><\/p>\n<ul>\n<li><strong>Kostnadseffektivt:<\/strong> Med den l\u00e4gsta kostnaden per utskrift i sin klass sparar Agilia tid och pengar, vilket g\u00f6r den till det mest kostnadseffektiva valet p\u00e5 marknaden.<\/li>\n<li><strong>M\u00e5ngsidig korthantering:<\/strong> Skrivaren hanterar enkelt alla typer av kortmaterial (CR80-storlek), inklusive PVC och kompositmaterial, vilket garanterar att dina kort alltid ser professionella ut.<\/li>\n<li><strong>Fullst\u00e4ndig \u00f6ver-kant tryckning:<\/strong> Ingen detalj f\u00f6rbises tack vare den \u00f6verl\u00e4gsna retransferteknologin som s\u00e4kerst\u00e4ller att varje kort har en perfekt finish utan vita kanter.<\/li>\n<li><strong>Anpassad f\u00e4rgprofilering:<\/strong> Med avancerade f\u00e4rgjusteringsalternativ kan du s\u00e4kerst\u00e4lla att varje kort exakt \u00e5terger de f\u00e4rger och detaljer som \u00e4r viktiga f\u00f6r ditt varum\u00e4rke.<\/li>\n<\/ul>\n<p><strong>Areas of use:<\/strong> Evolis Agilia \u00e4r idealisk f\u00f6r en m\u00e4ngd olika till\u00e4mpningar, fr\u00e5n f\u00f6retags-ID och medlemskort till s\u00e4kerhetskort och studentlegitimationer.<\/p>\n<p>Med sin snabba utskriftshastighet p\u00e5 upp till 100 kort per timme (f\u00e4rgutskrift, dubbel-sidig) och kapacitet f\u00f6r 200 kort, \u00e4r denna skrivare perfekt f\u00f6r b\u00e5de sm\u00e5 och stora volymer.<\/p>\n<p><strong>Technical Specification:<\/strong><\/p>\n<ul>\n<li><strong>Utskriftshastighet:<\/strong> Upp till 100 kort per timme (f\u00e4rgutskrift, dubbel-sidig).<\/li>\n<li><strong>Capacity:<\/strong> 200-korts matare och 100-korts utmatning.<\/li>\n<li><strong>S\u00e4kerhetsalternativ:<\/strong> Inbyggda funktioner som UV-tryck och microtext \u00f6kar s\u00e4kerheten p\u00e5 dina kort, och Agilia \u00e4r ocks\u00e5 kompatibel med laminering f\u00f6r extra skydd.<\/li>\n<\/ul>\n<p>V\u00e4lj Evolis Agilia f\u00f6r att f\u00e5 en p\u00e5litlig, h\u00f6gkvalitativ och kostnadseffektiv l\u00f6sning f\u00f6r dina ID-kortsbehov. Upplev skillnaden med Evolis och ta dina kortutskrifter till n\u00e4sta niv\u00e5!<\/p>","protected":false},"excerpt":{"rendered":"<p>Experience world-class printing with the Evolis Agilia Duplex Retransfer ID card printer.<\/p>\n<p>With a resolution of 600 DPI, you can produce the highest quality cards without white borders.<\/p>\n<p>This printer handles all card stock types (CR80 size) and is perfect for security applications, making it the most cost-effective choice on the market.<\/p>","protected":false},"featured_media":81910,"template":"","meta":{"_acf_changed":false},"product_brand":[],"product_cat":[544,2652],"product_tag":[2641,2663,3726,2193,2508],"class_list":{"0":"post-64365","1":"product","2":"type-product","3":"status-publish","4":"has-post-thumbnail","6":"product_cat-kortskrivare","7":"product_cat-evolis-kortskrivare","8":"product_tag-dubbelsidig-dual-side","9":"product_tag-evolis","10":"product_tag-pf","11":"product_tag-kortprinter-retransfer","12":"product_tag-trade-produkt","13":"product_shipping_class-tunga-paket","14":"pa_brands-evolis","15":"pa_fabrikat-kortskrivare-evolis","16":"tm-no-options","18":"first","19":"instock","20":"sale","21":"taxable","22":"shipping-taxable","23":"product-type-simple"},"acf":[],"_links":{"self":[{"href":"https:\/\/stonehouse.se\/en\/wp-json\/wp\/v2\/product\/64365","targetHints":{"allow":["GET"]}}],"collection":[{"href":"https:\/\/stonehouse.se\/en\/wp-json\/wp\/v2\/product"}],"about":[{"href":"https:\/\/stonehouse.se\/en\/wp-json\/wp\/v2\/types\/product"}],"wp:featuredmedia":[{"embeddable":true,"href":"https:\/\/stonehouse.se\/en\/wp-json\/wp\/v2\/media\/81910"}],"wp:attachment":[{"href":"https:\/\/stonehouse.se\/en\/wp-json\/wp\/v2\/media?parent=64365"}],"wp:term":[{"taxonomy":"product_brand","embeddable":true,"href":"https:\/\/stonehouse.se\/en\/wp-json\/wp\/v2\/product_brand?post=64365"},{"taxonomy":"product_cat","embeddable":true,"href":"https:\/\/stonehouse.se\/en\/wp-json\/wp\/v2\/product_cat?post=64365"},{"taxonomy":"product_tag","embeddable":true,"href":"https:\/\/stonehouse.se\/en\/wp-json\/wp\/v2\/product_tag?post=64365"}],"curies":[{"name":"wp","href":"https:\/\/api.w.org\/{rel}","templated":true}]}}