
{"id":64372,"date":"2023-10-27T10:45:01","date_gmt":"2023-10-27T08:45:01","guid":{"rendered":"https:\/\/stonehouse.se\/produkt\/fargo-dtc4500e-plastic-card-printer-with-lamination-and-locking-hoppers-dual-sided\/"},"modified":"2026-04-08T16:18:29","modified_gmt":"2026-04-08T14:18:29","slug":"kortskrivare-fargo-dtc4500e-duplex","status":"publish","type":"product","link":"https:\/\/stonehouse.se\/en\/product\/kortskrivare-fargo-dtc4500e-duplex\/","title":{"rendered":"Fargo DTC4500e Duplex Card Printer \u2013 With Lamination and Lockable Trays"},"content":{"rendered":"<p><strong>Maximal prestanda med Fargo DTC4500e:<\/strong> Fargo DTC4500e Dual-Sided ID-kortsskrivare \u00e4r designad f\u00f6r organisationer som beh\u00f6ver h\u00f6g kapacitet och flexibilitet i sin ID-kortsutskrift. Denna skrivare kombinerar hastighet, kraft och m\u00e5ngsidighet i ett enda paket.<\/p>\n<p><strong>Features and Benefits:<\/strong><\/p>\n<ul>\n<li><strong>H\u00f6g kapacitet:<\/strong> Utrustad med stora rullar som g\u00f6r det m\u00f6jligt att skriva ut dubbelt s\u00e5 m\u00e5nga f\u00e4rgkort innan rullen beh\u00f6ver bytas, vilket sparar tid och \u00f6kar effektiviteten.<\/li>\n<li><strong>S\u00e4kerhet:<\/strong> Med inbyggd s\u00e4kerhet och l\u00f6senordsskyddad skrivardrift kan du hantera utskrifter utan att kompromissa med s\u00e4kerheten.<\/li>\n<li><strong>L\u00e5sbara tr\u00e5g:<\/strong> Skydda b\u00e5de tomma kort och f\u00e4rdiga ID-kort med de valbara l\u00e5sbara korttr\u00e5gen.<\/li>\n<li><strong>Flexibilitet:<\/strong> Modularitet i designen m\u00f6jligg\u00f6r f\u00e4ltuppgraderingar f\u00f6r lamination och kodning av teknik kort.<\/li>\n<\/ul>\n<p><strong>Technical Specification:<\/strong><\/p>\n<ul>\n<li><strong>Utskriftshastighet:<\/strong> Upp till 120 kort per timme (f\u00e4rgutskrift, dubbel-sidig).<\/li>\n<li><strong>Capacity:<\/strong> Dual-input kortmatare f\u00f6r 200 kort och utmatning av upp till 100 kort.<\/li>\n<li><strong>Korttyp:<\/strong> ISO 7810-format, CR80, ID-1-storlek, kompatibel med PVC, PET och PC-kort.<\/li>\n<li><strong>Anslutningar:<\/strong> USB och Ethernet.<\/li>\n<\/ul>\n<p>Med sin tre\u00e5riga garanti och h\u00e5llbara design erbjuder Fargo DTC4500e en p\u00e5litlig och l\u00e5ngsiktig l\u00f6sning f\u00f6r alla dina ID-kortsutskriftsbehov.<\/p>","protected":false},"excerpt":{"rendered":"<p>The Fargo DTC4500e is a dual-sided ID card printer with USB and Ethernet, equipped with lockable trays and a three-year manufacturer&#039;s warranty.<\/p>\n<p>It offers high volume and high quality with the option of lamination, ensuring long-lasting and secure ID cards.<\/p>\n<p>With impressive printing capacity and a user-friendly design, the DTC4500e is the perfect solution for your card printing needs.<\/p>","protected":false},"featured_media":81926,"template":"","meta":{"_acf_changed":false},"product_brand":[],"product_cat":[544,2653],"product_tag":[2192,2641,2664,3726,2508],"class_list":{"0":"post-64372","1":"product","2":"type-product","3":"status-publish","4":"has-post-thumbnail","6":"product_cat-kortskrivare","7":"product_cat-fargo-kortskrivare","8":"product_tag-kortprinter-direct-to-card","9":"product_tag-dubbelsidig-dual-side","10":"product_tag-fargo","11":"product_tag-pf","12":"product_tag-trade-produkt","13":"product_shipping_class-tunga-paket","14":"pa_brands-fargo","15":"pa_fabrikat-kortskrivare-fargo","16":"tm-no-options","18":"first","19":"outofstock","20":"sale","21":"taxable","22":"shipping-taxable","23":"product-type-simple"},"acf":[],"_links":{"self":[{"href":"https:\/\/stonehouse.se\/en\/wp-json\/wp\/v2\/product\/64372","targetHints":{"allow":["GET"]}}],"collection":[{"href":"https:\/\/stonehouse.se\/en\/wp-json\/wp\/v2\/product"}],"about":[{"href":"https:\/\/stonehouse.se\/en\/wp-json\/wp\/v2\/types\/product"}],"wp:featuredmedia":[{"embeddable":true,"href":"https:\/\/stonehouse.se\/en\/wp-json\/wp\/v2\/media\/81926"}],"wp:attachment":[{"href":"https:\/\/stonehouse.se\/en\/wp-json\/wp\/v2\/media?parent=64372"}],"wp:term":[{"taxonomy":"product_brand","embeddable":true,"href":"https:\/\/stonehouse.se\/en\/wp-json\/wp\/v2\/product_brand?post=64372"},{"taxonomy":"product_cat","embeddable":true,"href":"https:\/\/stonehouse.se\/en\/wp-json\/wp\/v2\/product_cat?post=64372"},{"taxonomy":"product_tag","embeddable":true,"href":"https:\/\/stonehouse.se\/en\/wp-json\/wp\/v2\/product_tag?post=64372"}],"curies":[{"name":"wp","href":"https:\/\/api.w.org\/{rel}","templated":true}]}}